{"id":6032,"date":"2026-04-08T07:42:26","date_gmt":"2026-04-08T07:42:26","guid":{"rendered":"https:\/\/supelamthao.vn\/?post_type=product&#038;p=6032"},"modified":"2026-04-08T07:42:26","modified_gmt":"2026-04-08T07:42:26","slug":"phan-bon-hck-lam-thao-2-4-22ste","status":"publish","type":"product","link":"https:\/\/supelamthao.vn\/?product=phan-bon-hck-lam-thao-2-4-22ste","title":{"rendered":"Ph\u00e2n b\u00f3n HCK L\u00e2m Thao 2-4-2+2S+TE"},"content":{"rendered":"<p data-start=\"656\" data-end=\"693\"><strong data-start=\"656\" data-end=\"680\">Ph\u01b0\u01a1ng th\u1ee9c s\u1eed d\u1ee5ng:<\/strong> B\u00f3n r\u1ec5 (b)<\/p>\n<p data-start=\"695\" data-end=\"761\"><strong data-start=\"695\" data-end=\"717\">H\u01b0\u1edbng d\u1eabn s\u1eed d\u1ee5ng:<\/strong><br data-start=\"717\" data-end=\"720\" \/>S\u1eed d\u1ee5ng b\u00f3n l\u00f3t cho c\u00e1c lo\u1ea1i c\u00e2y tr\u1ed3ng:<\/p>\n<ol data-start=\"762\" data-end=\"971\">\n<li data-section-id=\"1aaafgc\" data-start=\"762\" data-end=\"795\">L\u00faa: 29 kg\/s\u00e0o B\u1eafc b\u1ed9 360 m\u00b2<\/li>\n<li data-section-id=\"1k1s03a\" data-start=\"796\" data-end=\"833\">B\u1eafp c\u1ea3i: 54 kg\/s\u00e0o B\u1eafc b\u1ed9 360 m\u00b2<\/li>\n<li data-section-id=\"11qb2s\" data-start=\"834\" data-end=\"867\">Ng\u00f4: 29 kg\/s\u00e0o B\u1eafc b\u1ed9 360 m\u00b2<\/li>\n<li data-section-id=\"g2khf\" data-start=\"868\" data-end=\"902\">Cam: 108 kg\/s\u00e0o B\u1eafc b\u1ed9 360 m\u00b2<\/li>\n<li data-section-id=\"1cp8rzy\" data-start=\"903\" data-end=\"937\">Ch\u00e8: 108 kg\/s\u00e0o B\u1eafc b\u1ed9 360 m\u00b2<\/li>\n<li data-section-id=\"j1hpog\" data-start=\"938\" data-end=\"971\">Hoa: 54 kg\/s\u00e0o B\u1eafc b\u1ed9 360 m\u00b2<\/li>\n<\/ol>\n<p data-start=\"973\" data-end=\"1021\"><strong data-start=\"973\" data-end=\"989\">H\u1ea1n s\u1eed d\u1ee5ng:<\/strong> 36 th\u00e1ng k\u1ec3 t\u1eeb ng\u00e0y s\u1ea3n xu\u1ea5t.<\/p>\n","protected":false},"excerpt":{"rendered":"<p data-start=\"408\" data-end=\"434\"><strong data-start=\"408\" data-end=\"432\">Ch\u1ec9 ti\u00eau ch\u1ea5t l\u01b0\u1ee3ng:<\/strong><\/p>\n<ul data-start=\"435\" data-end=\"654\">\n<li data-section-id=\"1cmumjm\" data-start=\"435\" data-end=\"456\">Ch\u1ea5t h\u1eefu c\u01a1: 15%;<\/li>\n<li data-section-id=\"in2xuo\" data-start=\"457\" data-end=\"483\">\u0110\u1ea1m t\u1ed5ng s\u1ed1 (Nts): 2%;<\/li>\n<li data-section-id=\"67kwzk\" data-start=\"484\" data-end=\"514\">L\u00e2n h\u1eefu hi\u1ec7u (P\u2082O\u2085hh): 4%;<\/li>\n<li data-section-id=\"1ovdwlz\" data-start=\"515\" data-end=\"545\">Kali h\u1eefu hi\u1ec7u (K\u2082Ohh): 2%;<\/li>\n<li data-section-id=\"l063sd\" data-start=\"546\" data-end=\"568\">L\u01b0u hu\u1ef3nh (S): 2%;<\/li>\n<li data-section-id=\"iujld0\" data-start=\"569\" data-end=\"624\">TE:\n<ul data-start=\"579\" data-end=\"624\">\n<li data-section-id=\"1rvipnc\" data-start=\"579\" data-end=\"599\">Bo (B): 200 ppm;<\/li>\n<li data-section-id=\"tzr3lr\" data-start=\"602\" data-end=\"624\">S\u1eaft (Fe): 100 ppm;<\/li>\n<\/ul>\n<\/li>\n<li data-section-id=\"h3g2jq\" data-start=\"625\" data-end=\"640\">\u0110\u1ed9 \u1ea9m: 25%;<\/li>\n<li data-section-id=\"43fx9w\" data-start=\"641\" data-end=\"654\">pHH\u2082O: 5.<\/li>\n<\/ul>\n","protected":false},"featured_media":6033,"template":"","meta":[],"product_brand":[],"product_cat":[63],"product_tag":[],"class_list":{"0":"post-6032","1":"product","2":"type-product","3":"status-publish","4":"has-post-thumbnail","6":"product_cat-phan-bon-huu-co-khoang","8":"first","9":"instock","10":"shipping-taxable","11":"product-type-simple"},"_links":{"self":[{"href":"https:\/\/supelamthao.vn\/index.php?rest_route=\/wp\/v2\/product\/6032","targetHints":{"allow":["GET"]}}],"collection":[{"href":"https:\/\/supelamthao.vn\/index.php?rest_route=\/wp\/v2\/product"}],"about":[{"href":"https:\/\/supelamthao.vn\/index.php?rest_route=\/wp\/v2\/types\/product"}],"wp:featuredmedia":[{"embeddable":true,"href":"https:\/\/supelamthao.vn\/index.php?rest_route=\/wp\/v2\/media\/6033"}],"wp:attachment":[{"href":"https:\/\/supelamthao.vn\/index.php?rest_route=%2Fwp%2Fv2%2Fmedia&parent=6032"}],"wp:term":[{"taxonomy":"product_brand","embeddable":true,"href":"https:\/\/supelamthao.vn\/index.php?rest_route=%2Fwp%2Fv2%2Fproduct_brand&post=6032"},{"taxonomy":"product_cat","embeddable":true,"href":"https:\/\/supelamthao.vn\/index.php?rest_route=%2Fwp%2Fv2%2Fproduct_cat&post=6032"},{"taxonomy":"product_tag","embeddable":true,"href":"https:\/\/supelamthao.vn\/index.php?rest_route=%2Fwp%2Fv2%2Fproduct_tag&post=6032"}],"curies":[{"name":"wp","href":"https:\/\/api.w.org\/{rel}","templated":true}]}}