{"id":6028,"date":"2026-04-08T07:34:37","date_gmt":"2026-04-08T07:34:37","guid":{"rendered":"https:\/\/supelamthao.vn\/?post_type=product&#038;p=6028"},"modified":"2026-04-08T07:35:34","modified_gmt":"2026-04-08T07:35:34","slug":"phan-bon-hck-lam-thao-3-5-22ste-2","status":"publish","type":"product","link":"https:\/\/supelamthao.vn\/san-pham\/phan-bon-hck-lam-thao-3-5-22ste-2\/","title":{"rendered":"Ph\u00e2n b\u00f3n HCK L\u00e2m Thao 3-5-2+2S+TE"},"content":{"rendered":"<p data-start=\"2164\" data-end=\"2207\"><strong data-start=\"2164\" data-end=\"2188\">Ph\u01b0\u01a1ng th\u1ee9c s\u1eed d\u1ee5ng:<\/strong> B\u00f3n r\u1ec5 (b, h, v)<\/p>\n<p data-start=\"2209\" data-end=\"2274\"><strong data-start=\"2209\" data-end=\"2231\">H\u01b0\u1edbng d\u1eabn s\u1eed d\u1ee5ng:<\/strong><br data-start=\"2231\" data-end=\"2234\" \/>Chuy\u00ean d\u00f9ng b\u00f3n cho c\u00e2y hoa, c\u00e2y c\u1ea3nh.<\/p>\n<ol data-start=\"2276\" data-end=\"2645\">\n<li data-section-id=\"1yr8iwi\" data-start=\"2276\" data-end=\"2452\">\u0110\u1ed1i v\u1edbi c\u00e2y tr\u1ed3ng trong ch\u1eadu: b\u00f3n 150\u2013250 g\/m\u00b2 b\u1ec1 m\u1eb7t \u0111\u1ea5t trong ch\u1eadu b\u1eb1ng c\u00e1ch: r\u1ea1ch r\u00e3nh xung quanh th\u00e0nh ch\u1eadu 5\u20137 cm, t\u1ea1o r\u00e3nh r\u1ea3i \u0111\u1ec1u ph\u00e2n xu\u1ed1ng r\u1ed3i l\u1ea5p \u0111\u1ea5t l\u1ea1i t\u1ea1o \u1ea9m.<\/li>\n<li data-section-id=\"uapdfj\" data-start=\"2453\" data-end=\"2490\">C\u00e2y l\u00e2u n\u0103m 3\u20134 th\u00e1ng b\u00f3n 1 l\u1ea7n.<\/li>\n<li data-section-id=\"ys3roq\" data-start=\"2491\" data-end=\"2645\">\u0110\u1ed1i v\u1edbi c\u00e2y hoa tr\u1ed3ng \u0111\u1ea1i tr\u00e0 b\u00f3n 60\u201380 kg\/s\u00e0o B\u1eafc b\u1ed9. D\u00f9ng b\u00f3n l\u00f3t tr\u01b0\u1edbc khi gieo tr\u1ed3ng ho\u1eb7c sau khi \u0111\u1ed1n t\u1ec9a c\u00e0nh, b\u00f3n v\u00e0o r\u00e3nh s\u00e2u 3\u20135 cm c\u00e1ch g\u1ed1c.<\/li>\n<\/ol>\n<p data-start=\"2647\" data-end=\"2693\" data-is-last-node=\"\" data-is-only-node=\"\"><strong data-start=\"2647\" data-end=\"2663\">H\u1ea1n s\u1eed d\u1ee5ng:<\/strong> 36 th\u00e1ng k\u1ec3 t\u1eeb ng\u00e0y s\u1ea3n xu\u1ea5t.<\/p>\n","protected":false},"excerpt":{"rendered":"<p data-start=\"1930\" data-end=\"1956\"><strong data-start=\"1930\" data-end=\"1954\">Ch\u1ec9 ti\u00eau ch\u1ea5t l\u01b0\u1ee3ng:<\/strong><\/p>\n<ul data-start=\"1957\" data-end=\"2162\">\n<li data-section-id=\"1cmumjm\" data-start=\"1957\" data-end=\"1978\">Ch\u1ea5t h\u1eefu c\u01a1: 15%;<\/li>\n<li data-section-id=\"imdm3l\" data-start=\"1979\" data-end=\"2005\">\u0110\u1ea1m t\u1ed5ng s\u1ed1 (Nts): 3%;<\/li>\n<li data-section-id=\"69m3b5\" data-start=\"2006\" data-end=\"2036\">L\u00e2n h\u1eefu hi\u1ec7u (P\u2082O\u2085hh): 5%;<\/li>\n<li data-section-id=\"1ovdwlz\" data-start=\"2037\" data-end=\"2067\">Kali h\u1eefu hi\u1ec7u (K\u2082Ohh): 2%;<\/li>\n<li data-section-id=\"l063sd\" data-start=\"2068\" data-end=\"2090\">L\u01b0u hu\u1ef3nh (S): 2%;<\/li>\n<li data-section-id=\"iujld0\" data-start=\"2091\" data-end=\"2146\">TE:\n<ul data-start=\"2101\" data-end=\"2146\">\n<li data-section-id=\"1rvipnc\" data-start=\"2101\" data-end=\"2121\">Bo (B): 200 ppm;<\/li>\n<li data-section-id=\"tzr3lr\" data-start=\"2124\" data-end=\"2146\">S\u1eaft (Fe): 100 ppm;<\/li>\n<\/ul>\n<\/li>\n<li data-section-id=\"h3gf3n\" data-start=\"2147\" data-end=\"2162\">\u0110\u1ed9 \u1ea9m: 25%.<\/li>\n<\/ul>\n","protected":false},"featured_media":6029,"template":"","meta":[],"product_brand":[],"product_cat":[63],"product_tag":[],"class_list":{"0":"post-6028","1":"product","2":"type-product","3":"status-publish","4":"has-post-thumbnail","6":"product_cat-phan-bon-huu-co-khoang","8":"first","9":"instock","10":"shipping-taxable","11":"product-type-simple"},"_links":{"self":[{"href":"https:\/\/supelamthao.vn\/wp-json\/wp\/v2\/product\/6028","targetHints":{"allow":["GET"]}}],"collection":[{"href":"https:\/\/supelamthao.vn\/wp-json\/wp\/v2\/product"}],"about":[{"href":"https:\/\/supelamthao.vn\/wp-json\/wp\/v2\/types\/product"}],"wp:featuredmedia":[{"embeddable":true,"href":"https:\/\/supelamthao.vn\/wp-json\/wp\/v2\/media\/6029"}],"wp:attachment":[{"href":"https:\/\/supelamthao.vn\/wp-json\/wp\/v2\/media?parent=6028"}],"wp:term":[{"taxonomy":"product_brand","embeddable":true,"href":"https:\/\/supelamthao.vn\/wp-json\/wp\/v2\/product_brand?post=6028"},{"taxonomy":"product_cat","embeddable":true,"href":"https:\/\/supelamthao.vn\/wp-json\/wp\/v2\/product_cat?post=6028"},{"taxonomy":"product_tag","embeddable":true,"href":"https:\/\/supelamthao.vn\/wp-json\/wp\/v2\/product_tag?post=6028"}],"curies":[{"name":"wp","href":"https:\/\/api.w.org\/{rel}","templated":true}]}}