{"id":6021,"date":"2026-04-08T07:18:25","date_gmt":"2026-04-08T07:18:25","guid":{"rendered":"https:\/\/supelamthao.vn\/?post_type=product&#038;p=6021"},"modified":"2026-04-08T07:31:40","modified_gmt":"2026-04-08T07:31:40","slug":"phan-bon-hck-lam-thao-4-2-23ste-2","status":"publish","type":"product","link":"https:\/\/supelamthao.vn\/?product=phan-bon-hck-lam-thao-4-2-23ste-2","title":{"rendered":"Ph\u00e2n b\u00f3n HCK L\u00e2m Thao 4-2-2+3S+TE"},"content":{"rendered":"<p data-start=\"388\" data-end=\"423\"><strong data-start=\"388\" data-end=\"412\">Ph\u01b0\u01a1ng th\u1ee9c s\u1eed d\u1ee5ng:<\/strong> B\u00f3n r\u1ec5 (b)<\/p>\n<p data-start=\"425\" data-end=\"492\"><strong data-start=\"425\" data-end=\"447\">H\u01b0\u1edbng d\u1eabn s\u1eed d\u1ee5ng:<\/strong><br data-start=\"447\" data-end=\"450\" \/>S\u1eed d\u1ee5ng b\u00f3n th\u00fac cho c\u00e1c lo\u1ea1i c\u00e2y tr\u1ed3ng:<\/p>\n<ol data-start=\"493\" data-end=\"905\">\n<li data-section-id=\"1rpaqhq\" data-start=\"493\" data-end=\"604\"><strong data-start=\"496\" data-end=\"504\">L\u00faa:<\/strong>\n<ul data-start=\"510\" data-end=\"604\">\n<li data-section-id=\"fux33h\" data-start=\"510\" data-end=\"555\">Th\u00fac \u0111\u1ebb nh\u00e1nh: 14\u201316 kg\/s\u00e0o B\u1eafc b\u1ed9 360 m\u00b2<\/li>\n<li data-section-id=\"5nwhgk\" data-start=\"559\" data-end=\"604\">Th\u00fac \u0111\u00f3n \u0111\u00f2ng: 12\u201314 kg\/s\u00e0o B\u1eafc b\u1ed9 360 m\u00b2<\/li>\n<\/ul>\n<\/li>\n<li data-section-id=\"10qjcza\" data-start=\"606\" data-end=\"647\"><strong data-start=\"609\" data-end=\"621\">B\u1eafp c\u1ea3i:<\/strong> 54 kg\/s\u00e0o B\u1eafc b\u1ed9 360 m\u00b2<\/li>\n<li data-section-id=\"1n3cmzm\" data-start=\"649\" data-end=\"786\"><strong data-start=\"652\" data-end=\"660\">Ng\u00f4:<\/strong>\n<ul data-start=\"666\" data-end=\"786\">\n<li data-section-id=\"dvawql\" data-start=\"666\" data-end=\"725\">Th\u00fac l\u1ea7n 1 (khi c\u00e2y 5\u20137 l\u00e1): 14\u201316 kg\/s\u00e0o B\u1eafc b\u1ed9 360 m\u00b2<\/li>\n<li data-section-id=\"1puvp7k\" data-start=\"729\" data-end=\"786\">Th\u00fac l\u1ea7n 2 (khi xo\u00e1y n\u00f5n): 14\u201316 kg\/s\u00e0o B\u1eafc b\u1ed9 360 m\u00b2<\/li>\n<\/ul>\n<\/li>\n<li data-section-id=\"1n7kt2r\" data-start=\"788\" data-end=\"826\"><strong data-start=\"791\" data-end=\"799\">Cam:<\/strong> 108 kg\/s\u00e0o B\u1eafc b\u1ed9 360 m\u00b2<\/li>\n<li data-section-id=\"1coetha\" data-start=\"828\" data-end=\"866\"><strong data-start=\"831\" data-end=\"839\">Ch\u00e8:<\/strong> 108 kg\/s\u00e0o B\u1eafc b\u1ed9 360 m\u00b2<\/li>\n<li data-section-id=\"mirfpc\" data-start=\"868\" data-end=\"905\"><strong data-start=\"871\" data-end=\"879\">Hoa:<\/strong> 54 kg\/s\u00e0o B\u1eafc b\u1ed9 360 m\u00b2<\/li>\n<\/ol>\n<p data-start=\"907\" data-end=\"953\"><strong data-start=\"907\" data-end=\"923\">H\u1ea1n s\u1eed d\u1ee5ng:<\/strong> 36 th\u00e1ng k\u1ec3 t\u1eeb ng\u00e0y s\u1ea3n xu\u1ea5t.<\/p>\n","protected":false},"excerpt":{"rendered":"<p data-start=\"142\" data-end=\"168\"><strong data-start=\"142\" data-end=\"166\">Ch\u1ec9 ti\u00eau ch\u1ea5t l\u01b0\u1ee3ng:<\/strong><\/p>\n<ul data-start=\"169\" data-end=\"386\">\n<li data-section-id=\"1cmumjm\" data-start=\"169\" data-end=\"190\">Ch\u1ea5t h\u1eefu c\u01a1: 15%;<\/li>\n<li data-section-id=\"ij0oo6\" data-start=\"191\" data-end=\"217\">\u0110\u1ea1m t\u1ed5ng s\u1ed1 (Nts): 4%;<\/li>\n<li data-section-id=\"63int2\" data-start=\"218\" data-end=\"248\">L\u00e2n h\u1eefu hi\u1ec7u (P\u2082O\u2085hh): 2%;<\/li>\n<li data-section-id=\"1ovdwlz\" data-start=\"249\" data-end=\"279\">Kali h\u1eefu hi\u1ec7u (K\u2082Ohh): 2%;<\/li>\n<li data-section-id=\"l0vfjg\" data-start=\"280\" data-end=\"302\">L\u01b0u hu\u1ef3nh (S): 3%;<\/li>\n<li data-section-id=\"iujld0\" data-start=\"303\" data-end=\"358\">TE:\n<ul data-start=\"313\" data-end=\"358\">\n<li data-section-id=\"1rvipnc\" data-start=\"313\" data-end=\"333\">Bo (B): 200 ppm;<\/li>\n<li data-section-id=\"tzr3lr\" data-start=\"336\" data-end=\"358\">S\u1eaft (Fe): 100 ppm;<\/li>\n<\/ul>\n<\/li>\n<li data-section-id=\"h3g2jq\" data-start=\"359\" data-end=\"374\">\u0110\u1ed9 \u1ea9m: 25%;<\/li>\n<li data-section-id=\"15hjn04\" data-start=\"375\" data-end=\"386\">pHH\u2082O: 5.<\/li>\n<\/ul>\n","protected":false},"featured_media":6027,"template":"","meta":[],"product_brand":[],"product_cat":[63],"product_tag":[],"class_list":{"0":"post-6021","1":"product","2":"type-product","3":"status-publish","4":"has-post-thumbnail","6":"product_cat-phan-bon-huu-co-khoang","8":"first","9":"instock","10":"shipping-taxable","11":"product-type-simple"},"_links":{"self":[{"href":"https:\/\/supelamthao.vn\/index.php?rest_route=\/wp\/v2\/product\/6021","targetHints":{"allow":["GET"]}}],"collection":[{"href":"https:\/\/supelamthao.vn\/index.php?rest_route=\/wp\/v2\/product"}],"about":[{"href":"https:\/\/supelamthao.vn\/index.php?rest_route=\/wp\/v2\/types\/product"}],"wp:featuredmedia":[{"embeddable":true,"href":"https:\/\/supelamthao.vn\/index.php?rest_route=\/wp\/v2\/media\/6027"}],"wp:attachment":[{"href":"https:\/\/supelamthao.vn\/index.php?rest_route=%2Fwp%2Fv2%2Fmedia&parent=6021"}],"wp:term":[{"taxonomy":"product_brand","embeddable":true,"href":"https:\/\/supelamthao.vn\/index.php?rest_route=%2Fwp%2Fv2%2Fproduct_brand&post=6021"},{"taxonomy":"product_cat","embeddable":true,"href":"https:\/\/supelamthao.vn\/index.php?rest_route=%2Fwp%2Fv2%2Fproduct_cat&post=6021"},{"taxonomy":"product_tag","embeddable":true,"href":"https:\/\/supelamthao.vn\/index.php?rest_route=%2Fwp%2Fv2%2Fproduct_tag&post=6021"}],"curies":[{"name":"wp","href":"https:\/\/api.w.org\/{rel}","templated":true}]}}