{"id":401,"date":"2025-10-08T01:57:58","date_gmt":"2025-10-08T01:57:58","guid":{"rendered":"https:\/\/embedai.cloud\/?post_type=product&#038;p=401"},"modified":"2025-12-30T02:11:32","modified_gmt":"2025-12-30T02:11:32","slug":"phan-bon-npk-s-lam-thao-8-8-47s","status":"publish","type":"product","link":"https:\/\/supelamthao.vn\/?product=phan-bon-npk-s-lam-thao-8-8-47s","title":{"rendered":"Ph\u00e2n b\u00f3n NPK-S L\u00e2m Thao 8-8-4+7S"},"content":{"rendered":"<div><\/div>\n<div>\n<hr \/>\n<\/div>\n<div>\n<table style=\"height: 197px;\" border=\"1\" width=\"915\" cellspacing=\"0\" cellpadding=\"4\">\n<tbody>\n<tr>\n<td style=\"text-align: center;\">Th\u00e0nh ph\u1ea7n, h\u00e0m l\u01b0\u1ee3ng dinh d\u01b0\u1ee1ng<\/td>\n<td style=\"text-align: center;\">\u0110\u01a1n v\u1ecb<\/td>\n<td style=\"text-align: center;\">\u0110\u1eb7c tr\u01b0ng<\/td>\n<\/tr>\n<tr>\n<td>\u0110\u1ea1m t\u1ed5ng s\u1ed1 (N<sub>ts<\/sub>)<\/td>\n<td>%<\/td>\n<td>8%<\/td>\n<\/tr>\n<tr>\n<td>L\u00e2n h\u1eefu hi\u1ec7u (P<sub>2<\/sub>O<sub>5hh<\/sub>)<\/td>\n<td>%<\/td>\n<td>8%<\/td>\n<\/tr>\n<tr>\n<td>Kali h\u1eefu hi\u1ec7u (K<sub>2<\/sub>O<sub>hh<\/sub>)<\/td>\n<td>%<\/td>\n<td>4%<\/td>\n<\/tr>\n<tr>\n<td>L\u01b0u hu\u1ef3nh (S)<\/td>\n<td>%<\/td>\n<td>7%<\/td>\n<\/tr>\n<tr>\n<td>\u0110\u1ed9 \u1ea9m<\/td>\n<td>%<\/td>\n<td>5%<\/td>\n<\/tr>\n<\/tbody>\n<\/table>\n<\/div>\n","protected":false},"excerpt":{"rendered":"<div>\n<h4>S\u1eed d\u1ee5ng b\u00f3n l\u00f3t cho c\u00e1c lo\u1ea1i c\u00e2y tr\u1ed3ng.<\/h4>\n<ul>\n<li>B\u00f3n cho l\u00faa: 16-18 kg\/s\u00e0o B\u1eafc b\u1ed9 360 m<sup>2<\/sup><\/li>\n<li>B\u00f3n cho rau: 12-15 kg\/s\u00e0o B\u1eafc b\u1ed9 360 m<sup>2<\/sup><\/li>\n<li>B\u00f3n cho s\u1eafn: 18-20 kg\/s\u00e0o B\u1eafc b\u1ed9 360 m<sup>2<\/sup><\/li>\n<li>B\u00f3n cho ng\u00f4: 18-20 kg\/s\u00e0o B\u1eafc b\u1ed9 360 m<sup>2<\/sup><\/li>\n<\/ul>\n<\/div>\n<h4>Bao b\u00ec<\/h4>\n<ul>\n<li>\u0110\u00f3ng g\u00f3i 50 kg v\u00e0 25 kg.<\/li>\n<li>Bao b\u00ec PP l\u00f3t PE;<\/li>\n<\/ul>\n<h4>S\u1ea3n ph\u1ea9m<\/h4>\n<ul>\n<li><img decoding=\"async\" src=\"https:\/\/supelamthao.vn\/userfiles\/images\/C%C3%A2y%20tr%E1%BB%93ng\/Bieu%20do\/logo-mui%20ten.png\" alt=\"\" \/>\u00a0M\u00e3 s\u1ea3n ph\u1ea9m: 03407<\/li>\n<li><img decoding=\"async\" src=\"https:\/\/supelamthao.vn\/userfiles\/images\/C%C3%A2y%20tr%E1%BB%93ng\/Bieu%20do\/logo-mui%20ten.png\" alt=\"\" \/>\u00a0Ph\u01b0\u01a1ng th\u1ee9c s\u1eed d\u1ee5ng: B\u00f3n r\u1ec5 (h)<\/li>\n<li><img decoding=\"async\" src=\"https:\/\/supelamthao.vn\/userfiles\/images\/C%C3%A2y%20tr%E1%BB%93ng\/Bieu%20do\/logo-mui%20ten.png\" alt=\"\" \/> Th\u1eddi h\u1ea1n s\u1eed d\u1ee5ng: 36 th\u00e1ng k\u1ec3 t\u1eeb ng\u00e0y s\u1ea3n xu\u1ea5t<\/li>\n<\/ul>\n","protected":false},"featured_media":5801,"template":"","meta":[],"product_brand":[],"product_cat":[61],"product_tag":[],"class_list":{"0":"post-401","1":"product","2":"type-product","3":"status-publish","4":"has-post-thumbnail","6":"product_cat-phan-npk-bo-sung-trung-luong","8":"first","9":"instock","10":"shipping-taxable","11":"product-type-simple"},"_links":{"self":[{"href":"https:\/\/supelamthao.vn\/index.php?rest_route=\/wp\/v2\/product\/401","targetHints":{"allow":["GET"]}}],"collection":[{"href":"https:\/\/supelamthao.vn\/index.php?rest_route=\/wp\/v2\/product"}],"about":[{"href":"https:\/\/supelamthao.vn\/index.php?rest_route=\/wp\/v2\/types\/product"}],"wp:featuredmedia":[{"embeddable":true,"href":"https:\/\/supelamthao.vn\/index.php?rest_route=\/wp\/v2\/media\/5801"}],"wp:attachment":[{"href":"https:\/\/supelamthao.vn\/index.php?rest_route=%2Fwp%2Fv2%2Fmedia&parent=401"}],"wp:term":[{"taxonomy":"product_brand","embeddable":true,"href":"https:\/\/supelamthao.vn\/index.php?rest_route=%2Fwp%2Fv2%2Fproduct_brand&post=401"},{"taxonomy":"product_cat","embeddable":true,"href":"https:\/\/supelamthao.vn\/index.php?rest_route=%2Fwp%2Fv2%2Fproduct_cat&post=401"},{"taxonomy":"product_tag","embeddable":true,"href":"https:\/\/supelamthao.vn\/index.php?rest_route=%2Fwp%2Fv2%2Fproduct_tag&post=401"}],"curies":[{"name":"wp","href":"https:\/\/api.w.org\/{rel}","templated":true}]}}