{"id":164,"date":"2025-09-24T03:38:13","date_gmt":"2025-09-24T03:38:13","guid":{"rendered":"http:\/\/localhost\/supelamthao\/?post_type=product&#038;p=164"},"modified":"2025-12-29T03:45:49","modified_gmt":"2025-12-29T03:45:49","slug":"supe-lan-lam-thao","status":"publish","type":"product","link":"https:\/\/supelamthao.vn\/?product=supe-lan-lam-thao","title":{"rendered":"Supe L\u00e2n L\u00e2m Thao"},"content":{"rendered":"<div id=\"{23DE6E31-AFB1-4E05-A208-4B0BBC13A5A7}\">\n<p>S\u1ea3n ph\u1ea9m Supe L\u00e2n L\u00e2m Thao d\u1ec5 ti\u00eau, d\u1ec5 tan trong \u0111\u1ea5t, ph\u00f9 h\u1ee3p b\u00f3n l\u00f3t cho c\u00e1c lo\u1ea1i c\u00e2y tr\u1ed3ng.<\/p>\n<\/div>\n<div>Ph\u00e2n b\u00f3n v\u00e0 ph\u01b0\u01a1ng ph\u00e1p b\u00f3n ph\u00e2n hi\u1ec7u qu\u1ea3 \u0111\u00e3 tr\u1edf th\u00e0nh c\u00e2u tr\u1ea3 l\u1eddi ch\u00ednh cho nhu c\u1ea7u ng\u00e0y c\u00e0ng t\u0103ng \u0111\u1ed1i v\u1edbi c\u00e1c s\u1ea3n ph\u1ea9m n\u00f4ng nghi\u1ec7p.\u00a0N\u1ec1n n\u00f4ng nghi\u1ec7p hi\u1ec7n \u0111\u1ea1i ph\u1ea3i cung c\u1ea5p cho c\u00e2y tr\u1ed3ng v\u1edbi t\u1ef7 l\u1ec7 ch\u1ea5t dinh d\u01b0\u1ee1ng t\u1ed1i \u01b0u trong su\u1ed1t chu k\u1ef3 sinh tr\u01b0\u1edfng theo c\u00e1ch hi\u1ec7u qu\u1ea3 nh\u1ea5t c\u00f3 th\u1ec3, v\u00e0 kh\u00f4ng l\u00e0m suy tho\u00e1i \u0111\u1ea5t v\u00e0 t\u00e0i nguy\u00ean n\u01b0\u1edbc.\u00a0Supe l\u00e2n L\u00e2m Thao d\u1ec5 ti\u00eau, d\u1ec5 tan trong \u0111\u1ea5t, c\u00e2y tr\u1ed3ng h\u1ea5p th\u1ee5 qua ph\u01b0\u01a1ng ph\u00e1p b\u00f3n r\u1ec5 cho ph\u00e9p s\u1eed d\u1ee5ng hi\u1ec7u qu\u1ea3 cao c\u00e1c ch\u1ea5t dinh d\u01b0\u1ee1ng.<\/div>\n<div><\/div>\n<div>\n<p><img decoding=\"async\" src=\"https:\/\/supelamthao.vn\/userfiles\/images\/icon\/anh-gop%2026-05.png\" alt=\"\" \/><\/p>\n<p>&nbsp;<\/p>\n<\/div>\n<div><strong>T\u1ea5t c\u1ea3 c\u00e1c lo\u1ea1i ph\u00e2n b\u00f3n\u00a0c\u1ee7a Supe l\u00e2n L\u00e2m Thao\u00a0l\u00e0:<\/strong><\/div>\n<div>\n<ul>\n<li>Th\u00e0nh ph\u1ea7n l\u00e2n (P<sub>2<\/sub>O<sub>5<\/sub>\u00a0h\u1eefu hi\u1ec7u) c\u1ee7a s\u1ea3n ph\u1ea9m \u1edf d\u1ea1ng mono canxi photphat Ca(H<sub>2<\/sub>PO<sub>4<\/sub>)<sub>2<\/sub>.H<sub>2<\/sub>O d\u1ec5 tan trong n\u01b0\u1edbc c\u00e2y tr\u1ed3ng d\u1ec5 d\u00e0ng h\u1ea5p th\u1ee5.<\/li>\n<li>Trong Supe l\u00e2n L\u00e2m Thao c\u00f2n c\u00f3 nhi\u1ec1u th\u00e0nh ph\u1ea7n c\u00e1c nguy\u00ean t\u1ed1 trung l\u01b0\u1ee3ng, vi l\u01b0\u1ee3ng kh\u00e1c nh\u01b0 Ca, Mg, S, Si, Zn, Mn\u2026 gi\u00fap cho c\u00e2y tr\u1ed3ng d\u1ec5 d\u00e0ng h\u1ea5p th\u1ee5 dinh d\u01b0\u1ee1ng \u0111\u1ec3 nu\u00f4i c\u00e2y, t\u0103ng c\u01b0\u1eddng ch\u1ecbu h\u1ea1n, ch\u1ecbu r\u00e9t, k\u00edch th\u00edch s\u1ef1 ra hoa, k\u1ebft tr\u00e1i, ch\u1eafc c\u1ee7, s\u00e1ng h\u1ea1t.<\/li>\n<\/ul>\n<\/div>\n<div class=\"product-specification\">\n<table border=\"1\" cellspacing=\"0\">\n<tbody>\n<tr>\n<td><strong>\u00d0\u1eb7c bi\u1ec7t, trong Supe L\u00e2n vi sinh L\u00e2m Thao ngo\u00e0i c\u00e1c th\u00e0nh ph\u1ea7n n\u00eau tr\u00ean, c\u00f2n c\u00f3 b\u1ed5 sung vi sinh v\u1eadt. c\u00f3 \u00edch cho c\u00e2y tr\u1ed3ng<\/strong>.<\/p>\n<p>C\u00e1c vi sinh v\u1eadt n\u00e0y gi\u00fap b\u1ea3o v\u1ec7 v\u00e0 k\u00edch th\u00edch b\u1ed9 r\u1ec5 ph\u00e1t tri\u1ec3n; gi\u00fap ph\u00e2n gi\u1ea3i c\u00e1c ch\u1ea5t dinh d\u01b0\u1ee1ng trong ph\u00e2n b\u00f3n \u0111\u1ec3 tr\u1edf th\u00e0nh d\u1ea1ng dinh d\u01b0\u1ee1ng c\u00e2y tr\u1ed3ng d\u1ec5 h\u1ea5p th\u1ee5 v\u00e0 h\u1ea5p thu tri\u1ec7t \u0111\u1ec3 h\u01a1n, n\u00e2ng cao hi\u1ec7u qu\u1ea3 s\u1eed d\u1ee5ng dinh d\u01b0\u1ee1ng cho c\u00e2y tr\u1ed3ng.<\/td>\n<\/tr>\n<\/tbody>\n<\/table>\n<p>&nbsp;<\/p>\n<p>C\u00e1c vi sinh v\u1eadt gi\u00fap \u00edch g\u00ec cho c\u00e2y tr\u1ed3ng c\u1ee7a b\u1ea1n<\/p>\n<p>C\u00e1c vi sinh v\u1eadt trong Supe L\u00e2n vi sinh L\u00e2m Thao ph\u00e2n gi\u1ea3i c\u00e1c Xenlul\u00f4, gi\u00fap ph\u00e1t tri\u1ec3n h\u1ec7 vi sinh v\u1eadt c\u00f3 \u00edch trong \u0111\u1ea5t, c\u1ea3i t\u1ea1o \u0111\u1ea5t tr\u1ed3ng.<\/p>\n<p>L\u00e0m th\u1ebf n\u00e0o \u0111\u1ec3 ch\u1ecdn \u0111\u00fang s\u1ea3n ph\u1ea9m Supe l\u00e2n\u00a0L\u00e2m Thao\u00a0cho c\u00e2y tr\u1ed3ng c\u1ee7a b\u1ea1n?<\/p>\n<\/div>\n<div class=\"item-rich-contents\">\n<div id=\"{88FA5F41-F67E-4477-AF21-88EB684F2219}\" class=\"item-contents item-contents-alternate\">\n<div class=\"pio-dyntbl\">\n<table class=\"Table\" cellspacing=\"0\" cellpadding=\"5\">\n<tbody>\n<tr>\n<td rowspan=\"2\"><img decoding=\"async\" src=\"https:\/\/supelamthao.vn\/userfiles\/images\/San%20pham\/Supe%20l%C3%A2n\/1a_%20PH%C3%82N%20B%C3%93N%20SUPE%20L%C3%82N%20L%C3%82M%20THAO-01.png\" alt=\"\" \/><\/td>\n<td>L\u00e2n h\u1eefu hi\u1ec7u<\/p>\n<p><strong>P<sub>2<\/sub>O<sub>5<\/sub>hh<\/strong><\/td>\n<td>Axit t\u1ef1 do<\/p>\n<p>(% kh\u1ed1i l\u01b0\u1ee3ng quy v\u1ec1 P<sub>2<\/sub>O<sub>5<\/sub>td)<\/td>\n<td>Cadimi (Cd)<\/td>\n<td>L\u01b0u hu\u1ef3nh (S)<\/td>\n<td>\u0110\u1ed9 \u1ea9m (H<sub>2<\/sub>O)<\/td>\n<\/tr>\n<tr>\n<td>16%<\/td>\n<td>4%<\/td>\n<td>\u00a012 mg\/kg<\/td>\n<td>\u00a010%<\/td>\n<td>12<\/td>\n<\/tr>\n<\/tbody>\n<\/table>\n<p><strong>V\u00e0 m\u1ed9t s\u1ed1 ch\u1ea5t dinh d\u01b0\u1ee1ng vi l\u01b0\u1ee3ng: Ca, Mg, Si, Zn, Mn,\u2026<\/strong><\/p>\n<table class=\"Table\" cellspacing=\"0\" cellpadding=\"5\">\n<tbody>\n<tr>\n<td rowspan=\"2\"><img decoding=\"async\" src=\"https:\/\/supelamthao.vn\/userfiles\/images\/San%20pham\/Supe%20l%C3%A2n\/2a_%20PH%C3%82N%20B%C3%93N%20SUPE%20L%C3%82N%20L%C3%82M%20THAO%20D%E1%BA%A0NG%20H%E1%BA%A0T-01.png\" alt=\"\" \/><\/td>\n<td>L\u00e2n h\u1eefu hi\u1ec7u<\/p>\n<p><strong>P<sub>2<\/sub>O<sub>5<\/sub>hh<\/strong><\/td>\n<td>Axit t\u1ef1 do<\/p>\n<p>(% kh\u1ed1i l\u01b0\u1ee3ng quy v\u1ec1 P<sub>2<\/sub>O<sub>5<\/sub>td)<\/td>\n<td>Cadimi (Cd)<\/td>\n<td>L\u01b0u hu\u1ef3nh (S)<\/td>\n<td>\u0110\u1ed9 \u1ea9m (H<sub>2<\/sub>O)<\/td>\n<\/tr>\n<tr>\n<td>17%<\/td>\n<td>4%<\/td>\n<td>\u00a012 mg\/kg<\/td>\n<td>\u00a010%<\/td>\n<td>12<\/td>\n<\/tr>\n<\/tbody>\n<\/table>\n<p><strong>V\u00e0 m\u1ed9t s\u1ed1 ch\u1ea5t dinh d\u01b0\u1ee1ng vi l\u01b0\u1ee3ng: Ca, Mg, Si, Zn, Mn,\u2026\u00a0<\/strong><\/p>\n<\/div>\n<\/div>\n<\/div>\n<div class=\"layout-separator-std\"><\/div>\n<div class=\"item-rich-contents\">\n<div id=\"{096F6C52-2FF5-443C-A1D5-212653E90078}\" class=\"item-contents\">\n<table border=\"1\" cellspacing=\"1\" cellpadding=\"5\">\n<tbody>\n<tr>\n<td rowspan=\"2\"><img decoding=\"async\" src=\"https:\/\/supelamthao.vn\/userfiles\/images\/San%20pham\/Supe%20l%C3%A2n\/4a_%20SUPE%20L%C3%82N%20VI%20SINH%20L%C3%82M%20THAO%20D%E1%BA%A0NG%20B%E1%BB%98T.png\" alt=\"\" \/><\/td>\n<td>L\u00e2n h\u1eefu hi\u1ec7u<\/p>\n<p><strong>P<sub>2<\/sub>O<sub>5<\/sub>hh<\/strong><\/td>\n<td>L\u00e2n tan trong n\u01b0\u1edbc<\/p>\n<p>P<sub>2<\/sub>O<sub>5<\/sub>ht<\/td>\n<td>L\u01b0u hu\u1ef3nh (S)<\/td>\n<td>&nbsp;<\/p>\n<p>Axit t\u1ef1 do<\/p>\n<p>(% kh\u1ed1i l\u01b0\u1ee3ng quy v\u1ec1 P<sub>2<\/sub>O<sub>5<\/sub>td)<\/p>\n<p>&nbsp;<\/td>\n<td>Basillus spp<\/td>\n<td>Cadimi (Cd)<\/td>\n<td>L\u01b0u hu\u1ef3nh (S)<\/td>\n<td>\u0110\u1ed9 \u1ea9m (H<sub>2<\/sub>O)<\/td>\n<\/tr>\n<tr>\n<td>16%<\/td>\n<td>10%<\/td>\n<td>10%<\/td>\n<td>4%<\/td>\n<td>4,8*105 CFU\/g<\/td>\n<td>12 mg\/kg<\/td>\n<td>\u00a010%<\/td>\n<td>12<\/td>\n<\/tr>\n<\/tbody>\n<\/table>\n<p><strong>V\u00e0 m\u1ed9t s\u1ed1 ch\u1ea5t dinh d\u01b0\u1ee1ng vi l\u01b0\u1ee3ng: Ca, Mg, Si, Zn, Mn,\u2026<\/strong><\/p>\n<p>\u00d0\u01b0\u1ee3c s\u1ea3n xu\u1ea5t t\u1eeb c\u00e1c ngu\u1ed3n nguy\u00ean li\u1ec7u s\u1ea1ch. Quy tr\u00ecnh s\u1ea3n xu\u1ea5t \u0111\u01b0\u1ee3c ki\u1ec3m so\u00e1t nghi\u00eam ng\u1eb7t b\u1edfi h\u1ec7 th\u1ed1ng qu\u1ea3n l\u00fd ch\u1ea5t l\u01b0\u1ee3ng\u00a0theo Ti\u00eau chu\u1ea9n ISO 9001:2015, h\u1ec7 th\u1ed1ng qu\u1ea3n l\u00fd m\u00f4i tr\u01b0\u1eddng\u00a0theo Ti\u00eau chu\u1ea9n ISO 14001:2015 (\u0111\u01b0\u1ee3c ch\u1ee9ng nh\u1eadn b\u1edfi T\u1eadp\u00a0\u0111o\u00e0n\u00a0TUV NORD \u00d0\u1ee9c) v\u00e0 Ph\u00f2ng th\u00ed nghi\u1ec7m h\u1ee3p chu\u1ea9n VILAS s\u1ed1 hi\u1ec7u 134 \u2013\u00a0\u0111\u01b0\u1ee3c\u00a0c\u1ea5p ch\u1ee9ng ch\u1ec9 ph\u00f9 h\u1ee3p ti\u00eau chu\u1ea9n ISO\/IEC 17025:2017, Ph\u00e2n b\u00f3n Supe l\u00e2n L\u00e2m Thao th\u1ef1c s\u1ef1 l\u00e0 m\u1ed9t s\u1ea3n ph\u1ea9m s\u1ea1ch, th\u00e2n thi\u1ec7n v\u1edbi m\u00f4i tr\u01b0\u1eddng, \u0111\u01b0\u1ee3c b\u00e0 con tin d\u00f9ng trong su\u1ed1t nhi\u1ec1u th\u1eadp k\u1ef7 qua.<\/p>\n<\/div>\n<\/div>\n","protected":false},"excerpt":{"rendered":"<p>S\u1ea3n ph\u1ea9m Supe L\u00e2n L\u00e2m Thao d\u1ec5 ti\u00eau, d\u1ec5 tan trong \u0111\u1ea5t, ph\u00f9 h\u1ee3p b\u00f3n l\u00f3t cho c\u00e1c lo\u1ea1i c\u00e2y tr\u1ed3ng.<\/p>\n","protected":false},"featured_media":165,"template":"","meta":[],"product_brand":[],"product_cat":[60],"product_tag":[],"class_list":{"0":"post-164","1":"product","2":"type-product","3":"status-publish","4":"has-post-thumbnail","6":"product_cat-phan-superphosphat-don","8":"first","9":"instock","10":"shipping-taxable","11":"product-type-simple"},"_links":{"self":[{"href":"https:\/\/supelamthao.vn\/index.php?rest_route=\/wp\/v2\/product\/164","targetHints":{"allow":["GET"]}}],"collection":[{"href":"https:\/\/supelamthao.vn\/index.php?rest_route=\/wp\/v2\/product"}],"about":[{"href":"https:\/\/supelamthao.vn\/index.php?rest_route=\/wp\/v2\/types\/product"}],"wp:featuredmedia":[{"embeddable":true,"href":"https:\/\/supelamthao.vn\/index.php?rest_route=\/wp\/v2\/media\/165"}],"wp:attachment":[{"href":"https:\/\/supelamthao.vn\/index.php?rest_route=%2Fwp%2Fv2%2Fmedia&parent=164"}],"wp:term":[{"taxonomy":"product_brand","embeddable":true,"href":"https:\/\/supelamthao.vn\/index.php?rest_route=%2Fwp%2Fv2%2Fproduct_brand&post=164"},{"taxonomy":"product_cat","embeddable":true,"href":"https:\/\/supelamthao.vn\/index.php?rest_route=%2Fwp%2Fv2%2Fproduct_cat&post=164"},{"taxonomy":"product_tag","embeddable":true,"href":"https:\/\/supelamthao.vn\/index.php?rest_route=%2Fwp%2Fv2%2Fproduct_tag&post=164"}],"curies":[{"name":"wp","href":"https:\/\/api.w.org\/{rel}","templated":true}]}}