{"id":162,"date":"2025-09-24T03:33:36","date_gmt":"2025-09-24T03:33:36","guid":{"rendered":"http:\/\/localhost\/supelamthao\/?post_type=product&#038;p=162"},"modified":"2026-01-11T05:26:20","modified_gmt":"2026-01-11T05:26:20","slug":"phan-bon-npk-s","status":"publish","type":"product","link":"https:\/\/supelamthao.vn\/?product=phan-bon-npk-s","title":{"rendered":"Ph\u00e2n b\u00f3n NPK-S"},"content":{"rendered":"<h2>S\u1ea3n ph\u1ea9m NPK-S L\u00e2m Thao \u0111\u01b0\u1ee3c Supe L\u00e2m Thao s\u1ea3n xu\u1ea5t v\u00e0 qu\u1ea3n l\u00fd theo h\u1ec7 th\u1ed1ng qu\u1ea3n l\u00fd ch\u1ea5t l\u01b0\u1ee3ng ISO 9001:2015 v\u00e0 14001:2015<\/h2>\n<div>\n<p>Ch\u00fang t\u00f4i ph\u1ed1i h\u1ee3p v\u1edbi c\u00e1c nh\u00e0 khoa h\u1ecdc \u1edf Vi\u1ec7n Th\u1ed5 nh\u01b0\u1ee1ng N\u00f4ng h\u00f3a, tr\u1ef1c thu\u1ed9c Vi\u1ec7n Khoa h\u1ecdc N\u00f4ng nghi\u1ec7p Vi\u1ec7t Nam &#8211; B\u1ed9 N\u00f4ng nghi\u1ec7p v\u00e0 Ph\u00e1t tri\u1ec3n N\u00f4ng th\u00f4n; H\u1ecdc vi\u1ec7n N\u00f4ng Nghi\u1ec7p I H\u00e0 N\u1ed9i nghi\u00ean c\u1ee9u v\u00e0 \u0111\u01b0a v\u00e0o s\u1ea3n xu\u1ea5t tr\u00ean ba m\u01b0\u01a1i ch\u1ee7ng lo\u1ea1i ph\u00e2n h\u1ed7n h\u1ee3p NPK-S d\u00f9ng trong b\u00f3n l\u00f3t v\u00e0 b\u00f3n th\u00fac cho c\u00e1c lo\u1ea1i c\u00e2y tr\u1ed3ng.<\/p>\n<p>V\u1edbi \u0111\u1eb7c t\u00ednh c\u00e1c lo\u1ea1i ph\u00e2n \u0111\u01a1n tan nhanh trong n\u01b0\u1edbc khi b\u00f3n, Vi\u1ec7t Nam ch\u00fang ta l\u1ea1i n\u1eb1m trong \u0111i\u1ec1u ki\u1ec7n kh\u00ed h\u1eadu nhi\u1ec7t \u0111\u1edbi gi\u00f3 m\u00f9a, n\u1eafng nhi\u1ec1u, m\u01b0a l\u1edbn, d\u1ec5 l\u00e0m th\u1ea5t tho\u00e1t dinh d\u01b0\u1ee1ng cho c\u00e2y.<\/p>\n<p>\u0110\u1ec3 h\u1ea1n ch\u1ebf nh\u1eefng nh\u01b0\u1ee3c \u0111i\u1ec3m c\u1ee7a b\u00f3n ph\u00e2n \u0111\u01a1n, ch\u00fang t\u00f4i k\u1ebft h\u1ee3p v\u1edbi Vi\u1ec7n Khoa h\u1ecdc n\u00f4ng nghi\u1ec7p Vi\u1ec7t Nam, v\u00e0 c\u00e1c c\u01a1 quan nghi\u00ean c\u1ee9u v\u1ec1 \u0111\u1ea5t, ph\u00e2n b\u00f3n v\u00e0 c\u00e2y tr\u1ed3ng kh\u00e1c t\u1ea1o ra nh\u1eefng s\u1ea3n ph\u1ea9m ph\u00e2n b\u00f3n NPK-S ph\u00f9 h\u1ee3p v\u1edbi c\u00e1c giai \u0111o\u1ea1n sinh tr\u01b0\u1edfng v\u00e0 ph\u00e1t tri\u1ec3n c\u1ee7a c\u00e2y tr\u1ed3ng.<\/p>\n<\/div>\n<div><img decoding=\"async\" src=\"https:\/\/supelamthao.vn\/userfiles\/images\/icon\/Cac-giai-don-truong-thanh.jpg\" alt=\"\" \/><\/div>\n<div>\u0110\u1ea3m b\u1ea3o c\u00e1c s\u1ea3n ph\u1ea9m c\u1ee7a Ph\u00e2n h\u1ed7n h\u1ee3p NPK-S\u00a0L\u00e2m Thao<\/div>\n<ul>\n<li>\n<div>B\u1ed5 sung dinh d\u01b0\u1ee1ng cho c\u00e2y tr\u1ed3ng<\/div>\n<\/li>\n<li>\n<div>Gi\u00fap c\u00e2y s\u1edbm n\u1ea3y m\u1ea7m<\/div>\n<\/li>\n<li>\n<div>T\u1ea1o \u0111i\u1ec1u ki\u1ec7n cho s\u1ef1 ph\u00e1t tri\u1ec3n v\u00e0 t\u0103ng c\u01b0\u1eddng s\u1ee9c s\u1ed1ng<\/div>\n<\/li>\n<li>\n<div>Ph\u00e1t tri\u1ec3n b\u1ed9 r\u1ec5 nhanh k\u1ec3 c\u1ea3 khi c\u00e2y c\u00f2n non v\u00e0 trong th\u1eddi ti\u1ebft b\u1ea5t thu\u1eadn l\u1ee3i<\/div>\n<\/li>\n<li>\n<div>S\u1eeda ch\u1eefa nh\u1eefng khi\u1ebfm khuy\u1ebft v\u00e0 ch\u1eefa b\u1ec7nh ho\u1ea1t \u0111\u1ed9ng k\u00e9m c\u1ee7a c\u00e2y<\/div>\n<\/li>\n<li>\n<div>H\u1ea1n ch\u1ebf \u0111\u01b0\u1ee3c b\u1ec7nh ngh\u1eb9t r\u1ec5 l\u00faa, hay b\u1ec7nh ch\u00e2n chi huy\u1ebft d\u1ee5 \u0111\u1ed1i v\u1edbi c\u00e2y ng\u00f4<\/div>\n<\/li>\n<li>\n<div>H\u1ea1n ch\u1ebf r\u1eeda tr\u00f4i ph\u00e2n b\u00f3n<\/div>\n<\/li>\n<li>\n<div>B\u1ed5 sung nguy\u00ean t\u1ed1 dinh d\u01b0\u1ee1ng trung l\u01b0\u1ee3ng: Magie; Slic<\/div>\n<\/li>\n<li>\n<div>T\u0103ng c\u01b0\u1eddng s\u1ee9c \u0111\u1ec1 kh\u00e1ng c\u1ee7a c\u00e2y tr\u1ed3ng \u0111\u1ed1i v\u1edbi b\u1ec7nh t\u1eadt, c\u00f4n tr\u00f9ng v\u00e0 s\u01b0\u01a1ng gi\u00e1<\/div>\n<\/li>\n<\/ul>\n<div>\n<table>\n<tbody>\n<tr>\n<th>\n<h4>S\u1ea3n ph\u1ea9m ti\u00eau bi\u1ec3u<\/h4>\n<\/th>\n<th>\n<h4>Th\u00e0nh ph\u1ea7n, h\u00e0m l\u01b0\u1ee3ng dinh d\u01b0\u1ee1ng\u00a0<strong>\u00a0<\/strong><\/h4>\n<\/th>\n<th>\n<h4>\u0110\u1eb7c tr\u01b0ng<\/h4>\n<\/th>\n<\/tr>\n<tr>\n<td><a href=\"http:\/\/supelamthao.vn\/san-pham\/484-phan-bon-npk-sm1-lam-thao-12-5-1014s\">NPK-S*M1 L\u00e2m Thao 12-5-10+14S<\/a><\/td>\n<td>\n<ul>\n<li>\u0110\u1ea1m t\u1ed5ng s\u1ed1 (N<sub>ts<\/sub>)<\/li>\n<li>L\u00e2n h\u1eefu hi\u1ec7u (P<sub>2<\/sub>O<sub>5hh<\/sub>)<\/li>\n<li>Kali h\u1eefu hi\u1ec7u (K<sub>2<\/sub>O<sub>hh<\/sub>)<\/li>\n<li>L\u01b0u hu\u1ef3nh (S)<\/li>\n<li>\u0110\u1ed9 \u1ea9m<\/li>\n<\/ul>\n<\/td>\n<td>\n<ul>\n<li>12%<\/li>\n<li>5%<\/li>\n<li>5%<\/li>\n<li>14%<\/li>\n<li>5%<\/li>\n<\/ul>\n<\/td>\n<\/tr>\n<tr>\n<td>\n<div><a class=\"link-tab-index\" tabindex=\"101\" href=\"http:\/\/supelamthao.vn\/san-pham\/481-phan-bon-npk-s-lam-thao-6-8-49s\">NPK-S L\u00e2m Thao\u00a0 6-8-4+9S<\/a><\/div>\n<\/td>\n<td>\n<ul>\n<li>\u0110\u1ea1m t\u1ed5ng s\u1ed1 (N<sub>ts<\/sub>)<\/li>\n<li>L\u00e2n h\u1eefu hi\u1ec7u (P<sub>2<\/sub>O<sub>5hh<\/sub>)<\/li>\n<li>Kali h\u1eefu hi\u1ec7u (K<sub>2<\/sub>O<sub>hh<\/sub>)<\/li>\n<li>L\u01b0u hu\u1ef3nh (S)<\/li>\n<li>\u0110\u1ed9 \u1ea9m<\/li>\n<\/ul>\n<\/td>\n<td>\n<ul>\n<li>6%<\/li>\n<li>8%<\/li>\n<li>4%<\/li>\n<li>9%<\/li>\n<li>5%<\/li>\n<\/ul>\n<\/td>\n<\/tr>\n<tr>\n<td>\n<div><a class=\"link-tab-index\" tabindex=\"101\" href=\"http:\/\/supelamthao.vn\/san-pham\/485-phan-bon-npk-sm1-lam-thao-10-5-59s\">NPK-S*M1 L\u00e2m Thao 10-5-5+9S<\/a><\/div>\n<\/td>\n<td>\n<ul>\n<li>\u0110\u1ea1m t\u1ed5ng s\u1ed1 (N<sub>ts<\/sub>)<\/li>\n<li>L\u00e2n h\u1eefu hi\u1ec7u (P<sub>2<\/sub>O<sub>5hh<\/sub>)<\/li>\n<li>Kali h\u1eefu hi\u1ec7u (K<sub>2<\/sub>O<sub>hh<\/sub>)<\/li>\n<li>L\u01b0u hu\u1ef3nh (S)<\/li>\n<li>\u0110\u1ed9 \u1ea9m<\/li>\n<\/ul>\n<\/td>\n<td>\n<ul>\n<li>10%<\/li>\n<li>5%<\/li>\n<li>5%<\/li>\n<li>9%<\/li>\n<li>5%<\/li>\n<\/ul>\n<\/td>\n<\/tr>\n<tr>\n<td>\n<div><a href=\"http:\/\/supelamthao.vn\/san-pham\/463-phan-bon-npk-s-lam-thao-10-5-105s\">NPK-S L\u00e2m Thao 10-5-10+5S<\/a><\/div>\n<\/td>\n<td>\n<ul>\n<li>\u0110\u1ea1m t\u1ed5ng s\u1ed1 (N<sub>ts<\/sub>)<\/li>\n<li>L\u00e2n h\u1eefu hi\u1ec7u (P<sub>2<\/sub>O<sub>5hh<\/sub>)<\/li>\n<li>Kali h\u1eefu hi\u1ec7u (K<sub>2<\/sub>O<sub>hh)<\/sub><\/li>\n<li>L\u01b0u hu\u1ef3nh (S)<\/li>\n<li>\u0110\u1ed9 \u1ea9m<\/li>\n<\/ul>\n<\/td>\n<td>\n<ul>\n<li>10%<\/li>\n<li>5%<\/li>\n<li>10%<\/li>\n<li>5%<\/li>\n<li>5%<\/li>\n<\/ul>\n<\/td>\n<\/tr>\n<tr>\n<td>\n<div><a class=\"link-tab-index\" tabindex=\"101\" href=\"http:\/\/supelamthao.vn\/san-pham\/462-phan-bon-npk-s-lam-thao-8-10-148s\">NPK-S L\u00e2m Thao 8-10-14+8S<\/a><\/div>\n<\/td>\n<td>\n<ul>\n<li>\u0110\u1ea1m t\u1ed5ng s\u1ed1 (N<sub>ts<\/sub>)<\/li>\n<li>L\u00e2n h\u1eefu hi\u1ec7u (P<sub>2<\/sub>O<sub>5hh<\/sub>)<\/li>\n<li>Kali h\u1eefu hi\u1ec7u (K<sub>2<\/sub>O<sub>hh<\/sub>)<\/li>\n<li>L\u01b0u hu\u1ef3nh (S)<\/li>\n<li>\u0110\u1ed9 \u1ea9m<\/li>\n<\/ul>\n<\/td>\n<td>\n<ul>\n<li>8%<\/li>\n<li>10%<\/li>\n<li>14%<\/li>\n<li>8%<\/li>\n<li>5%<\/li>\n<\/ul>\n<\/td>\n<\/tr>\n<tr>\n<td>\n<div><a href=\"http:\/\/supelamthao.vn\/san-pham\/482-phan-bon-npk-s-lam-thao-8-6-48s\">NPK-S\u00a0 L\u00e2m Thao<\/a><a href=\"http:\/\/supelamthao.vn\/san-pham\/482-phan-bon-npk-s-lam-thao-8-6-48s\">\u00a0\u00a08-6-4+8S<\/a><\/div>\n<\/td>\n<td>\n<ul>\n<li>\u0110\u1ea1m t\u1ed5ng s\u1ed1 (N<sub>ts)<\/sub><\/li>\n<li>L\u00e2n h\u1eefu hi\u1ec7u (P<sub>2<\/sub>O<sub>5hh<\/sub>)<\/li>\n<li>Kali h\u1eefu hi\u1ec7u (K<sub>2<\/sub>O<sub>hh<\/sub>)<\/li>\n<li>L\u01b0u hu\u1ef3nh (S)<\/li>\n<li>\u0110\u1ed9 \u1ea9m<\/li>\n<\/ul>\n<\/td>\n<td>\n<ul>\n<li>8%<\/li>\n<li>6%<\/li>\n<li>4%<\/li>\n<li>8%<\/li>\n<li>5%<\/li>\n<\/ul>\n<\/td>\n<\/tr>\n<tr>\n<td>\n<div><a href=\"http:\/\/supelamthao.vn\/san-pham\/487-phan-bon-npk-s-lam-thao-10-5-53s\">NPK-S L\u00e2m Thao<\/a><a href=\"http:\/\/supelamthao.vn\/san-pham\/487-phan-bon-npk-s-lam-thao-10-5-53s\">\u00a010-5-5+3S<\/a><\/div>\n<\/td>\n<td>\n<ul>\n<li>\u0110\u1ea1m t\u1ed5ng s\u1ed1 (N<sub>ts<\/sub>)<\/li>\n<li>L\u00e2n h\u1eefu hi\u1ec7u (P<sub>2<\/sub>O<sub>5hh<\/sub>)<\/li>\n<li>Kali h\u1eefu hi\u1ec7u (K<sub>2<\/sub>O<sub>hh<\/sub>)<\/li>\n<li>L\u01b0u hu\u1ef3nh (S)<\/li>\n<li>\u0110\u1ed9 \u1ea9m<\/li>\n<\/ul>\n<\/td>\n<td>\n<ul>\n<li>10%<\/li>\n<li>5%<\/li>\n<li>5%<\/li>\n<li>3%<\/li>\n<li>5%<\/li>\n<\/ul>\n<\/td>\n<\/tr>\n<tr>\n<td>\n<div><a href=\"http:\/\/supelamthao.vn\/san-pham\/483-phan-bon-npk-sm1-lam-thao-5-10-38s\">NPK-S*M1 L\u00e2m Thao\u00a05-10-3+8S<\/a><\/div>\n<\/td>\n<td>\n<ul>\n<li>\u0110\u1ea1m t\u1ed5ng s\u1ed1 (N<sub>ts<\/sub>)<\/li>\n<li>L\u00e2n h\u1eefu hi\u1ec7u (P<sub>2<\/sub>O<sub>5hh<\/sub>)<\/li>\n<li>Kali h\u1eefu hi\u1ec7u (K<sub>2<\/sub>O<sub>hh<\/sub>)<\/li>\n<li>L\u01b0u hu\u1ef3nh (S)<\/li>\n<li>\u0110\u1ed9 \u1ea9m<\/li>\n<\/ul>\n<\/td>\n<td>\n<ul>\n<li>5%<\/li>\n<li>10%<\/li>\n<li>3%<\/li>\n<li>8%<\/li>\n<li>5%<\/li>\n<\/ul>\n<\/td>\n<\/tr>\n<\/tbody>\n<\/table>\n<\/div>\n<div>* Ph\u1ea1m vi \u1ed5n \u0111\u1ecbnh th\u1ef1c t\u1ebf ph\u1ee5 thu\u1ed9c v\u00e0o c\u00e1c \u0111\u1eb7c t\u00ednh v\u1eadt l\u00fd v\u00e0 h\u00f3a h\u1ecdc c\u1ee7a m\u00f4i tr\u01b0\u1eddng t\u0103ng tr\u01b0\u1edfng. Xem to\u00e0n b\u1ed9\u00a0<a href=\"http:\/\/supelamthao.vn\/p\/82-chi-so-az\"><strong>s\u1ea3n ph\u1ea9m NPK-S t\u1ea1i \u0111\u00e2y<\/strong><\/a><\/div>\n<div><\/div>\n<div><img decoding=\"async\" src=\"https:\/\/supelamthao.vn\/userfiles\/images\/San%20pham\/NPK%20-%20S%20(01)\/1_PH%C3%82N%20B%C3%93N%20NPK-S%20M1%20L%C3%82M%20THAO%2012-5-10%2B4S%20(a)-01.png\" alt=\"\" \/><img decoding=\"async\" src=\"https:\/\/supelamthao.vn\/userfiles\/images\/San%20pham\/NPK%20-%20S%20(01)\/2_PH%C3%82N%20B%C3%93N%20NPK-S%20L%C3%82M%20THAO%206-8-4%2B9S%20(a)-01.png\" alt=\"\" \/><img decoding=\"async\" src=\"https:\/\/supelamthao.vn\/userfiles\/images\/San%20pham\/NPK%20-%20S%20(01)\/3_PH%C3%82N%20B%C3%93N%20NPK-S%20M1%20L%C3%82M%20THAO%2010-5-5%2B9S%20(a)-01.png\" alt=\"\" \/><img decoding=\"async\" src=\"https:\/\/supelamthao.vn\/userfiles\/images\/San%20pham\/NPK%20-%20S%20(01)\/4_PH%C3%82N%20B%C3%93N%20NPK-S%20L%C3%82M%20THAO%2010-5-10%2B5S%20(a)-01.png\" alt=\"\" \/><\/div>\n<div>L\u1ee3i \u00edch c\u1ee7a Ph\u00e2n h\u1ed7n h\u01a1n NPK-S\u00a0L\u00e2m Thao<\/div>\n<ul>\n<li>\n<div>NPK-S L\u00e2m Thao ngo\u00e0i \u0111\u1ea1m, l\u00e2n hay kali c\u00f2n\u00a0b\u1ed5 sung \u0111\u1ea9y \u0111\u1ee7 v\u00e0 c\u00e2n \u0111\u1ed1i c\u00e1c nguy\u00ean t\u1ed5 dinh d\u01b0\u1ee1ng trung, vi l\u01b0\u1ee3ng c\u1ea7n thi\u1ebft: Ca; Mg; S; Zn; Cu; Fe;\u00a0Molip\u0111en;\u00a0Bo&#8230; \u0111\u1eb7c bi\u1ec7t l\u00e0 dinh d\u01b0\u1ee1ng trung l\u01b0\u1ee3ng l\u01b0u hu\u1ef3nh.<\/div>\n<\/li>\n<li>\n<div>Th\u00e0nh ph\u1ea7n dinh d\u01b0\u1ee1ng L\u00e2n trong NPK-S L\u00e2m Thao g\u1ed3m hai lo\u1ea1i: L\u00e2n tan \u0111\u01b0\u1ee3c trong n\u01b0\u1edbc v\u00e0 l\u00e2n kh\u00f4ng tan trong n\u01b0\u1edbc v\u1edbi t\u1ec9 l\u1ec7 th\u00edch h\u1ee3p<\/div>\n<\/li>\n<li>\n<div>Th\u00e0nh ph\u1ea7n l\u00e2n tan \u0111\u01b0\u1ee3c trong n\u01b0\u1edbc gi\u00fap cho c\u00e2y tr\u1ed3ng s\u1edbm n\u1ea3y m\u1ea7m, ph\u00e1t tri\u1ec3n b\u1ed9 r\u1ec5 nhanh k\u1ec3 c\u1ea3 khi c\u00e2y c\u00f2n non v\u00e0 trong \u0111i\u1ec1u ki\u1ec7n th\u1eddi ti\u1ebft b\u1ea5t thu\u1eadn nh\u01b0 r\u00e9t k\u00e9o d\u00e0i c\u00e2y c\u0169ng h\u00fat \u0111\u01b0\u1ee3c l\u00e2n, h\u1ea1n ch\u1ebf \u0111\u01b0\u1ee3c b\u1ec7nh ngh\u1eb9t r\u1ec5 l\u00faa, hay b\u1ec7nh ch\u00e2n ch\u00ec huy\u1ebft d\u1ee5 \u0111\u1ed1i v\u1edbi c\u00e2y ng\u00f4.<\/div>\n<\/li>\n<li>\n<div>Th\u00e0nh ph\u1ea7n l\u00e2n kh\u00f4ng tan trong n\u01b0\u1edbc cung c\u1ea5p l\u00e2n cho c\u00e2y \u1edf giai \u0111o\u1ea1n sau, h\u1ea1n ch\u1ebf r\u1eeda tr\u00f4i ph\u00e2n b\u00f3n v\u00e0 b\u1ed5 sung th\u00eam c\u00e1c nguy\u00ean t\u1ed1 dinh d\u01b0\u1ee1ng trung l\u01b0\u1ee3ng nh\u01b0 magi\u00ea, silic gi\u00fap c\u1ee9ng c\u00e2y v\u00e0 ch\u1ed1ng \u0111\u1ed5 t\u1ed1t h\u01a1n.<\/div>\n<\/li>\n<\/ul>\n<div>C\u01a1 ch\u1ebf \u0111\u1eb7c bi\u1ec7t v\u1edbi ph\u00e2n b\u00f3n\u00a0NPK-S L\u00e2m Thao M1 m\u1edbi<\/div>\n<div>\n<p>\u0110\u1eb7c bi\u1ec7t, ph\u00e2n b\u00f3n NPK-S L\u00e2m Thao\u00a0M1 m\u1edbi\u00a0kh\u00f4ng nh\u1eefng ph\u00f9 h\u1ee3p v\u1edbi c\u00e1c v\u00f9ng \u0111\u1ea5t trung t\u00ednh m\u00e0 c\u00f2n ph\u00f9 h\u1ee3p v\u00e0 c\u1ea3i t\u1ea1o c\u00e1c v\u00f9ng \u0111\u1ea5t chua, \u0111\u1ea5t ph\u00e8n, \u0111\u1ea5t chi\u00eam tr\u0169ng t\u1ea1i c\u00e1c t\u1ec9nh nh\u01b0: H\u1ea3i Ph\u00f2ng, H\u00e0 Nam, Nam \u0110\u1ecbnh, Th\u00e1i B\u00ecnh, Ninh B\u00ecnh, Thanh H\u00f3a v\u00e0 c\u00e1c t\u1ec9nh \u0110\u1ed3ng b\u1eb1ng s\u00f4ng C\u1eedu Long.<\/p>\n<p>\u0110\u1ec3 \u0111\u00e1p \u1ee9ng \u0111\u1ea7y \u0111\u1ee7, c\u00e2n \u0111\u1ed1i nhu c\u1ea7u dinh d\u01b0\u1ee1ng c\u1ee7a c\u00e1c lo\u1ea1i c\u00e2y tr\u1ed3ng \u1edf t\u1eebng th\u1eddi k\u1ef3 sinh tr\u01b0\u1edfng tr\u00ean t\u1eebng v\u00f9ng \u0111\u1ea5t kh\u00e1c nhau, ch\u00fang t\u00f4i s\u1ea3n xu\u1ea5t c\u00e1c ch\u1ee7ng lo\u1ea1i NPK-S nh\u01b0: Nh\u00f3m NPK b\u00f3n l\u00f3t; Nh\u00f3m NPK b\u00f3n th\u00fac; Nh\u00f3m NPK-S chuy\u00ean d\u00f9ng cho c\u00e2y h\u1ecd \u0111\u1eadu, c\u00e2y l\u00e2m nghi\u1ec7p, c\u00e2y d\u00e2u t\u1eb1m, c\u00e2y c\u1ecf l\u00e0m th\u1ee9c \u0103n cho gia s\u00fac hay c\u00e2y l\u1ea5y c\u1ee7.<\/p>\n<p>Ph\u00e2n b\u00f3n NPK-S L\u00e2m Thao \u0111\u01b0\u1ee3c s\u1ea3n xu\u1ea5t qua c\u00f4ng ngh\u1ec7 v\u00ea vi\u00ean t\u1ea1o h\u1ea1t, h\u1ea1t ph\u00e2n t\u01a1i, r\u1eddi n\u00ean c\u00f3 th\u1ec3 \u00e1p d\u1ee5ng b\u00f3n b\u1eb1ng c\u01a1 gi\u1edbi trong nh\u1eefng n\u0103m t\u1edbi.<\/p>\n<\/div>\n<div><img decoding=\"async\" title=\"\" src=\"https:\/\/supelamthao.vn\/userfiles\/files\/So%20do%20NPK.jpg\" alt=\"xx\" \/><\/div>\n<div><strong>S\u1eaft (Fe)<\/strong>\u00a0\u0111\u00f3ng vai tr\u00f2 quan tr\u1ecdng trong vi\u1ec7c h\u00ecnh th\u00e0nh ch\u1ea5t di\u1ec7p l\u1ee5c. N\u00f3 tham gia v\u00e0o qu\u00e1 tr\u00ecnh ph\u00e2n chia t\u1ebf b\u00e0o h\u1ed7 tr\u1ee3 s\u1ef1 ph\u00e1t tri\u1ec3n c\u1ee7a c\u00e2y v\u00e0 trong c\u00e1c ph\u1ea3n \u1ee9ng quan tr\u1ecdng kh\u00e1c c\u1ee7a c\u00e2y.<\/div>\n<div>Tri\u1ec7u ch\u1ee9ng thi\u1ebfu h\u1ee5t \u0111i\u1ec3n h\u00ecnh: v\u00e0ng l\u00e1, \u00faa l\u00e1 gi\u1eefa c\u00e1c \u0111\u1ed1t.<\/div>\n","protected":false},"excerpt":{"rendered":"<p>S\u1ea3n ph\u1ea9m NPK-S L\u00e2m Thao \u0111\u01b0\u1ee3c Supe L\u00e2m Thao s\u1ea3n xu\u1ea5t v\u00e0 qu\u1ea3n l\u00fd theo h\u1ec7 th\u1ed1ng qu\u1ea3n l\u00fd ch\u1ea5t l\u01b0\u1ee3ng ISO [&hellip;]<\/p>\n","protected":false},"featured_media":163,"template":"","meta":[],"product_brand":[],"product_cat":[32],"product_tag":[],"class_list":{"0":"post-162","1":"product","2":"type-product","3":"status-publish","4":"has-post-thumbnail","6":"product_cat-dinh-duong-cho-cay-trong","8":"first","9":"instock","10":"shipping-taxable","11":"product-type-simple"},"_links":{"self":[{"href":"https:\/\/supelamthao.vn\/index.php?rest_route=\/wp\/v2\/product\/162","targetHints":{"allow":["GET"]}}],"collection":[{"href":"https:\/\/supelamthao.vn\/index.php?rest_route=\/wp\/v2\/product"}],"about":[{"href":"https:\/\/supelamthao.vn\/index.php?rest_route=\/wp\/v2\/types\/product"}],"wp:featuredmedia":[{"embeddable":true,"href":"https:\/\/supelamthao.vn\/index.php?rest_route=\/wp\/v2\/media\/163"}],"wp:attachment":[{"href":"https:\/\/supelamthao.vn\/index.php?rest_route=%2Fwp%2Fv2%2Fmedia&parent=162"}],"wp:term":[{"taxonomy":"product_brand","embeddable":true,"href":"https:\/\/supelamthao.vn\/index.php?rest_route=%2Fwp%2Fv2%2Fproduct_brand&post=162"},{"taxonomy":"product_cat","embeddable":true,"href":"https:\/\/supelamthao.vn\/index.php?rest_route=%2Fwp%2Fv2%2Fproduct_cat&post=162"},{"taxonomy":"product_tag","embeddable":true,"href":"https:\/\/supelamthao.vn\/index.php?rest_route=%2Fwp%2Fv2%2Fproduct_tag&post=162"}],"curies":[{"name":"wp","href":"https:\/\/api.w.org\/{rel}","templated":true}]}}