{"id":159,"date":"2025-09-24T03:31:04","date_gmt":"2025-09-24T03:31:04","guid":{"rendered":"http:\/\/localhost\/supelamthao\/?post_type=product&#038;p=159"},"modified":"2025-12-29T03:56:25","modified_gmt":"2025-12-29T03:56:25","slug":"phan-bon-huu-co-khoang","status":"publish","type":"product","link":"https:\/\/supelamthao.vn\/?product=phan-bon-huu-co-khoang","title":{"rendered":"Ph\u00e2n b\u00f3n h\u1eefu c\u01a1 kho\u00e1ng"},"content":{"rendered":"<div class=\"product-storiette\">\n<div id=\"{626E1615-6C02-407C-A583-1190B26F456B}\">\n<div>Kh\u00e1c bi\u1ec7t c\u1ee7a ph\u00e2n h\u1eefu c\u01a1 kho\u00e1ng L\u00e2m Thao \u0111\u00f3 l\u00e0 s\u1ea3n ph\u1ea9m \u0111\u01b0\u1ee3c v\u00ea vi\u00ean d\u1ea1ng h\u1ea1t s\u1ea5y kh\u00f4. \u0110i\u1ec1u \u0111\u00f3 gi\u00fap cho s\u1ea3n ph\u1ea9m c\u00f3 th\u1ec3 t\u00edch tr\u1eef d\u00e0i ng\u00e0y m\u00e0 kh\u00f4ng b\u1edf n\u00e1t hay b\u1ebft d\u00ednh, \u0111\u00f3ng t\u1ea3ng, gi\u00fap ng\u01b0\u1eddi ti\u00eau d\u00f9ng, \u0111\u1eb7c bi\u1ec7t l\u00e0 c\u00e1c \u0111\u1ea1i l\u00fd, c\u00f3 th\u1ec3 d\u1ef1 tr\u1eef ch\u00e2n h\u00e0ng cho m\u00f9a v\u1ee5.<\/div>\n<p><img decoding=\"async\" class=\"aligncenter\" src=\"https:\/\/supelamthao.vn\/userfiles\/images\/San%20pham\/Ph%C3%A2n%20b%C3%B3n%20h%E1%BB%AFu%20c%C6%A1%20kho%C3%A1ng\/1a_%20PHAN%20BON%20HUU%20CO%20KHOANG%202-4-2%2B2S%2BTE-01.png\" alt=\"\" \/><\/p>\n<p>Do \u0111\u01b0\u1ee3c s\u1ea5y kh\u00f4, h\u1ea1t ph\u00e2n c\u1ee9ng ch\u1eafc n\u00ean ph\u00e2n h\u1eefu c\u01a1 kho\u00e1ng L\u00e2m Thao c\u00f2n gi\u00fap gi\u1ea3m t\u00ecnh tr\u1ea1ng b\u1ecb r\u1eeda tr\u00f4i khi tr\u1eddi m\u01b0a, \u0111\u1eb7c bi\u1ec7t \u1edf c\u00e1c v\u00f9ng \u0111\u1ed3i n\u00fai. \u0110i\u1ec1u n\u00e0y kh\u00f4ng ch\u1ec9 tr\u00e1nh l\u00e3ng ph\u00ed ph\u00e2n b\u00f3n, m\u00e0 h\u01a1n th\u1ebf n\u1eefa, kh\u00f4ng g\u00e2y \u00f4 nhi\u1ec5m m\u00f4i tr\u01b0\u1eddng, g\u00f3p ph\u1ea7n b\u1ea3o v\u1ec7 m\u00f4i tr\u01b0\u1eddng t\u1ed1t h\u01a1n.<\/p>\n<p>L\u00e0m \u0111\u1ea5t \u1ea9m, t\u01a1i x\u1ed1p, k\u1ec3 c\u1ea3 l\u00fac kh\u00f4 h\u1ea1n cho v\u00f9ng \u0111\u1ed3i n\u00fai, ph\u00e2n h\u1eefu c\u01a1 kho\u00e1ng L\u00e2m Thao d\u1ea1ng h\u1ea1t c\u00f2n \u0111\u1eb7c bi\u1ec7t ph\u00f9 h\u1ee3p v\u1edbi ru\u1ed9ng n\u01b0\u1edbc, ch\u00fang ch\u00ecm ngay khi b\u00f3n, gi\u1ea3m h\u1eb3n th\u1ea5t tho\u00e1t ph\u00e2n do tr\u00e0n theo m\u1eb7t n\u01b0\u1edbc. \u0110\u00e2y c\u0169ng l\u00e0 \u01b0u \u0111i\u1ec3m n\u1ed5i b\u1eadt, gi\u00fap ng\u01b0\u1eddi d\u00f9ng tr\u1ef1c ti\u1ebfp kh\u00f4ng b\u1ecb l\u00e3ng ph\u00ed do t\u00ecnh tr\u1ea1ng th\u1ea5t tho\u00e1t ph\u00e2n, m\u00e0 kh\u00f4ng g\u00e2y \u00f4 nhi\u1ec5m m\u00f4i tr\u01b0\u1eddng xung quanh.<\/p>\n<\/div>\n<\/div>\n<div class=\"product-specification\">\n<div><strong>L\u1ee3i \u00edch c\u1ee7a dinh d\u01b0\u1ee1ng c\u1ee7a ph\u00e2n b\u00f3n h\u1eefu c\u01a1 kho\u00e1ng\u00a0<\/strong><\/div>\n<div><strong><img decoding=\"async\" class=\"aligncenter\" title=\"\" src=\"http:\/\/supelamthao.vn\/\/userfiles\/files\/CRF-Granule-3D.jpg\" alt=\"CRF\" \/><\/strong><\/div>\n<ul>\n<li>\n<div><strong>Ph\u00e1t tri\u1ec3n c\u00e2y tr\u1ed3ng t\u1ed1i \u01b0u<\/strong>\u00a0&#8211; Cung c\u1ea5p cho c\u00e2y tr\u1ed3ng v\u1edbi l\u01b0\u1ee3ng dinh d\u01b0\u1ee1ng c\u00e2n b\u1eb1ng, theo nhu c\u1ea7u c\u1ee7a ch\u00fang trong su\u1ed1t chu k\u1ef3 sinh tr\u01b0\u1edfng. \u0110i\u1ec1u n\u00e0y \u0111\u1ea3m b\u1ea3o s\u1ef1 ph\u00e1t tri\u1ec3n t\u1ed1i \u01b0u v\u00e0 n\u0103ng su\u1ea5t ch\u1ea5t l\u01b0\u1ee3ng cao t\u1ed1i \u0111a.<\/div>\n<\/li>\n<li>\n<div><strong>C\u1ea7n \u00edt ph\u00e2n b\u00f3n h\u01a1n<\/strong>\u00a0&#8211; C\u00e1c s\u1ea3n ph\u1ea9m gi\u1ea3i ph\u00f3ng c\u00e1c ch\u1ea5t dinh d\u01b0\u1ee1ng c\u00f3 s\u1eb5n v\u1edbi t\u1ed1c \u0111\u1ed9 ph\u00f9 h\u1ee3p v\u1edbi s\u1ef1 h\u1ea5p th\u1ee5 c\u1ee7a c\u00e2y. B\u00ean c\u1ea1nh \u0111\u00f3, s\u1ea3n ph\u1ea9m d\u1ea1ng h\u1ea1t gi\u00fap gi\u1ea3m thi\u1ec3u th\u1ea5t tho\u00e1t ph\u00e2n b\u00f3n v\u00e0 gi\u1ea3m t\u1ef7 l\u1ec7 b\u00f3n ph\u00e2n \u0111\u00e1ng k\u1ec3 &#8211; l\u00ean \u0111\u1ebfn 30% so v\u1edbi ph\u00e2n b\u00f3n d\u1ea1ng b\u1ed9t th\u00f4ng th\u01b0\u1eddng.<\/div>\n<\/li>\n<li>\n<div><strong>Ti\u1ebft ki\u1ec7m s\u1ee9c lao \u0111\u1ed9ng v\u00e0 th\u1eddi gian<\/strong>\u00a0&#8211;\u00a0M\u1ed9t ph\u01b0\u01a1ng ph\u00e1p \u1ee9ng d\u1ee5ng duy nh\u1ea5t \u0111\u00e1p \u1ee9ng nhu c\u1ea7u dinh d\u01b0\u1ee1ng c\u1ee7a c\u00e2y tr\u1ed3ng trong su\u1ed1t chu k\u1ef3 sinh tr\u01b0\u1edfng c\u1ee7a n\u00f3. \u0110i\u1ec1u n\u00e0y gi\u00fap ti\u1ebft ki\u1ec7m nh\u00e2n c\u00f4ng v\u00e0 chi ph\u00ed li\u00ean quan \u0111\u1ebfn vi\u1ec7c b\u00f3n ph\u00e2n. N\u00f3 c\u0169ng lo\u1ea1i b\u1ecf ph\u1ea7n l\u1edbn th\u1eddi gian d\u00e0nh cho vi\u1ec7c b\u00f3n ph\u00e2n kh\u1ecfi c\u00e1c c\u00f4ng vi\u1ec7c th\u01b0\u1eddng ng\u00e0y, gi\u00fap ng\u01b0\u1eddi n\u00f4ng d\u00e2n t\u1eadp trung v\u00e0o c\u00e1c y\u00eau c\u1ea7u t\u0103ng tr\u01b0\u1edfng kh\u00e1c.<\/div>\n<\/li>\n<li>\n<div><strong>C\u00e1ch b\u00f3n \u0111\u01a1n gi\u1ea3n\u00a0<\/strong>&#8211; Ph\u00e2n b\u00f3n \u0111\u01b0\u1ee3c b\u00f3n tr\u1ef1c ti\u1ebfp v\u00e0o \u0111\u1ea5t, kh\u00f4ng c\u1ea7n h\u1ec7 th\u1ed1ng phun ho\u1eb7c \u0111\u1ecbnh l\u01b0\u1ee3ng ph\u1ee9c t\u1ea1p.<\/div>\n<\/li>\n<li>\n<div><strong>Th\u00e2n thi\u1ec7n v\u1edbi m\u00f4i tr\u01b0\u1eddng\u00a0<\/strong>&#8211; Gi\u1ea3m thi\u1ec3u th\u1ea5t tho\u00e1t do r\u1eeda tr\u00f4i (nh\u1ea5t l\u00e0 v\u00f9ng \u0111\u1ed3i n\u00fai), bay h\u01a1i ho\u1eb7c c\u1ed1 \u0111\u1ecbnh, do \u0111\u00f3 ng\u0103n ng\u1eeba \u00f4 nhi\u1ec5m m\u00f4i tr\u01b0\u1eddng.<\/div>\n<\/li>\n<li>\n<div><strong>B\u1ea3o v\u1ec7 s\u1ee9c kh\u1ecfe ng\u01b0\u1eddi d\u00f9ng-<\/strong>\u00a0Kh\u00f4ng d\u1ecb \u1ee9ng khi ti\u1ebfp x\u00fac.<\/div>\n<\/li>\n<\/ul>\n<div><\/div>\n<div><strong>S\u1ea3n ph\u1ea9m ph\u00e2n h\u1eefu c\u01a1 kho\u00e1ng<\/strong><\/div>\n<div><\/div>\n<table cellspacing=\"5\">\n<tbody>\n<tr>\n<td>\n<div><a href=\"http:\/\/supelamthao.vn\/san-pham\/496-phan-bon-hck-lam-thao-2-4-22ste\">Ph\u00e2n b\u00f3n HCK\u00a0L\u00e2m Thao\u00a02-4-2+2S+TE<\/a><\/div>\n<\/td>\n<td>Ph\u00e2n h\u1eefu c\u01a1 s\u1ebd gi\u00fap c\u1ea3i t\u1ea1o \u0111\u1ea5t, t\u0103ng \u0111\u1ed9 t\u01a1i x\u1ed1p, ph\u00ec nhi\u00eau cho \u0111\u1ea5t qua vi\u1ec7c cung c\u1ea5p, b\u1ed5 sung c\u00e1c ch\u1ea5t h\u1eefu c\u01a1, m\u00f9n, vi sinh v\u1eadt<\/td>\n<\/tr>\n<tr>\n<td><a href=\"http:\/\/supelamthao.vn\/san-pham\/497-phan-bon-hck-lam-thao-3-2-32ste\">Ph\u00e2n b\u00f3n\u00a0<\/a><a href=\"http:\/\/supelamthao.vn\/san-pham\/496-phan-bon-hck-lam-thao-2-4-22ste\">HCK<\/a><a href=\"http:\/\/supelamthao.vn\/san-pham\/497-phan-bon-hck-lam-thao-3-2-32ste\">\u00a0L\u00e2m Thao 3-2-3+2S+TE<\/a><\/td>\n<td>T\u0103ng s\u1ee9c ch\u1ed1ng ch\u1ecbu cho c\u00e2y tr\u1ed3ng trong \u0111i\u1ec1u ki\u1ec7n ph\u00e8n, m\u1eb7n v\u00e0 ng\u1ed9 \u0111\u1ed9c h\u1eefu c\u01a1<\/p>\n<p>Th\u00fac \u0111\u1ea9y h\u1ec7 th\u1ed1ng r\u1ec5 ph\u00e1t tri\u1ec3n, t\u0103ng c\u01b0\u1eddng h\u1ea5p thu d\u01b0\u1ee1ng ch\u1ea5t cho c\u00e2y. T\u0103ng s\u1ee9c \u0111\u1ec1 kh\u00e1ng cho c\u00e2y, h\u1ea1n ch\u1ebf s\u00e2u b\u1ec7nh.<\/td>\n<\/tr>\n<tr>\n<td><a href=\"http:\/\/supelamthao.vn\/san-pham\/498-phan-bon-hck-lam-thao-3-5-22ste\">Ph\u00e2n b\u00f3n\u00a0<\/a><a href=\"http:\/\/supelamthao.vn\/san-pham\/496-phan-bon-hck-lam-thao-2-4-22ste\">HCK<\/a><a href=\"http:\/\/supelamthao.vn\/san-pham\/498-phan-bon-hck-lam-thao-3-5-22ste\">\u00a0L\u00e2m Thao\u00a0 3-5-2+2S+TE<\/a><\/td>\n<td>C\u1ea3i t\u1ea1o \u0111\u1ea5t, t\u0103ng \u0111\u1ed9 t\u01a1i x\u1ed1p, ph\u00ec nhi\u00eau v\u00e0 tr\u1ea3 l\u1ea1i l\u01b0\u1ee3ng h\u1eefu c\u01a1; \u0111\u1eb7c bi\u1ec7t t\u1ed1t cho c\u1ecf, hoa v\u00e0 c\u00e2y c\u1ea3nh<\/td>\n<\/tr>\n<tr>\n<td><a href=\"http:\/\/supelamthao.vn\/san-pham\/499-phan-bon-hck-lam-thao-4-2-23ste\">Ph\u00e2n b\u00f3n\u00a0<\/a><a href=\"http:\/\/supelamthao.vn\/san-pham\/496-phan-bon-hck-lam-thao-2-4-22ste\">HCK<\/a><a href=\"http:\/\/supelamthao.vn\/san-pham\/499-phan-bon-hck-lam-thao-4-2-23ste\">\u00a0L\u00e2m Thao 4-2-2+3S+TE<\/a><\/td>\n<td>\u00a0Gi\u00fap c\u1ea3i t\u1ea1o \u0111\u1ea5t, t\u0103ng \u0111\u1ed9 t\u01a1i x\u1ed1p, th\u00fac \u0111\u1ebb nh\u00e1nh \u0111\u00f3n \u0111\u00f2ng cho c\u00e2y tr\u1ed3ng<\/td>\n<\/tr>\n<\/tbody>\n<\/table>\n<\/div>\n","protected":false},"excerpt":{"rendered":"<p>L\u00e0m \u0111\u1ea5t \u1ea9m, t\u01a1i x\u1ed1p, k\u1ec3 c\u1ea3 l\u00fac kh\u00f4 h\u1ea1n cho v\u00f9ng \u0111\u1ed3i n\u00fai, ph\u00e2n h\u1eefu c\u01a1 kho\u00e1ng L\u00e2m Thao d\u1ea1ng h\u1ea1t c\u00f2n \u0111\u1eb7c bi\u1ec7t ph\u00f9 h\u1ee3p v\u1edbi ru\u1ed9ng n\u01b0\u1edbc, ch\u00fang ch\u00ecm ngay khi b\u00f3n, gi\u1ea3m h\u1eb3n th\u1ea5t tho\u00e1t ph\u00e2n do tr\u00e0n theo m\u1eb7t n\u01b0\u1edbc. \u0110\u00e2y c\u0169ng l\u00e0 \u01b0u \u0111i\u1ec3m n\u1ed5i b\u1eadt, gi\u00fap ng\u01b0\u1eddi d\u00f9ng tr\u1ef1c ti\u1ebfp kh\u00f4ng b\u1ecb l\u00e3ng ph\u00ed do t\u00ecnh tr\u1ea1ng th\u1ea5t tho\u00e1t ph\u00e2n, m\u00e0 kh\u00f4ng g\u00e2y \u00f4 nhi\u1ec5m m\u00f4i tr\u01b0\u1eddng xung quanh.<\/p>\n","protected":false},"featured_media":161,"template":"","meta":[],"product_brand":[],"product_cat":[32],"product_tag":[],"class_list":{"0":"post-159","1":"product","2":"type-product","3":"status-publish","4":"has-post-thumbnail","6":"product_cat-dinh-duong-cho-cay-trong","8":"first","9":"instock","10":"shipping-taxable","11":"product-type-simple"},"_links":{"self":[{"href":"https:\/\/supelamthao.vn\/index.php?rest_route=\/wp\/v2\/product\/159","targetHints":{"allow":["GET"]}}],"collection":[{"href":"https:\/\/supelamthao.vn\/index.php?rest_route=\/wp\/v2\/product"}],"about":[{"href":"https:\/\/supelamthao.vn\/index.php?rest_route=\/wp\/v2\/types\/product"}],"wp:featuredmedia":[{"embeddable":true,"href":"https:\/\/supelamthao.vn\/index.php?rest_route=\/wp\/v2\/media\/161"}],"wp:attachment":[{"href":"https:\/\/supelamthao.vn\/index.php?rest_route=%2Fwp%2Fv2%2Fmedia&parent=159"}],"wp:term":[{"taxonomy":"product_brand","embeddable":true,"href":"https:\/\/supelamthao.vn\/index.php?rest_route=%2Fwp%2Fv2%2Fproduct_brand&post=159"},{"taxonomy":"product_cat","embeddable":true,"href":"https:\/\/supelamthao.vn\/index.php?rest_route=%2Fwp%2Fv2%2Fproduct_cat&post=159"},{"taxonomy":"product_tag","embeddable":true,"href":"https:\/\/supelamthao.vn\/index.php?rest_route=%2Fwp%2Fv2%2Fproduct_tag&post=159"}],"curies":[{"name":"wp","href":"https:\/\/api.w.org\/{rel}","templated":true}]}}