{"id":1356,"date":"2025-10-31T02:02:27","date_gmt":"2025-10-31T02:02:27","guid":{"rendered":"https:\/\/embedai.cloud\/?post_type=product&#038;p=1356"},"modified":"2025-12-30T02:08:07","modified_gmt":"2025-12-30T02:08:07","slug":"phan-bon-hck-lam-thao-3-5-22ste","status":"publish","type":"product","link":"https:\/\/supelamthao.vn\/?product=phan-bon-hck-lam-thao-3-5-22ste","title":{"rendered":"Ph\u00e2n b\u00f3n HCK L\u00e2m Thao 3-5-2+2S+TE"},"content":{"rendered":"<div>\n<div>\n<div>\n<div>\n<div>\n<div>\n<div>\n<div>Chuy\u00ean d\u00f9ng b\u00f3n cho c\u00e2y hoa, c\u00e2y c\u1ea3nh.<\/div>\n<div>1. \u0110\u1ed1i v\u1edbi c\u00e2y tr\u1ed3ng trong ch\u1eadu: b\u00f3n 150-250 g\/m<sup>2<\/sup>\u00a0b\u1ec1 m\u1eb7t \u0111\u1ea5t trong ch\u1eadu b\u1eb1ng c\u00e1ch: r\u1ea1ch c\u00e1ch xung nquanh th\u00e0nh ch\u1eadu 5-7 cm, t\u1ea1o r\u00e3nh r\u1ea3i \u0111\u1ec1u ph\u00e2n xu\u1ed1ng r\u1ed3i l\u1ea5p \u0111\u1ea5t l\u1ea1i t\u1ea1o \u1ea9m. 2. C\u00e2y l\u00e2u n\u0103m 3-4 th\u00e1ng b\u00f3n 1 l\u1ea7n.<\/div>\n<div>3. \u0110\u1ed1i v\u1edbi c\u00e2y hoa tr\u1ed3ng \u0111\u1ea1i tr\u00e0 b\u00f3n 60-80 kg\/s\u00e0o B\u1eafc b\u1ed9. D\u00f9ng b\u00f3n l\u00f3t tr\u01b0\u1edbc khi gieo tr\u1ed3ng ho\u1eb7c sau khi \u0111\u1ed1n t\u1ec9a c\u00e0nh, b\u00f3n v\u00e0o r\u00e3nh s\u00e2u 3-5 cm c\u00e1ch g\u1ed1c 10-15 cm v\u00e0 l\u1ea5p \u0111\u1ea5t k\u00edn.<\/div>\n<\/div>\n<\/div>\n<\/div>\n<\/div>\n<\/div>\n<\/div>\n<\/div>\n<h2>Bao b\u00ec<\/h2>\n<div><img decoding=\"async\" src=\"https:\/\/supelamthao.vn\/userfiles\/images\/C%C3%A2y%20tr%E1%BB%93ng\/Bieu%20do\/logo-mui%20ten.png\" alt=\"\" \/> \u0110\u00f3ng g\u00f3i 50 kg v\u00e0 25 kg.<\/div>\n<div><img decoding=\"async\" src=\"https:\/\/supelamthao.vn\/userfiles\/images\/C%C3%A2y%20tr%E1%BB%93ng\/Bieu%20do\/logo-mui%20ten.png\" alt=\"\" \/> Bao b\u00ec\u00a0PP l\u00f3t PE;<\/div>\n<div><img decoding=\"async\" src=\"https:\/\/supelamthao.vn\/userfiles\/images\/C%C3%A2y%20tr%E1%BB%93ng\/Bieu%20do\/logo-mui%20ten.png\" alt=\"\" \/>\u00a0M\u00e3 s\u1ea3n ph\u1ea9m: 03502<\/div>\n<div><img decoding=\"async\" src=\"https:\/\/supelamthao.vn\/userfiles\/images\/C%C3%A2y%20tr%E1%BB%93ng\/Bieu%20do\/logo-mui%20ten.png\" alt=\"\" \/>\u00a0Ph\u01b0\u01a1ng th\u1ee9c s\u1eed d\u1ee5ng: B\u00f3n r\u1ec5 (b,h,v)<\/div>\n<div><img decoding=\"async\" src=\"https:\/\/supelamthao.vn\/userfiles\/images\/C%C3%A2y%20tr%E1%BB%93ng\/Bieu%20do\/logo-mui%20ten.png\" alt=\"\" \/>\u00a0Th\u1eddi h\u1ea1n s\u1eed d\u1ee5ng: 36 th\u00e1ng k\u1ec3 t\u1eeb ng\u00e0y s\u1ea3n xu\u1ea5t<\/div>\n","protected":false},"excerpt":{"rendered":"<table border=\"1\" cellspacing=\"0\" cellpadding=\"4\">\n<tbody>\n<tr>\n<td>Th\u00e0nh ph\u1ea7n, h\u00e0m l\u01b0\u1ee3ng dinh d\u01b0\u1ee1ng<\/td>\n<td>\u00a0 \u00a0 \u00a0 \u0110\u01a1n v\u1ecb<\/td>\n<td>\u0110\u1eb7c tr\u01b0ng<\/td>\n<\/tr>\n<tr>\n<td>H\u00e0m l\u01b0\u1ee3ng h\u1eefu c\u01a1<\/td>\n<td>%<\/td>\n<td>15%<\/td>\n<\/tr>\n<tr>\n<td>\n<div>\n<p>\u0110\u1ea1m t\u1ed5ng s\u1ed1 (N<sub>ts<\/sub>)<\/p>\n<\/div>\n<\/td>\n<td>%<\/td>\n<td>3%<\/td>\n<\/tr>\n<tr>\n<td>\n<div>\n<p>L\u00e2n h\u1eefu hi\u1ec7u (P<sub>2<\/sub>O<sub>5hh<\/sub>)<\/p>\n<\/div>\n<\/td>\n<td>%<\/td>\n<td>5%<\/td>\n<\/tr>\n<tr>\n<td>Kali h\u1eefu hi\u1ec7u (K<sub>2<\/sub>O<sub>hh<\/sub>)<\/td>\n<td>%<\/td>\n<td>2%<\/td>\n<\/tr>\n<tr>\n<td>\n<div>\n<p>L\u01b0u hu\u1ef3nh (S)<\/p>\n<\/div>\n<\/td>\n<td>%<\/td>\n<td>2%<\/td>\n<\/tr>\n<tr>\n<td>\n<div>\n<p>TE- Bo (B)<\/p>\n<\/div>\n<\/td>\n<td>ppm<\/td>\n<td>200ppm<\/td>\n<\/tr>\n<tr>\n<td>TE- S\u1eaft (Fe)<\/td>\n<td>ppm<\/td>\n<td>100ppm<\/td>\n<\/tr>\n<tr>\n<td>\u0110\u1ed9 \u1ea9m<\/td>\n<td>%<\/td>\n<td>25%<\/td>\n<\/tr>\n<tr>\n<td>pH<sub>H2O<\/sub><\/td>\n<td><\/td>\n<td>5<\/td>\n<\/tr>\n<\/tbody>\n<\/table>\n","protected":false},"featured_media":5798,"template":"","meta":[],"product_brand":[],"product_cat":[63],"product_tag":[],"class_list":{"0":"post-1356","1":"product","2":"type-product","3":"status-publish","4":"has-post-thumbnail","6":"product_cat-phan-bon-huu-co-khoang-lam-thao","8":"first","9":"instock","10":"shipping-taxable","11":"product-type-simple"},"_links":{"self":[{"href":"https:\/\/supelamthao.vn\/index.php?rest_route=\/wp\/v2\/product\/1356","targetHints":{"allow":["GET"]}}],"collection":[{"href":"https:\/\/supelamthao.vn\/index.php?rest_route=\/wp\/v2\/product"}],"about":[{"href":"https:\/\/supelamthao.vn\/index.php?rest_route=\/wp\/v2\/types\/product"}],"wp:featuredmedia":[{"embeddable":true,"href":"https:\/\/supelamthao.vn\/index.php?rest_route=\/wp\/v2\/media\/5798"}],"wp:attachment":[{"href":"https:\/\/supelamthao.vn\/index.php?rest_route=%2Fwp%2Fv2%2Fmedia&parent=1356"}],"wp:term":[{"taxonomy":"product_brand","embeddable":true,"href":"https:\/\/supelamthao.vn\/index.php?rest_route=%2Fwp%2Fv2%2Fproduct_brand&post=1356"},{"taxonomy":"product_cat","embeddable":true,"href":"https:\/\/supelamthao.vn\/index.php?rest_route=%2Fwp%2Fv2%2Fproduct_cat&post=1356"},{"taxonomy":"product_tag","embeddable":true,"href":"https:\/\/supelamthao.vn\/index.php?rest_route=%2Fwp%2Fv2%2Fproduct_tag&post=1356"}],"curies":[{"name":"wp","href":"https:\/\/api.w.org\/{rel}","templated":true}]}}