{"id":382,"date":"2025-10-07T07:44:19","date_gmt":"2025-10-07T07:44:19","guid":{"rendered":"https:\/\/embedai.cloud\/?page_id=382"},"modified":"2025-12-31T08:04:40","modified_gmt":"2025-12-31T08:04:40","slug":"lien-he","status":"publish","type":"page","link":"https:\/\/supelamthao.vn\/?page_id=382","title":{"rendered":"Li\u00ean h\u1ec7"},"content":{"rendered":"\t\t<div data-elementor-type=\"wp-page\" data-elementor-id=\"382\" class=\"elementor elementor-382\" data-elementor-settings=\"{&quot;element_pack_global_tooltip_width&quot;:{&quot;unit&quot;:&quot;px&quot;,&quot;size&quot;:&quot;&quot;,&quot;sizes&quot;:[]},&quot;element_pack_global_tooltip_width_tablet&quot;:{&quot;unit&quot;:&quot;px&quot;,&quot;size&quot;:&quot;&quot;,&quot;sizes&quot;:[]},&quot;element_pack_global_tooltip_width_mobile&quot;:{&quot;unit&quot;:&quot;px&quot;,&quot;size&quot;:&quot;&quot;,&quot;sizes&quot;:[]},&quot;element_pack_global_tooltip_padding&quot;:{&quot;unit&quot;:&quot;px&quot;,&quot;top&quot;:&quot;&quot;,&quot;right&quot;:&quot;&quot;,&quot;bottom&quot;:&quot;&quot;,&quot;left&quot;:&quot;&quot;,&quot;isLinked&quot;:true},&quot;element_pack_global_tooltip_padding_tablet&quot;:{&quot;unit&quot;:&quot;px&quot;,&quot;top&quot;:&quot;&quot;,&quot;right&quot;:&quot;&quot;,&quot;bottom&quot;:&quot;&quot;,&quot;left&quot;:&quot;&quot;,&quot;isLinked&quot;:true},&quot;element_pack_global_tooltip_padding_mobile&quot;:{&quot;unit&quot;:&quot;px&quot;,&quot;top&quot;:&quot;&quot;,&quot;right&quot;:&quot;&quot;,&quot;bottom&quot;:&quot;&quot;,&quot;left&quot;:&quot;&quot;,&quot;isLinked&quot;:true},&quot;element_pack_global_tooltip_border_radius&quot;:{&quot;unit&quot;:&quot;px&quot;,&quot;top&quot;:&quot;&quot;,&quot;right&quot;:&quot;&quot;,&quot;bottom&quot;:&quot;&quot;,&quot;left&quot;:&quot;&quot;,&quot;isLinked&quot;:true},&quot;element_pack_global_tooltip_border_radius_tablet&quot;:{&quot;unit&quot;:&quot;px&quot;,&quot;top&quot;:&quot;&quot;,&quot;right&quot;:&quot;&quot;,&quot;bottom&quot;:&quot;&quot;,&quot;left&quot;:&quot;&quot;,&quot;isLinked&quot;:true},&quot;element_pack_global_tooltip_border_radius_mobile&quot;:{&quot;unit&quot;:&quot;px&quot;,&quot;top&quot;:&quot;&quot;,&quot;right&quot;:&quot;&quot;,&quot;bottom&quot;:&quot;&quot;,&quot;left&quot;:&quot;&quot;,&quot;isLinked&quot;:true}}\" data-elementor-post-type=\"page\">\n\t\t\t\t<div class=\"elementor-element elementor-element-7903d94 e-flex e-con-boxed e-con e-parent\" data-id=\"7903d94\" data-element_type=\"container\" data-e-type=\"container\">\n\t\t\t\t\t<div class=\"e-con-inner\">\n\t\t\t\t<div class=\"elementor-element elementor-element-a313650 sa-column-alignment-center sa-column-icon-right sa-row-alignment-left sa-row-icon-right sa-table-responsive-scroll-no elementor-widget elementor-widget-sky-table\" data-id=\"a313650\" data-element_type=\"widget\" data-e-type=\"widget\" data-widget_type=\"sky-table.default\">\n\t\t\t\t<div class=\"elementor-widget-container\">\n\t\t\t\t\t\n\t\t<table class=\"sa-table\">\n\t\t\t<thead class=\"sa-table__head\">\n\t\t\t\t<tr class=\"sa-table__head-column\">\n\t\t\t\t\t\t\t\t\t\t\t<th class=\"sa-table__head-column-cell elementor-repeater-item-2f84ad3\">\n\t\t\t\t\t\t\t<div class=\"sa-table__head-column-cell-wrap\">\n\t\t\t\t\t\t\t\t<div class=\"sa-table__head-column-cell-text\">\u0110\u1ecba ch\u1ec9<\/div>\n\t\t\t\t\t\t\t\t\t\t\t\t\t\t\t\t\t\t\t<div class=\"sa-table__head-column-cell-icon\">\n\t\t\t\t\t\t\t\t\t\t\t\t\t\t\t\t\t\t\t\t\t<\/div>\n\t\t\t\t\t\t\t\t\t\n\t\t\t\t\t\t\t\t\t\t\t\t\t\t\t\t<\/div>\n\t\t\t\t\t\t<\/th>\n\t\t\t\t\t\t\t\t\t\t\t<th class=\"sa-table__head-column-cell elementor-repeater-item-c55ace9\">\n\t\t\t\t\t\t\t<div class=\"sa-table__head-column-cell-wrap\">\n\t\t\t\t\t\t\t\t<div class=\"sa-table__head-column-cell-text\">\u0110i\u1ec7n tho\u1ea1i<\/div>\n\t\t\t\t\t\t\t\t\t\t\t\t\t\t\t\t\t\t\t<div class=\"sa-table__head-column-cell-icon\">\n\t\t\t\t\t\t\t\t\t\t\t\t\t\t\t\t\t\t\t\t\t<\/div>\n\t\t\t\t\t\t\t\t\t\n\t\t\t\t\t\t\t\t\t\t\t\t\t\t\t\t<\/div>\n\t\t\t\t\t\t<\/th>\n\t\t\t\t\t\t\t\t\t\t\t<th class=\"sa-table__head-column-cell elementor-repeater-item-5a62256\">\n\t\t\t\t\t\t\t<div class=\"sa-table__head-column-cell-wrap\">\n\t\t\t\t\t\t\t\t<div class=\"sa-table__head-column-cell-text\">eMail<\/div>\n\t\t\t\t\t\t\t\t\t\n\t\t\t\t\t\t\t\t\t\t\t\t\t\t\t\t<\/div>\n\t\t\t\t\t\t<\/th>\n\t\t\t\t\t\t\t\t\t\t\t<th class=\"sa-table__head-column-cell elementor-repeater-item-34bc461\">\n\t\t\t\t\t\t\t<div class=\"sa-table__head-column-cell-wrap\">\n\t\t\t\t\t\t\t\t<div class=\"sa-table__head-column-cell-text\">Trang web<\/div>\n\t\t\t\t\t\t\t\t\t\n\t\t\t\t\t\t\t\t\t\t\t\t\t\t\t\t<\/div>\n\t\t\t\t\t\t<\/th>\n\t\t\t\t\t\t\t\t\t<\/tr>\n\t\t\t<\/thead>\n\n\t\t\t<tbody class=\"sa-table__body\">\n\t\t\t\t\t\t\t\t\t<tr class=\"sa-table__body-row\">\n\t\t\t\t\t\t\t\t\t\t\t\t\t\t<td class=\"sa-table__body-row-cell elementor-repeater-item-4137bca\">\n\t\t\t\t\t\t\t\t\t<div class=\"sa-table__body-row-cell-wrap\">\n\t\t\t\t\t\t\t\t\t\t<div class=\"sa-table__body-row-cell-text\">\n\t\t\t\t\t\t\t\t\t\t\tKhu Ph\u01b0\u01a1ng Lai, x\u00e3 L\u00e2m Thao, t\u1ec9nh Ph\u00fa Th\u1ecd\t\t\t\t\t\t\t\t\t\t<\/div>\n\n\t\t\t\t\t\t\t\t\t\t\n\t\t\t\t\t\t\t\t\t\t\t\t\t\t\t\t\t\t\t<\/div>\n\t\t\t\t\t\t\t\t<\/td>\n\t\t\t\t\t\t\t\t\t\t\t\t\t\t\t\t<td class=\"sa-table__body-row-cell elementor-repeater-item-d90753a\">\n\t\t\t\t\t\t\t\t\t<div class=\"sa-table__body-row-cell-wrap\">\n\t\t\t\t\t\t\t\t\t\t<div class=\"sa-table__body-row-cell-text\">\n\t\t\t\t\t\t\t\t\t\t\t210.3825139 - 210.3825140 \/ <br>Fax: 210.3825126 -210.3825.125\t\t\t\t\t\t\t\t\t\t<\/div>\n\n\t\t\t\t\t\t\t\t\t\t\n\t\t\t\t\t\t\t\t\t\t\t\t\t\t\t\t\t\t\t<\/div>\n\t\t\t\t\t\t\t\t<\/td>\n\t\t\t\t\t\t\t\t\t\t\t\t\t\t\t\t<td class=\"sa-table__body-row-cell elementor-repeater-item-9dedf80\">\n\t\t\t\t\t\t\t\t\t<div class=\"sa-table__body-row-cell-wrap\">\n\t\t\t\t\t\t\t\t\t\t<div class=\"sa-table__body-row-cell-text\">\n\t\t\t\t\t\t\t\t\t\t\tsupelt@supelamthao.vn\t\t\t\t\t\t\t\t\t\t<\/div>\n\n\t\t\t\t\t\t\t\t\t\t\n\t\t\t\t\t\t\t\t\t\t\t\t\t\t\t\t\t\t\t<\/div>\n\t\t\t\t\t\t\t\t<\/td>\n\t\t\t\t\t\t\t\t\t\t\t\t\t\t\t\t<td class=\"sa-table__body-row-cell elementor-repeater-item-22b22f9\">\n\t\t\t\t\t\t\t\t\t<div class=\"sa-table__body-row-cell-wrap\">\n\t\t\t\t\t\t\t\t\t\t<div class=\"sa-table__body-row-cell-text\">\n\t\t\t\t\t\t\t\t\t\t\tsupelamthao.vn\t\t\t\t\t\t\t\t\t\t<\/div>\n\n\t\t\t\t\t\t\t\t\t\t\n\t\t\t\t\t\t\t\t\t\t\t\t\t\t\t\t\t\t\t<\/div>\n\t\t\t\t\t\t\t\t<\/td>\n\t\t\t\t\t\t\t\t\t\t\t\t\t<\/tr>\n\t\t\t\t\t\t\t<\/tbody>\n\t\t<\/table>\n\n\t\t\t\t\t\t<\/div>\n\t\t\t\t<\/div>\n\t\t\t\t<div class=\"elementor-element elementor-element-3c0223f elementor-widget elementor-widget-google_maps\" data-id=\"3c0223f\" data-element_type=\"widget\" data-e-type=\"widget\" data-widget_type=\"google_maps.default\">\n\t\t\t\t\t\t\t<div class=\"elementor-custom-embed\">\n\t\t\t<iframe loading=\"lazy\"\n\t\t\t\t\tsrc=\"https:\/\/maps.google.com\/maps?q=C%C3%B4ng%20ty%20CP%20Supe%20Ph%E1%BB%91t%20ph%C3%A1t%20v%C3%A0%20H%C3%B3a%20ch%E1%BA%A5t%20L%C3%A2m%20Thao%2C%2087PR%2BGHP%2C%20Th%E1%BA%A1ch%20S%C6%A1n%2C%20L%C3%A2m%20Thao%2C%20Ph%C3%BA%20Th%E1%BB%8D&#038;t=m&#038;z=20&#038;output=embed&#038;iwloc=near\"\n\t\t\t\t\ttitle=\"C\u00f4ng ty CP Supe Ph\u1ed1t ph\u00e1t v\u00e0 H\u00f3a ch\u1ea5t L\u00e2m Thao, 87PR+GHP, Th\u1ea1ch S\u01a1n, L\u00e2m Thao, Ph\u00fa Th\u1ecd\"\n\t\t\t\t\taria-label=\"C\u00f4ng ty CP Supe Ph\u1ed1t ph\u00e1t v\u00e0 H\u00f3a ch\u1ea5t L\u00e2m Thao, 87PR+GHP, Th\u1ea1ch S\u01a1n, L\u00e2m Thao, Ph\u00fa Th\u1ecd\"\n\t\t\t><\/iframe>\n\t\t<\/div>\n\t\t\t\t\t\t<\/div>\n\t\t\t\t<div class=\"elementor-element elementor-element-dc3abe7 elementor-widget elementor-widget-heading\" data-id=\"dc3abe7\" data-element_type=\"widget\" data-e-type=\"widget\" data-widget_type=\"heading.default\">\n\t\t\t\t\t<h3 class=\"elementor-heading-title elementor-size-default\">Li\u00ean h\u1ec7<\/h3>\t\t\t\t<\/div>\n\t\t\t\t<div class=\"elementor-element elementor-element-0d928c1 ui-e-submit-align-stretch elementor-widget elementor-widget-uicore-contact-form\" data-id=\"0d928c1\" data-element_type=\"widget\" data-e-type=\"widget\" data-widget_type=\"uicore-contact-form.default\">\n\t\t\t\t\t\n        <form class=\"ui-e-form\" method=\"post\" name=\"New Form\">\n\n            <input type=\"hidden\" name=\"post_id\" value=\"382\" \/>\n            <input type=\"hidden\" name=\"widget_type\" value=\"contact-form\">\n\n            <input type=\"hidden\" name=\"required_fields_message\" value=\"Fill all required fields.\">\n\n            <div class=\"ui-e-fields-wrp\">\n\n                \n                    <div class=\"ui-e-field-type-text ui-e-field-group elementor-column ui-e-field-group-name elementor-col-100\">\n                                                    <label for=\"form-field-name\" class=\"ui-e-label\">\n                                T\u00ean                            <\/label>\n                                                            <input size=\"1\" type=\"text\" name=\"form_fields[name]\" id=\"form-field-name\" class=\"ui-e-field  ui-e-field-textual\" placeholder=\"T\u00ean ng\u01b0\u1eddi li\u00ean h\u1ec7\">\n                                            <\/div>\n\n                \n                    <div class=\"ui-e-field-type-email ui-e-field-group elementor-column ui-e-field-group-email elementor-col-100  ui-e-required\">\n                                                    <label for=\"form-field-email\" class=\"ui-e-label\">\n                                Email                            <\/label>\n                                                            <input size=\"1\" type=\"email\" name=\"form_fields[email]\" id=\"form-field-email\" class=\"ui-e-field  ui-e-field-textual\" placeholder=\"Email ng\u01b0\u1eddi li\u00ean h\u1ec7\" required=\"required\" aria-required=\"true\">\n                                            <\/div>\n\n                \n                    <div class=\"ui-e-field-type-address ui-e-field-group elementor-column ui-e-field-group-address elementor-col-100\">\n                                                    <label for=\"form-field-address\" class=\"ui-e-label\">\n                                address (honeypot)                            <\/label>\n                            <input class=\"ui-e-field ui-e-h-p \" name=\"ui-e-h-p\" id=\"ui-e-h-p\" autocomplete=\"off\" tabindex=\"-1\"><\/input>                    <\/div>\n\n                \n                    <div class=\"ui-e-field-type-textarea ui-e-field-group elementor-column ui-e-field-group-message elementor-col-100\">\n                                                    <label for=\"form-field-message\" class=\"ui-e-label\">\n                                N\u1ed9i dung                            <\/label>\n                            <textarea class=\"ui-e-field \" name=\"form_fields[message]\" id=\"form-field-message\" rows=\"4\" placeholder=\"Nh\u1eadp n\u1ed9i dung c\u1ea7n li\u00ean h\u1ec7\"><\/textarea>                    <\/div>\n\n                \n                <div class=\"ui-e-field-group elementor-column ui-e-field-type-submit elementor-col-100 e-form__buttons\">\n                    <button type=\"submit\" class=\"elementor-button\">\n                        <span >\n                                                            <span class=\"\">\n                                                                                                        <\/span>\n                                                                                        <span class=\"ui-e-text\">G\u1eedi<\/span>\n                                                    <\/span>\n                    <\/button>\n                <\/div>\n\n            <\/div>\n\n            <div class=\"ui-e-message \">\n                            <\/div>\n        <\/form>\n                <script>\n            window.ui_e_form_validation_messages = {\"required_fields\":\"Fill all required fields.\"};\n        <\/script>\n\t\t\t\t<\/div>\n\t\t\t\t\t<\/div>\n\t\t\t\t<\/div>\n\t\t\t\t<\/div>\n\t\t","protected":false},"excerpt":{"rendered":"<p>\u0110\u1ecba ch\u1ec9 \u0110i\u1ec7n tho\u1ea1i eMail Trang web Khu Ph\u01b0\u01a1ng Lai, x\u00e3 L\u00e2m Thao, t\u1ec9nh Ph\u00fa Th\u1ecd 210.3825139 &#8211; 210.3825140 \/ Fax: 210.3825126 [&hellip;]<\/p>\n","protected":false},"author":1,"featured_media":383,"parent":0,"menu_order":0,"comment_status":"closed","ping_status":"closed","template":"","meta":{"footnotes":""},"class_list":["post-382","page","type-page","status-publish","has-post-thumbnail","hentry"],"_links":{"self":[{"href":"https:\/\/supelamthao.vn\/index.php?rest_route=\/wp\/v2\/pages\/382","targetHints":{"allow":["GET"]}}],"collection":[{"href":"https:\/\/supelamthao.vn\/index.php?rest_route=\/wp\/v2\/pages"}],"about":[{"href":"https:\/\/supelamthao.vn\/index.php?rest_route=\/wp\/v2\/types\/page"}],"author":[{"embeddable":true,"href":"https:\/\/supelamthao.vn\/index.php?rest_route=\/wp\/v2\/users\/1"}],"replies":[{"embeddable":true,"href":"https:\/\/supelamthao.vn\/index.php?rest_route=%2Fwp%2Fv2%2Fcomments&post=382"}],"version-history":[{"count":7,"href":"https:\/\/supelamthao.vn\/index.php?rest_route=\/wp\/v2\/pages\/382\/revisions"}],"predecessor-version":[{"id":5814,"href":"https:\/\/supelamthao.vn\/index.php?rest_route=\/wp\/v2\/pages\/382\/revisions\/5814"}],"wp:featuredmedia":[{"embeddable":true,"href":"https:\/\/supelamthao.vn\/index.php?rest_route=\/wp\/v2\/media\/383"}],"wp:attachment":[{"href":"https:\/\/supelamthao.vn\/index.php?rest_route=%2Fwp%2Fv2%2Fmedia&parent=382"}],"curies":[{"name":"wp","href":"https:\/\/api.w.org\/{rel}","templated":true}]}}