{"id":369,"date":"2025-10-07T03:10:30","date_gmt":"2025-10-07T03:10:30","guid":{"rendered":"https:\/\/embedai.cloud\/?page_id=369"},"modified":"2025-10-07T03:48:05","modified_gmt":"2025-10-07T03:48:05","slug":"trung-tam-doi-moi","status":"publish","type":"page","link":"https:\/\/supelamthao.vn\/?page_id=369","title":{"rendered":"Trung t\u00e2m \u0111\u1ed5i m\u1edbi"},"content":{"rendered":"\t\t<div data-elementor-type=\"wp-page\" data-elementor-id=\"369\" class=\"elementor elementor-369\" data-elementor-settings=\"{&quot;element_pack_global_tooltip_width&quot;:{&quot;unit&quot;:&quot;px&quot;,&quot;size&quot;:&quot;&quot;,&quot;sizes&quot;:[]},&quot;element_pack_global_tooltip_width_tablet&quot;:{&quot;unit&quot;:&quot;px&quot;,&quot;size&quot;:&quot;&quot;,&quot;sizes&quot;:[]},&quot;element_pack_global_tooltip_width_mobile&quot;:{&quot;unit&quot;:&quot;px&quot;,&quot;size&quot;:&quot;&quot;,&quot;sizes&quot;:[]},&quot;element_pack_global_tooltip_padding&quot;:{&quot;unit&quot;:&quot;px&quot;,&quot;top&quot;:&quot;&quot;,&quot;right&quot;:&quot;&quot;,&quot;bottom&quot;:&quot;&quot;,&quot;left&quot;:&quot;&quot;,&quot;isLinked&quot;:true},&quot;element_pack_global_tooltip_padding_tablet&quot;:{&quot;unit&quot;:&quot;px&quot;,&quot;top&quot;:&quot;&quot;,&quot;right&quot;:&quot;&quot;,&quot;bottom&quot;:&quot;&quot;,&quot;left&quot;:&quot;&quot;,&quot;isLinked&quot;:true},&quot;element_pack_global_tooltip_padding_mobile&quot;:{&quot;unit&quot;:&quot;px&quot;,&quot;top&quot;:&quot;&quot;,&quot;right&quot;:&quot;&quot;,&quot;bottom&quot;:&quot;&quot;,&quot;left&quot;:&quot;&quot;,&quot;isLinked&quot;:true},&quot;element_pack_global_tooltip_border_radius&quot;:{&quot;unit&quot;:&quot;px&quot;,&quot;top&quot;:&quot;&quot;,&quot;right&quot;:&quot;&quot;,&quot;bottom&quot;:&quot;&quot;,&quot;left&quot;:&quot;&quot;,&quot;isLinked&quot;:true},&quot;element_pack_global_tooltip_border_radius_tablet&quot;:{&quot;unit&quot;:&quot;px&quot;,&quot;top&quot;:&quot;&quot;,&quot;right&quot;:&quot;&quot;,&quot;bottom&quot;:&quot;&quot;,&quot;left&quot;:&quot;&quot;,&quot;isLinked&quot;:true},&quot;element_pack_global_tooltip_border_radius_mobile&quot;:{&quot;unit&quot;:&quot;px&quot;,&quot;top&quot;:&quot;&quot;,&quot;right&quot;:&quot;&quot;,&quot;bottom&quot;:&quot;&quot;,&quot;left&quot;:&quot;&quot;,&quot;isLinked&quot;:true}}\" data-elementor-post-type=\"page\">\n\t\t\t\t<div class=\"elementor-element elementor-element-abdae1f e-flex e-con-boxed e-con e-parent\" data-id=\"abdae1f\" data-element_type=\"container\" data-e-type=\"container\">\n\t\t\t\t\t<div class=\"e-con-inner\">\n\t\t\t\t<div class=\"elementor-element elementor-element-31bfc11 elementor-widget elementor-widget-text-editor\" data-id=\"31bfc11\" data-element_type=\"widget\" data-e-type=\"widget\" data-widget_type=\"text-editor.default\">\n\t\t\t\t\t\t\t\t\t<p><strong>\u0110\u1ea7u t\u01b0 v\u00e0o nghi\u00ean c\u1ee9u v\u00e0 ph\u00e1t tri\u1ec3n \u0111\u01b0\u1ee3c coi l\u00e0 nhi\u1ec7m v\u1ee5 tr\u1ecdng t\u00e2m xuy\u00ean su\u1ed1t trong qu\u00e1 tr\u00ecnh ph\u00e1t tri\u1ec3n c\u00f4ng ty, l\u00e0 \u0111\u1ed9ng l\u1ef1c t\u1ea1o ra nh\u1eefng kh\u00e1c bi\u1ec7t mang th\u01b0\u01a1ng hi\u1ec7u &#8220;Supe L\u00e2m Thao&#8221;\u00a0v\u00ec n\u00f4ng d\u00e2n v\u00e0 n\u1ec1n n\u00f4ng nghi\u1ec7p Vi\u1ec7t Nam.<\/strong><\/p>\t\t\t\t\t\t\t\t<\/div>\n\t\t\t\t\t<\/div>\n\t\t\t\t<\/div>\n\t\t<div class=\"elementor-element elementor-element-d11fee8 e-flex e-con-boxed e-con e-parent\" data-id=\"d11fee8\" data-element_type=\"container\" data-e-type=\"container\">\n\t\t\t\t\t<div class=\"e-con-inner\">\n\t\t\t\t<div class=\"elementor-element elementor-element-a9afcb9 elementor--h-position-center elementor--v-position-middle elementor-arrows-position-inside elementor-pagination-position-inside elementor-widget elementor-widget-slides\" data-id=\"a9afcb9\" data-element_type=\"widget\" data-e-type=\"widget\" data-settings=\"{&quot;navigation&quot;:&quot;both&quot;,&quot;autoplay&quot;:&quot;yes&quot;,&quot;pause_on_hover&quot;:&quot;yes&quot;,&quot;pause_on_interaction&quot;:&quot;yes&quot;,&quot;autoplay_speed&quot;:5000,&quot;infinite&quot;:&quot;yes&quot;,&quot;transition&quot;:&quot;slide&quot;,&quot;transition_speed&quot;:500}\" data-widget_type=\"slides.default\">\n\t\t\t\t\t\t\t\t\t\t<div class=\"elementor-slides-wrapper elementor-main-swiper swiper\" role=\"region\" aria-roledescription=\"carousel\" aria-label=\"Slides\" dir=\"ltr\" data-animation=\"fadeInUp\">\n\t\t\t\t<div class=\"swiper-wrapper elementor-slides\">\n\t\t\t\t\t\t\t\t\t\t<div class=\"elementor-repeater-item-84e46c1 swiper-slide\" role=\"group\" aria-roledescription=\"slide\"><div class=\"swiper-slide-bg\" role=\"img\" aria-label=\"101703384\"><\/div><div class=\"elementor-background-overlay\"><\/div><div class=\"swiper-slide-inner\" ><div class=\"swiper-slide-contents\"><div class=\"elementor-slide-heading\">Trung t\u00e2m \u0110\u1ed5i m\u1edbi v\u00e0 Ph\u00e1t tri\u1ec3n<\/div><div class=\"elementor-slide-description\">Trung t\u00e2m R&D c\u1ee7a c\u00f4ng ty l\u00e0 tr\u1ee5 c\u1ed9t quan tr\u1ecdng trong ho\u1ea1t \u0111\u1ed9ng c\u1ee7a Supe L\u00e2m Thao. T\u1eeb \u0111\u00e2y nh\u1eefng s\u1ea3n ph\u1ea9m m\u1edbi v\u00e0 h\u1eefu \u00edch \u0111\u01b0\u1ee3c ra \u0111\u1eddi, nhu c\u1ea7u v\u00e0 c\u00e1c gi\u1ea3i ph\u00e1p canh t\u00e1c cho cho n\u00f4ng d\u00e2n \u0111\u01b0\u1ee3c gi\u1ea3i quy\u1ebft, nh\u1eefng \u0111\u1ed9t ph\u00e1 ti\u00ean phong v\u1ec1 khoa h\u1ecdc c\u00f4ng ngh\u1ec7 \u0111\u01b0\u1ee3c \u00e1p d\u1ee5ng, t\u1ea1o cho c\u00f4ng ty nh\u1eefng b\u01b0\u1edbc ph\u00e1t tri\u1ec3n b\u1ec1n v\u1eefng, tr\u01b0\u1eddng t\u1ed3n, \u0111\u1ed3ng h\u00e0nh c\u00f9ng s\u1ef1 \u0111i l\u00ean c\u1ee7a \u0111\u1ea5t n\u01b0\u1edbc h\u01a1n n\u1eeda th\u1ebf k\u1ef7 qua. <\/div><\/div><\/div><\/div><div class=\"elementor-repeater-item-7f0aeea swiper-slide\" role=\"group\" aria-roledescription=\"slide\"><div class=\"swiper-slide-bg\" role=\"img\" aria-label=\"Light bulb with brain inside the hands of the businessman. The concept of the business idea.\"><\/div><div class=\"elementor-background-overlay\"><\/div><div class=\"swiper-slide-inner\" ><div class=\"swiper-slide-contents\"><div class=\"elementor-slide-heading\">K\u1ebf th\u1eeba di s\u1ea3n \u0111\u1ed5i m\u1edbi<\/div><div class=\"elementor-slide-description\">K\u1ebf th\u1eeba, ph\u00e1t huy truy\u1ec1n th\u1ed1ng t\u1ea1o n\u00ean n\u00e9t \u0111\u1eb9p v\u0103n h\u00f3a c\u1ee7a Supe L\u00e2m thao. Ch\u00fang t\u00f4i lu\u00f4n \u00fd th\u1ee9c truy\u1ec1n th\u1ed1ng l\u00e0 ngu\u1ed3n c\u1ed9i t\u1ea1o n\u00ean s\u1ee9c m\u1ea1nh cho \u0111\u1ed5i m\u1edbi v\u00e0 ph\u00e1t tri\u1ec3n, g\u1eafn k\u1ebft c\u00e1c th\u1ebf h\u1ec7 ng\u01b0\u1eddi lao \u0111\u1ed9ng c\u00f4ng ty c\u00f9ng chung tay vun \u0111\u1eafp, x\u00e2y d\u1ef1ng ng\u00f4i nh\u00e0 chung \" Supe L\u00e2m thao\". Ph\u00e1t huy th\u1ebf m\u1ea1nh c\u00e1c s\u1ea3n ph\u1ea9m truy\u1ec1n th\u1ed1ng, nghi\u00ean c\u1ee9u th\u1eed nghi\u1ec7m t\u1ed1i \u01b0u h\u00f3a dinh d\u01b0\u1ee1ng \u0111i \u0111\u00f4i c\u1ea3i ti\u1ebfn v\u1edbi ph\u00e1t tri\u1ec3n c\u00e1c d\u00f2ng s\u1ea3n ph\u1ea9m m\u1edbi ng\u00e0y c\u00e0ng th\u00edch \u1ee9ng bi\u1ebfn \u0111\u1ed5i kh\u00ed h\u1eadu, th\u1ed5 nh\u01b0\u1ee1ng, t\u1eebng lo\u1ea1i c\u00e2y tr\u1ed3ng ph\u1ee5c v\u1ee5 b\u00e0 con n\u00f4ng d\u00e2n.<\/div><\/div><\/div><\/div><div class=\"elementor-repeater-item-93f848d swiper-slide\" role=\"group\" aria-roledescription=\"slide\"><div class=\"swiper-slide-bg\" role=\"img\" aria-label=\"dieu-kien-bao-ho-sang-che-1551\"><\/div><div class=\"elementor-background-overlay\"><\/div><div class=\"swiper-slide-inner\" ><div class=\"swiper-slide-contents\"><div class=\"elementor-slide-heading\">Gi\u1ea3i ph\u00e1p c\u1ea3i ti\u1ebfn<\/div><div class=\"elementor-slide-description\">B\u00ean c\u1ea1nh c\u00e1c s\u1ea3n ph\u1ea9m truy\u1ec1n th\u1ed1ng, v\u1edbi xu th\u1ebf n\u00f4ng nghi\u1ec7p s\u1ea1ch, n\u00f4ng nghi\u1ec7p h\u1eefu c\u01a1, hay s\u1ea3n ph\u1ea9m th\u00e2n thi\u1ec7n m\u00f4i tr\u01b0\u1eddng, ch\u00fang t\u00f4i \u0111ang t\u1eebng b\u01b0\u1edbc \u0111\u1ed9t ph\u00e1 t\u1ea1o ra d\u00f2ng s\u1ea3n ph\u1ea9m ph\u00e2n b\u00f3n ch\u1ea5t l\u01b0\u1ee3ng cao \"th\u1ebf h\u1ec7 m\u1edbi\" v\u1edbi s\u1ea3n ph\u1ea9m ph\u00e2n h\u1eefu c\u01a1 kho\u00e1ng, ph\u00e2n v\u00f4 c\u01a1 k\u1ebft h\u1ee3p vi sinh mang l\u1ea1i l\u1ee3i \u00edch t\u1ed1i \u01b0u nh\u1ea5t cho ng\u01b0\u1eddi s\u1eed d\u1ee5ng. Ch\u00fang t\u00f4i nghi\u00ean c\u1ee9u c\u1ea3i ti\u1ebfn ph\u01b0\u01a1ng th\u1ee9c s\u1eed d\u1ee5ng ph\u00e2n b\u00f3n hi\u1ec7u qu\u1ea3 th\u00f4ng qua c\u00e1c m\u00f4 h\u00ecnh th\u1eed nghi\u1ec7m, ph\u1ed1i h\u1ee3p c\u00e1c lo\u1ea1i c\u00f4ng th\u1ee9c ph\u00e2n b\u00f3n v\u1edbi ti\u00eau ch\u00ed t\u1ed1t nh\u1ea5t \u0111\u1ec3 ph\u1ee5c v\u1ee5 canh t\u00e1c hi\u1ec7u qu\u1ea3, \u0111\u00e1p \u1ee9ng y\u00eau c\u1ea7u s\u1eed d\u1ee5ng ph\u00e2n b\u00f3n theo c\u00f4ng th\u1ee9c \"\u0110\u00fang ch\u1ee7ng lo\u1ea1i\"; \"\u0110\u00fang li\u1ec1u l\u01b0\u1ee3ng\"; \"\u0110\u00fang th\u1eddi \u0111i\u1ec3m\"; \"\u0110\u00fang c\u00e1ch\", mang l\u1ea1i ch\u1ea5t l\u01b0\u1ee3ng cao, ch\u1ed1ng l\u1ea1i s\u1ef1 b\u1ea1c m\u00e0u nhanh ch\u00f3ng c\u1ee7a \u0111\u1ea5t, ch\u1ed1ng l\u1ea1i xu h\u01b0\u1edbng sa m\u1ea1c h\u00f3a v\u00e0 l\u1ea5y l\u1ea1i \u0111\u1ed9 ph\u00ec nhi\u00eau cho \u0111\u1ea5t tr\u1ed3ng.<\/div><\/div><\/div><\/div><div class=\"elementor-repeater-item-672c10b swiper-slide\" role=\"group\" aria-roledescription=\"slide\"><div class=\"swiper-slide-bg\" role=\"img\" aria-label=\"congnghe40\"><\/div><div class=\"elementor-background-overlay\"><\/div><div class=\"swiper-slide-inner\" ><div class=\"swiper-slide-contents\"><div class=\"elementor-slide-heading\">\u1ee8ng d\u1ee5ng c\u00f4ng ngh\u1ec7 4.0<\/div><div class=\"elementor-slide-description\">Tr\u01b0\u1edbc s\u1ef1 ph\u00e1t tri\u1ec3n cu\u1ed9c c\u00e1ch m\u1ea1ng 4.0 to\u00e0n c\u1ea7u,  Supe L\u00e2m Thao kh\u00f4ng n\u1eb1m ngo\u00e0i d\u00f2ng ch\u1ea3y \u1ea5y, ch\u00fang t\u00f4i d\u00e0nh nhi\u1ec1u ngu\u1ed3n l\u1ef1c cho \u0111\u1ea7u t\u01b0 ph\u00e1t tri\u1ec3n, t\u1eebng b\u01b0\u1edbc s\u1ed1 h\u00f3a trong qu\u1ea3n tr\u1ecb C\u00f4ng ty v\u00e0 trong \u0111\u00e0o t\u1ea1o ngu\u1ed3n nh\u00e2n l\u1ef1c. \u0110\u1ea7u t\u01b0 \u0111\u1ed5i m\u1edbi thi\u1ebft b\u1ecb c\u00f4ng ngh\u1ec7, c\u00f9ng v\u1edbi \u0111\u1ed1i m\u1edbi ph\u01b0\u01a1ng th\u1ee9c qu\u1ea3n tr\u1ecb.  Supe L\u00e2m Thao l\u00e0 doanh nghi\u1ec7p s\u1ea3n xu\u1ea5t ph\u00e2n b\u00f3n ti\u00ean phong \u1edf Vi\u1ec7t Nam s\u1eed d\u1ee5ng tem th\u00f4ng minh g\u1eafn m\u00e3 QR cho s\u1ea3n ph\u1ea9m c\u00f3 truy\u1ec1n th\u1ed1ng l\u00e2u \u0111\u1eddi c\u1ee7a m\u00ecnh. Th\u00f4ng qua tem t\u0103ng c\u01b0\u1eddng s\u1ef1 t\u01b0\u01a1ng t\u00e1c,  g\u1eafn k\u1ebft C\u00f4ng ty v\u1edbi ng\u01b0\u1eddi s\u1eed d\u1ee5ng ph\u00e2n b\u00f3n, kh\u1eb3ng \u0111\u1ecbnh th\u01b0\u01a1ng hi\u1ec7u s\u1ea3n ph\u1ea9m tr\u00ean th\u1ecb tr\u01b0\u1eddng.  \u0110\u1eb7c bi\u1ec7t, tem g\u1eafn m\u00e3 QR l\u00e0 c\u00f4ng c\u1ee5 gi\u00fap ng\u01b0\u1eddi d\u00e2n d\u1ec5 d\u00e0ng nh\u1eadn di\u1ec7n h\u00e0ng ch\u00ednh h\u00e3ng, ph\u00e2n bi\u1ec7t h\u00e0ng gi\u1ea3, h\u00e0ng nh\u00e1i. C\u0169ng th\u00f4ng qua tem n\u00e0y, ch\u00fang t\u00f4i c\u00f3 th\u1ec3 tri\u1ec3n khai c\u00e1c ch\u01b0\u01a1ng tr\u00ecnh giao l\u01b0u, khuy\u1ebfn m\u1ea1i \u0111\u1ebfn t\u1eadn tay ng\u01b0\u1eddi ti\u00eau d\u00f9ng.<\/div><\/div><\/div><\/div><div class=\"elementor-repeater-item-c7a1c6a swiper-slide\" role=\"group\" aria-roledescription=\"slide\"><div class=\"swiper-slide-bg\" role=\"img\" aria-label=\"dinguselearnerspriorknowledge-980x550\"><\/div><div class=\"elementor-background-overlay\"><\/div><div class=\"swiper-slide-inner\" ><div class=\"swiper-slide-contents\"><div class=\"elementor-slide-heading\">Ki\u1ebfn th\u1ee9c v\u00e0 Kinh nghi\u1ec7m<\/div><div class=\"elementor-slide-description\">\u00c1p d\u1ee5ng c\u00e1c ti\u1ebfn b\u1ed9 khoa h\u1ecdc c\u00f4ng ngh\u1ec7 trong qu\u1ea3n tr\u1ecb doanh nghi\u1ec7p, v\u1eadn h\u00e0nh c\u00e1c d\u00e2y chuy\u1ec1n s\u1ea3n xu\u1ea5t, k\u1ebf th\u1eeba kinh nghi\u1ec7m c\u1ee7a th\u1ebf h\u1ec7 \u0111i tr\u01b0\u1edbc trong ph\u01b0\u01a1ng th\u1ee9c kinh doanh, ch\u00fang t\u00f4i tin r\u1eb1ng kho t\u00e0ng kinh nghi\u1ec7m qu\u00fd b\u00e1u \u0111\u00f3 l\u00e0 \u0111i\u1ec3m t\u1ef1a d\u1eabn d\u1eaft, c\u00f9ng \u0111\u1ed5i m\u1edbi, ph\u00e1t huy s\u00e1ng ki\u1ebfn c\u1ea3i ti\u1ebfn k\u1ef9 thu\u1eadt l\u00e0 nh\u1eefng y\u1ebfu t\u1ed1 t\u1ea1o n\u00ean s\u1ef1 \u0111\u1ed9c \u0111\u00e1o v\u1ec1 khoa h\u1ecdc c\u1ee7a C\u00f4ng ty. Ch\u00fang t\u00f4i lu\u00f4n mong mu\u1ed1n \u0111\u01b0\u1ee3c chia s\u1ebb kinh nghi\u1ec7m c\u1ee7a m\u00ecnh trong l\u0129nh v\u1ef1c dinh d\u01b0\u1ee1ng c\u00e2y tr\u1ed3ng v\u1edbi ng\u01b0\u1eddi n\u00f4ng d\u00e2n c\u1ea3 n\u01b0\u1edbc<\/div><\/div><\/div><\/div>\t\t\t\t<\/div>\n\t\t\t\t\t\t\t\t\t\t\t\t\t\t\t<div class=\"elementor-swiper-button elementor-swiper-button-prev\" role=\"button\" tabindex=\"0\" aria-label=\"Previous slide\">\n\t\t\t\t\t\t\t<svg aria-hidden=\"true\" class=\"e-font-icon-svg e-eicon-chevron-left\" viewBox=\"0 0 1000 1000\" xmlns=\"http:\/\/www.w3.org\/2000\/svg\"><path d=\"M646 125C629 125 613 133 604 142L308 442C296 454 292 471 292 487 292 504 296 521 308 533L604 854C617 867 629 875 646 875 663 875 679 871 692 858 704 846 713 829 713 812 713 796 708 779 692 767L438 487 692 225C700 217 708 204 708 187 708 171 704 154 692 142 675 129 663 125 646 125Z\"><\/path><\/svg>\t\t\t\t\t\t<\/div>\n\t\t\t\t\t\t<div class=\"elementor-swiper-button elementor-swiper-button-next\" role=\"button\" tabindex=\"0\" aria-label=\"Next slide\">\n\t\t\t\t\t\t\t<svg aria-hidden=\"true\" class=\"e-font-icon-svg e-eicon-chevron-right\" viewBox=\"0 0 1000 1000\" xmlns=\"http:\/\/www.w3.org\/2000\/svg\"><path d=\"M696 533C708 521 713 504 713 487 713 471 708 454 696 446L400 146C388 133 375 125 354 125 338 125 325 129 313 142 300 154 292 171 292 187 292 204 296 221 308 233L563 492 304 771C292 783 288 800 288 817 288 833 296 850 308 863 321 871 338 875 354 875 371 875 388 867 400 854L696 533Z\"><\/path><\/svg>\t\t\t\t\t\t<\/div>\n\t\t\t\t\t\t\t\t\t\t\t\t\t\t\t\t<div class=\"swiper-pagination\"><\/div>\n\t\t\t\t\t\t\t\t\t\t\t\t<\/div>\n\t\t\t\t\t\t\t\t<\/div>\n\t\t\t\t\t<\/div>\n\t\t\t\t<\/div>\n\t\t\t\t<\/div>\n\t\t","protected":false},"excerpt":{"rendered":"<p>\u0110\u1ea7u t\u01b0 v\u00e0o nghi\u00ean c\u1ee9u v\u00e0 ph\u00e1t tri\u1ec3n \u0111\u01b0\u1ee3c coi l\u00e0 nhi\u1ec7m v\u1ee5 tr\u1ecdng t\u00e2m xuy\u00ean su\u1ed1t trong qu\u00e1 tr\u00ecnh ph\u00e1t tri\u1ec3n [&hellip;]<\/p>\n","protected":false},"author":1,"featured_media":370,"parent":0,"menu_order":0,"comment_status":"closed","ping_status":"closed","template":"","meta":{"footnotes":""},"class_list":["post-369","page","type-page","status-publish","has-post-thumbnail","hentry"],"_links":{"self":[{"href":"https:\/\/supelamthao.vn\/index.php?rest_route=\/wp\/v2\/pages\/369","targetHints":{"allow":["GET"]}}],"collection":[{"href":"https:\/\/supelamthao.vn\/index.php?rest_route=\/wp\/v2\/pages"}],"about":[{"href":"https:\/\/supelamthao.vn\/index.php?rest_route=\/wp\/v2\/types\/page"}],"author":[{"embeddable":true,"href":"https:\/\/supelamthao.vn\/index.php?rest_route=\/wp\/v2\/users\/1"}],"replies":[{"embeddable":true,"href":"https:\/\/supelamthao.vn\/index.php?rest_route=%2Fwp%2Fv2%2Fcomments&post=369"}],"version-history":[{"count":4,"href":"https:\/\/supelamthao.vn\/index.php?rest_route=\/wp\/v2\/pages\/369\/revisions"}],"predecessor-version":[{"id":381,"href":"https:\/\/supelamthao.vn\/index.php?rest_route=\/wp\/v2\/pages\/369\/revisions\/381"}],"wp:featuredmedia":[{"embeddable":true,"href":"https:\/\/supelamthao.vn\/index.php?rest_route=\/wp\/v2\/media\/370"}],"wp:attachment":[{"href":"https:\/\/supelamthao.vn\/index.php?rest_route=%2Fwp%2Fv2%2Fmedia&parent=369"}],"curies":[{"name":"wp","href":"https:\/\/api.w.org\/{rel}","templated":true}]}}