{"id":325,"date":"2025-10-07T02:26:52","date_gmt":"2025-10-07T02:26:52","guid":{"rendered":"https:\/\/embedai.cloud\/?page_id=325"},"modified":"2025-10-07T02:33:48","modified_gmt":"2025-10-07T02:33:48","slug":"quan-ly-moi-truong","status":"publish","type":"page","link":"https:\/\/supelamthao.vn\/?page_id=325","title":{"rendered":"Qu\u1ea3n l\u00fd m\u00f4i tr\u01b0\u1eddng"},"content":{"rendered":"\t\t<div data-elementor-type=\"wp-page\" data-elementor-id=\"325\" class=\"elementor elementor-325\" data-elementor-settings=\"{&quot;element_pack_global_tooltip_width&quot;:{&quot;unit&quot;:&quot;px&quot;,&quot;size&quot;:&quot;&quot;,&quot;sizes&quot;:[]},&quot;element_pack_global_tooltip_width_tablet&quot;:{&quot;unit&quot;:&quot;px&quot;,&quot;size&quot;:&quot;&quot;,&quot;sizes&quot;:[]},&quot;element_pack_global_tooltip_width_mobile&quot;:{&quot;unit&quot;:&quot;px&quot;,&quot;size&quot;:&quot;&quot;,&quot;sizes&quot;:[]},&quot;element_pack_global_tooltip_padding&quot;:{&quot;unit&quot;:&quot;px&quot;,&quot;top&quot;:&quot;&quot;,&quot;right&quot;:&quot;&quot;,&quot;bottom&quot;:&quot;&quot;,&quot;left&quot;:&quot;&quot;,&quot;isLinked&quot;:true},&quot;element_pack_global_tooltip_padding_tablet&quot;:{&quot;unit&quot;:&quot;px&quot;,&quot;top&quot;:&quot;&quot;,&quot;right&quot;:&quot;&quot;,&quot;bottom&quot;:&quot;&quot;,&quot;left&quot;:&quot;&quot;,&quot;isLinked&quot;:true},&quot;element_pack_global_tooltip_padding_mobile&quot;:{&quot;unit&quot;:&quot;px&quot;,&quot;top&quot;:&quot;&quot;,&quot;right&quot;:&quot;&quot;,&quot;bottom&quot;:&quot;&quot;,&quot;left&quot;:&quot;&quot;,&quot;isLinked&quot;:true},&quot;element_pack_global_tooltip_border_radius&quot;:{&quot;unit&quot;:&quot;px&quot;,&quot;top&quot;:&quot;&quot;,&quot;right&quot;:&quot;&quot;,&quot;bottom&quot;:&quot;&quot;,&quot;left&quot;:&quot;&quot;,&quot;isLinked&quot;:true},&quot;element_pack_global_tooltip_border_radius_tablet&quot;:{&quot;unit&quot;:&quot;px&quot;,&quot;top&quot;:&quot;&quot;,&quot;right&quot;:&quot;&quot;,&quot;bottom&quot;:&quot;&quot;,&quot;left&quot;:&quot;&quot;,&quot;isLinked&quot;:true},&quot;element_pack_global_tooltip_border_radius_mobile&quot;:{&quot;unit&quot;:&quot;px&quot;,&quot;top&quot;:&quot;&quot;,&quot;right&quot;:&quot;&quot;,&quot;bottom&quot;:&quot;&quot;,&quot;left&quot;:&quot;&quot;,&quot;isLinked&quot;:true}}\" data-elementor-post-type=\"page\">\n\t\t\t\t<div class=\"elementor-element elementor-element-17cb9dd e-flex e-con-boxed e-con e-parent\" data-id=\"17cb9dd\" data-element_type=\"container\" data-e-type=\"container\">\n\t\t\t\t\t<div class=\"e-con-inner\">\n\t\t\t\t<div class=\"elementor-element elementor-element-e799bd7 elementor-widget elementor-widget-text-editor\" data-id=\"e799bd7\" data-element_type=\"widget\" data-e-type=\"widget\" data-widget_type=\"text-editor.default\">\n\t\t\t\t\t\t\t\t\t<p><strong>Supe L\u00e2m Thao \u0111i \u0111\u1ea7u trong l\u0129nh v\u1ef1c c\u00f4ng ngh\u1ec7 nh\u1eb1m \u1ee9ng ph\u00f3 v\u1edbi\u00a0bi\u1ebfn \u0111\u1ed5i kh\u00ed h\u1eadu, b\u1ea3o v\u1ec7 m\u00f4i tr\u01b0\u1eddng v\u00e0 s\u1eed d\u1ee5ng h\u1ee3p l\u00fd t\u00e0i nguy\u00ean. \u00c1p d\u1ee5ng h\u1ec7 th\u1ed1ng qu\u1ea3n l\u00fd m\u00f4i tr\u01b0\u1eddng theo ti\u00eau chu\u1ea9n ISO 14001: 2015 cho to\u00e0n b\u1ed9 c\u00e1c ho\u1ea1t \u0111\u1ed9ng s\u1ea3n xu\u1ea5t kinh doanh c\u1ee7a c\u00f4ng ty.<\/strong><\/p><p><br \/><strong>X\u1eed l\u00fd v\u00e0 tu\u1ea7n ho\u00e0n 100% n\u01b0\u1edbc th\u1ea3i s\u1ea3n\u00a0<\/strong>xu\u1ea5t trong to\u00e0n C\u00f4ng ty, t\u00e1i s\u1eed d\u1ee5ng nh\u1eb1m ti\u1ebft ki\u1ec7m ngu\u1ed3n t\u00e0i nguy\u00ean n\u01b0\u1edbc, v\u00e0 h\u01a1n th\u1ebf n\u1eefa, \u0111\u1ec3 b\u1ea3o v\u1ec7 m\u00f4i tr\u01b0\u1eddng.\u00a0\u0110\u1ea7u t\u01b0 quan tr\u1eafc kh\u00ed th\u1ea3i online cho t\u1ea5t c\u1ea3 c\u00e1c d\u00e2y chuy\u1ec1n s\u1ea3n xu\u1ea5t, \u0111\u1ea3m b\u1ea3o kh\u00ed th\u1ea3i lu\u00f4n \u0111\u1ea1t c\u00e1c ti\u00eau chu\u1ea9n theo quy \u0111\u1ecbnh c\u1ee7a QCVN.\u00a0Quan t\u00e2m c\u00f4ng t\u00e1c ph\u00f2ng ch\u1ed1ng \u00f4 nhi\u1ec5m; Gi\u1ea3m g\u00e1nh n\u1eb7ng \u00f4 nhi\u1ec5m m\u00f4i tr\u01b0\u1eddng th\u00f4ng qua vi\u1ec7c ki\u1ec3m so\u00e1t c\u00e1c ph\u00e1t th\u1ea3i ngay t\u1ea1i ngu\u1ed3n. Thay v\u00ec \u0111\u1ea7u t\u01b0 x\u1eed l\u00fd n\u01b0\u1edbc th\u1ea3i tr\u01b0\u1edbc khi th\u1ea3i ra m\u00f4i tr\u01b0\u1eddng, Supe L\u00e2m Thao \u00e1p d\u1ee5ng gi\u1ea3i ph\u00e1p ho\u00e0n to\u00e0n m\u1edbi \u1edf Vi\u1ec7t Nam v\u00e0 tr\u00ean th\u1ebf gi\u1edbi khi s\u1ea3n xu\u1ea5t ph\u00e2n b\u00f3n Supe L\u00e2n theo c\u00f4ng ngh\u1ec7\u00a0<strong>kh\u00f4ng x\u1ea3 n\u01b0\u1edbc th\u1ea3i, kh\u00f4ng ph\u00e1t sinh ch\u1ea5t th\u1ea3i m\u1edbi.<\/strong><\/p><p>\u00a0<\/p><p>\u00c1p d\u1ee5ng c\u00f4ng ngh\u1ec7 m\u1edbi, ch\u00fang t\u00f4i kh\u00f4ng ch\u1ec9 s\u1eed d\u1ee5ng h\u1ee3p l\u00fd t\u00e0i nguy\u00ean qu\u1eb7ng apatit c\u1ee7a \u0111\u1ea5t n\u01b0\u1edbc \u0111ang d\u1ea7n suy gi\u1ea3m do qu\u00e1 tr\u00ecnh khai th\u00e1c v\u00e0 s\u1eed d\u1ee5ng, c\u00f4ng ngh\u1ec7 m\u1edbi n\u00e0y c\u00f2n c\u00f3 hi\u1ec7u qu\u1ea3 l\u1edbn v\u1ec1 m\u1eb7t x\u00e3 h\u1ed9i, m\u00f4i tr\u01b0\u1eddng: Gi\u1ea3i quy\u1ebft \u0111\u01b0\u1ee3c tri\u1ec7t \u0111\u1ec3 v\u1ea5n \u0111\u1ec1 x\u1eed l\u00fd n\u01b0\u1edbc th\u1ea3i s\u1ea3n xu\u1ea5t supe l\u00e2n, kh\u00f4ng x\u1ea3 n\u01b0\u1edbc th\u1ea3i s\u1ea3n xu\u1ea5t ra m\u00f4i tr\u01b0\u1eddng, kh\u00f4ng ph\u00e1t sinh ra ch\u1ea5t th\u1ea3i m\u1edbi; C\u1ea3i thi\u1ec7n \u0111\u01b0\u1ee3c \u0111i\u1ec1u ki\u1ec7n lao \u0111\u1ed9ng cho ng\u01b0\u1eddi lao \u0111\u1ed9ng.<\/p><p><br \/>Gi\u1ea3i ph\u00e1p n\u00e0y \u0111\u00e3 \u0111\u1ea1t Gi\u1ea3i Nh\u1ea5t Gi\u1ea3i th\u01b0\u1edfng S\u00e1ng t\u1ea1o Khoa h\u1ecdc C\u00f4ng ngh\u1ec7 Vi\u1ec7t Nam (VFFOTEC) n\u0103m 2017 trong l\u0129nh v\u1ef1c C\u00f4ng ngh\u1ec7 nh\u1eb1m \u1ee9ng ph\u00f3 v\u1edbi bi\u1ebfn \u0111\u1ed5i kh\u00ed h\u1eadu, b\u1ea3o v\u1ec7 m\u00f4i tr\u01b0\u1eddng v\u00e0 s\u1eed d\u1ee5ng h\u1ee3p l\u00fd t\u00e0i nguy\u00ean. C\u0169ng gi\u1ea3i ph\u00e1p n\u00e0y, n\u0103m 2018 ti\u1ebfp t\u1ee5c \u0111\u01b0\u1ee3c nh\u1eadn Huy ch\u01b0\u01a1ng B\u1ea1c Gi\u1ea3i th\u01b0\u1edfng Qu\u1ed1c t\u1ebf v\u1ec1 Khoa h\u1ecdc C\u00f4ng ngh\u1ec7 t\u1ea1i H\u00e0n Qu\u1ed1c; Gi\u1ea3i \u0110\u1eb7c bi\u1ec7t v\u1ec1 Khoa h\u1ecdc C\u00f4ng ngh\u1ec7 n\u0103m 2018 c\u1ee7a Tr\u01b0\u01a1\u0300ng \u0110a\u0323i ho\u0323c Hoa\u0300ng gia A\u0309 R\u00e2\u0323p X\u00ea U\u0301t.<\/p><p><br \/>Supe L\u00e2m Thao\u00a0<strong>s\u1eed d\u1ee5ng<\/strong>\u00a0<strong>nhi\u00ean li\u1ec7u sinh kh\u1ed1i<\/strong>\u00a0thay v\u00ec nhi\u00ean li\u1ec7u h\u00f3a th\u1ea1ch trong vi\u1ec7c cung c\u1ea5p nhi\u1ec7t s\u1ea5y trong c\u00e1c d\u00e2y chuy\u1ec1n s\u1ea3n xu\u1ea5t<br \/>S\u1eed d\u1ee5ng nhi\u00ean li\u1ec7u sinh kh\u1ed1i, ch\u00fang t\u00f4i g\u00f3p ph\u1ea7n ti\u1ebft ki\u1ec7m ngu\u1ed3n t\u00e0i nguy\u00ean h\u00f3a th\u1ea1ch \u0111ang d\u1ea7n c\u1ea1n ki\u1ec7t; \u0111\u1ed3ng th\u1eddi g\u00f3p ph\u1ea7n gi\u1ea3m ph\u00e1t th\u1ea3i kh\u00ed nh\u00e0 k\u00ednh, gi\u1ea3m \u00f4 nhi\u1ec5m m\u00f4i tr\u01b0\u1eddng.<\/p><p><br \/>Song song v\u1edbi \u0111\u00f3, ch\u00fang t\u00f4i quan t\u00e2m gi\u1ea3m \u00e1p l\u1ef1c s\u1eed d\u1ee5ng \u0111i\u1ec7n n\u0103ng \u0111\u1ed1i v\u1edbi m\u1ea1ng l\u01b0\u1edbi \u0111i\u1ec7n qu\u1ed1c gia b\u1eb1ng vi\u1ec7c \u0111\u1ea7u t\u01b0 h\u1ec7 th\u1ed1ng ph\u00e1t \u0111i\u1ec7n c\u00f4ng su\u1ea5t 03 MW, nh\u1eb1m t\u1eadn d\u1ee5ng h\u01a1i nhi\u1ec7t th\u1eeba trong qu\u00e1 tr\u00ecnh s\u1ea3n xu\u1ea5t a xit sunfuric t\u1ea1o ra ngu\u1ed3n \u0111i\u1ec7n ph\u1ee5c v\u1ee5 s\u1ea3n xu\u1ea5t kinh doanh.<\/p><p><br \/><strong>S\u1ea3n ph\u1ea9m c\u1ee7a Supe L\u00e2m Thao \u00a0cho m\u1ed9t th\u1ebf gi\u1edbi xanh h\u01a1n<\/strong><\/p><p><br \/>V\u1edbi m\u1ee5c ti\u00eau v\u00ec ng\u01b0\u1eddi ti\u00eau d\u00f9ng, ch\u00fang t\u00f4i s\u1ea3n xu\u1ea5t v\u00e0 cung c\u1ea5p s\u1ea3n ph\u1ea9m \u0111i t\u1eeb c\u00e1c ngu\u1ed3n nguy\u00ean li\u1ec7u s\u1ea1ch, \u0111\u01b0\u1ee3c ki\u1ec3m so\u00e1t ch\u1eb7t ch\u1ebd b\u1edfi quy tr\u00ecnh qu\u1ea3n l\u00fd ch\u1ea5t l\u01b0\u1ee3ng theo ti\u00eau chu\u1ea9n ISO 9001:2015, cung c\u1ea5p cho ng\u01b0\u1eddi ti\u00eau d\u00f9ng c\u00e1c s\u1ea3n ph\u1ea9m s\u1ea1ch, th\u00e2n thi\u1ec7n, kh\u00f4ng g\u00e2y h\u1ea1i m\u00f4i tr\u01b0\u1eddng.<\/p><p><br \/>Nghi\u00ean c\u1ee9u \u1ee9ng d\u1ee5ng khoa h\u1ecdc ti\u00ean ti\u1ebfn s\u1ea3n xu\u1ea5t v\u00e0 cung c\u1ea5p c\u00e1c s\u1ea3n ph\u1ea9m ph\u00e2n b\u00f3n th\u1ebf h\u1ec7 m\u1edbi,<strong>\u00a0ph\u00e2n b\u00f3n b\u1ed5 sung ch\u1ea5t h\u1ed7 tr\u1ee3 n\u00e2ng cao hi\u1ec7u qu\u1ea3 s\u1eed d\u1ee5ng, ph\u00e2n b\u00f3n b\u1ed5 sung vi sinh, ph\u00e2n b\u00f3n h\u1eefu c\u01a1 kho\u00e1ng<\/strong>&#8230; nh\u1eb1m ph\u1ee5c v\u1ee5 n\u1ec1n n\u00f4ng nghi\u1ec7p xanh &#8211; xu h\u01b0\u1edbng t\u1ea5t y\u1ebfu c\u1ee7a n\u1ec1n n\u00f4ng nghi\u1ec7p Vi\u1ec7t Nam theo xu h\u01b0\u1edbng n\u1ec1n n\u00f4ng nghi\u1ec7p th\u1ebf gi\u1edbi: n\u1ec1n n\u00f4ng nghi\u1ec7p v\u0103n minh th\u00edch \u1ee9ng v\u1edbi bi\u1ebfn \u0111\u1ed5i kh\u00ed h\u1eadu.<\/p><p><br \/>C\u00e1c nghi\u00ean c\u1ee9u c\u1ee7a ch\u00fang t\u00f4i \u0111\u01b0a ra c\u00e1ch ti\u1ebfp c\u1eadn dinh d\u01b0\u1ee1ng ch\u00ednh x\u00e1c \u0111\u1ed1i v\u1edbi t\u1eebng lo\u1ea1i ph\u00e2n b\u00f3n cho t\u1eebng lo\u1ea1i c\u00e2y tr\u1ed3ng theo t\u1eebng th\u1eddi \u0111i\u1ec3m sinh tr\u01b0\u1edfng, tr\u00ean t\u1eebng v\u00f9ng \u0111\u1ea5t. C\u00e1c nghi\u00ean c\u1ee9u n\u00e0y \u0111\u01b0a ra ph\u01b0\u01a1ng th\u1ee9c s\u1eed d\u1ee5ng cung c\u1ea5p cho c\u00e2y tr\u1ed3ng ngu\u1ed3n dinh d\u01b0\u1ee1ng c\u00e2n \u0111\u1ed1i, ch\u00ednh x\u00e1c,\u00a0<strong>kh\u00f4ng \u0111\u1ec3 l\u1ea1i d\u01b0 l\u01b0\u1ee3ng trong \u0111\u1ea5t, do \u0111\u00f3 gi\u1ea3m thi\u1ec3u t\u00e1c \u0111\u1ed9ng \u0111\u1ebfn m\u00f4i tr\u01b0\u1eddng\u00a0<\/strong>trong khi v\u1eabn duy tr\u00ec s\u1ea3n l\u01b0\u1ee3ng cao.<\/p>\t\t\t\t\t\t\t\t<\/div>\n\t\t\t\t\t<\/div>\n\t\t\t\t<\/div>\n\t\t\t\t<\/div>\n\t\t","protected":false},"excerpt":{"rendered":"<p>Supe L\u00e2m Thao \u0111i \u0111\u1ea7u trong l\u0129nh v\u1ef1c c\u00f4ng ngh\u1ec7 nh\u1eb1m \u1ee9ng ph\u00f3 v\u1edbi\u00a0bi\u1ebfn \u0111\u1ed5i kh\u00ed h\u1eadu, b\u1ea3o v\u1ec7 m\u00f4i tr\u01b0\u1eddng v\u00e0 [&hellip;]<\/p>\n","protected":false},"author":1,"featured_media":326,"parent":0,"menu_order":0,"comment_status":"closed","ping_status":"closed","template":"","meta":{"footnotes":""},"class_list":["post-325","page","type-page","status-publish","has-post-thumbnail","hentry"],"_links":{"self":[{"href":"https:\/\/supelamthao.vn\/index.php?rest_route=\/wp\/v2\/pages\/325","targetHints":{"allow":["GET"]}}],"collection":[{"href":"https:\/\/supelamthao.vn\/index.php?rest_route=\/wp\/v2\/pages"}],"about":[{"href":"https:\/\/supelamthao.vn\/index.php?rest_route=\/wp\/v2\/types\/page"}],"author":[{"embeddable":true,"href":"https:\/\/supelamthao.vn\/index.php?rest_route=\/wp\/v2\/users\/1"}],"replies":[{"embeddable":true,"href":"https:\/\/supelamthao.vn\/index.php?rest_route=%2Fwp%2Fv2%2Fcomments&post=325"}],"version-history":[{"count":4,"href":"https:\/\/supelamthao.vn\/index.php?rest_route=\/wp\/v2\/pages\/325\/revisions"}],"predecessor-version":[{"id":330,"href":"https:\/\/supelamthao.vn\/index.php?rest_route=\/wp\/v2\/pages\/325\/revisions\/330"}],"wp:featuredmedia":[{"embeddable":true,"href":"https:\/\/supelamthao.vn\/index.php?rest_route=\/wp\/v2\/media\/326"}],"wp:attachment":[{"href":"https:\/\/supelamthao.vn\/index.php?rest_route=%2Fwp%2Fv2%2Fmedia&parent=325"}],"curies":[{"name":"wp","href":"https:\/\/api.w.org\/{rel}","templated":true}]}}