{"id":299,"date":"2025-10-07T01:51:07","date_gmt":"2025-10-07T01:51:07","guid":{"rendered":"https:\/\/embedai.cloud\/?page_id=299"},"modified":"2025-10-07T02:12:41","modified_gmt":"2025-10-07T02:12:41","slug":"muc-tieu-phat-trien-ben-vung","status":"publish","type":"page","link":"https:\/\/supelamthao.vn\/?page_id=299","title":{"rendered":"M\u1ee5c ti\u00eau ph\u00e1t tri\u1ec3n b\u1ec1n v\u1eefng"},"content":{"rendered":"\t\t<div data-elementor-type=\"wp-page\" data-elementor-id=\"299\" class=\"elementor elementor-299\" data-elementor-settings=\"{&quot;element_pack_global_tooltip_width&quot;:{&quot;unit&quot;:&quot;px&quot;,&quot;size&quot;:&quot;&quot;,&quot;sizes&quot;:[]},&quot;element_pack_global_tooltip_width_tablet&quot;:{&quot;unit&quot;:&quot;px&quot;,&quot;size&quot;:&quot;&quot;,&quot;sizes&quot;:[]},&quot;element_pack_global_tooltip_width_mobile&quot;:{&quot;unit&quot;:&quot;px&quot;,&quot;size&quot;:&quot;&quot;,&quot;sizes&quot;:[]},&quot;element_pack_global_tooltip_padding&quot;:{&quot;unit&quot;:&quot;px&quot;,&quot;top&quot;:&quot;&quot;,&quot;right&quot;:&quot;&quot;,&quot;bottom&quot;:&quot;&quot;,&quot;left&quot;:&quot;&quot;,&quot;isLinked&quot;:true},&quot;element_pack_global_tooltip_padding_tablet&quot;:{&quot;unit&quot;:&quot;px&quot;,&quot;top&quot;:&quot;&quot;,&quot;right&quot;:&quot;&quot;,&quot;bottom&quot;:&quot;&quot;,&quot;left&quot;:&quot;&quot;,&quot;isLinked&quot;:true},&quot;element_pack_global_tooltip_padding_mobile&quot;:{&quot;unit&quot;:&quot;px&quot;,&quot;top&quot;:&quot;&quot;,&quot;right&quot;:&quot;&quot;,&quot;bottom&quot;:&quot;&quot;,&quot;left&quot;:&quot;&quot;,&quot;isLinked&quot;:true},&quot;element_pack_global_tooltip_border_radius&quot;:{&quot;unit&quot;:&quot;px&quot;,&quot;top&quot;:&quot;&quot;,&quot;right&quot;:&quot;&quot;,&quot;bottom&quot;:&quot;&quot;,&quot;left&quot;:&quot;&quot;,&quot;isLinked&quot;:true},&quot;element_pack_global_tooltip_border_radius_tablet&quot;:{&quot;unit&quot;:&quot;px&quot;,&quot;top&quot;:&quot;&quot;,&quot;right&quot;:&quot;&quot;,&quot;bottom&quot;:&quot;&quot;,&quot;left&quot;:&quot;&quot;,&quot;isLinked&quot;:true},&quot;element_pack_global_tooltip_border_radius_mobile&quot;:{&quot;unit&quot;:&quot;px&quot;,&quot;top&quot;:&quot;&quot;,&quot;right&quot;:&quot;&quot;,&quot;bottom&quot;:&quot;&quot;,&quot;left&quot;:&quot;&quot;,&quot;isLinked&quot;:true}}\" data-elementor-post-type=\"page\">\n\t\t\t\t<div class=\"elementor-element elementor-element-3ead76f e-flex e-con-boxed e-con e-parent\" data-id=\"3ead76f\" data-element_type=\"container\" data-e-type=\"container\">\n\t\t\t\t\t<div class=\"e-con-inner\">\n\t\t\t\t<div class=\"elementor-element elementor-element-8c93934 elementor-widget elementor-widget-text-editor\" data-id=\"8c93934\" data-element_type=\"widget\" data-e-type=\"widget\" data-widget_type=\"text-editor.default\">\n\t\t\t\t\t\t\t\t\t<p><strong>B\u1ea3o v\u1ec7 m\u00f4i tr\u01b0\u1eddng v\u00e0 h\u01a1n th\u1ebf n\u1eefa. Supe L\u00e2m Thao \u01b0u ti\u00ean ph\u00e1t tri\u1ec3n b\u1ec1n v\u1eefng v\u00e0 d\u1eabn \u0111\u1ea7u c\u00e1c ho\u1ea1t \u0111\u1ed9ng s\u00e2u r\u1ed9ng nh\u1eb1m t\u1ea1o ra m\u1ed9t m\u00f4i tr\u01b0\u1eddng kinh t\u1ebf v\u00e0 x\u00e3 h\u1ed9i b\u1ec1n v\u1eefng.<\/strong><strong>\u00a0<\/strong><\/p><p><br \/>L\u00e0 c\u00f4ng ty c\u00f3 b\u1ec1 d\u00e0y truy\u1ec1n th\u1ed1ng, Supe L\u00e2m Thao lu\u00f4n ti\u00ean phong v\u1edbi c\u00e1c gi\u1ea3i ph\u00e1p s\u00e1ng t\u1ea1o \u0111\u1ec3 ph\u00e1t tri\u1ec3n n\u00f4ng nghi\u1ec7p. B\u00ean c\u1ea1nh \u0111\u00f3, vi\u1ec7c ph\u00e1t tri\u1ec3n b\u1ec1n v\u1eefng v\u00e0 quan t\u00e2m \u0111\u1ebfn m\u00f4i tr\u01b0\u1eddng l\u00e0 m\u1ed9t ph\u1ea7n kh\u00f4ng th\u1ec3 thi\u1ebfu trong \u0111\u1ecbnh h\u01b0\u1edbng ph\u00e1t tri\u1ec3n c\u1ee7a Supe L\u00e2m Thao.\u00a0<\/p><p><br \/>C\u00e1c ho\u1ea1t \u0111\u1ed9ng c\u1ee7a Supe L\u00e2m Thao lu\u00f4n tu\u00e2n th\u1ee7 v\u00e0 \u0111\u01b0\u1ee3c t\u1ed5 ch\u1ee9c ch\u1ee9ng nh\u1eadn qu\u1ed1c t\u1ebf c\u1ea5p ch\u1ee9ng ch\u1ec9: H\u1ec7 th\u1ed1ng qu\u1ea3n l\u00fd ch\u1ea5t l\u01b0\u1ee3ng ph\u00f9 h\u1ee3p ti\u00eau chu\u1ea9n ISO 9001:2015; H\u1ec7 th\u1ed1ng qu\u1ea3n l\u00fd m\u00f4i tr\u01b0\u1eddng ph\u00f9 h\u1ee3p ti\u00eau chu\u1ea9n ISO 14001:2015; H\u1ec7 th\u1ed1ng qu\u1ea3n l\u00fd An to\u00e0n v\u00e0 s\u1ee9c kh\u1ecfe ngh\u1ec1 nghi\u1ec7p theo ti\u00eau chu\u1ea9n ISO 45001:2018.<\/p><p><br \/>Cam k\u1ebft s\u00e2u s\u1eafc v\u1ec1 m\u00f4i tr\u01b0\u1eddng v\u00e0 ph\u00fac l\u1ee3i con ng\u01b0\u1eddi, c\u00f4ng ty lu\u00f4n n\u1ed7 l\u1ef1c ph\u00e1t tri\u1ec3n cu\u1ed9c s\u1ed1ng b\u1ec1n v\u1eefng theo nhi\u1ec1u c\u00e1ch kh\u00e1c nhau.<br \/>V\u00ec m\u1ed1i li\u00ean h\u1ec7 s\u00e2u s\u1eafc v\u1edbi m\u00f4i tr\u01b0\u1eddng, Supe L\u00e2m Thao ch\u1ea5p nh\u1eadn th\u00e1ch th\u1ee9c tr\u1edf th\u00e0nh m\u1ed9t ph\u1ea7n c\u1ee7a n\u1ed7 l\u1ef1c to\u00e0n c\u1ea7u v\u00e0 h\u00e0nh \u0111\u1ed9ng ph\u00f9 h\u1ee3p v\u1edbi c\u00e1c m\u1ee5c ti\u00eau c\u1ee7a Ch\u01b0\u01a1ng tr\u00ecnh Ph\u00e1t tri\u1ec3n b\u1ec1n v\u1eefng c\u1ee7a Li\u00ean h\u1ee3p qu\u1ed1c, v\u1edbi m\u1ee5c \u0111\u00edch khuy\u1ebfn kh\u00edch c\u00e1c doanh nghi\u1ec7p kh\u00e1c th\u1ef1c hi\u1ec7n ch\u00ednh s\u00e1ch x\u00e3 h\u1ed9i c\u00f3 tr\u00e1ch nhi\u1ec7m.<\/p><p><br \/><strong>V\u1edbi gi\u00e1 tr\u1ecb c\u1ed1t l\u00f5i:<\/strong><\/p><p>\u25cf\u00a0<strong>Ph\u00e1t tri\u1ec3n xanh<\/strong>: Ph\u00e1t tri\u1ec3n v\u00ec m\u1ed9t n\u1ec1n n\u00f4ng nghi\u1ec7p xanh, b\u1ec1n v\u1eefng v\u00e0 th\u00e2n thi\u1ec7n m\u00f4i tr\u01b0\u1eddng.<\/p><p>\u25cf\u00a0<strong>B\u1ec1n v\u1eefng<\/strong>:\u00a0M\u1ee5c ti\u00eau \u0111\u1ea1t \u0111\u01b0\u1ee3c s\u1ef1 \u0111\u1ea7y \u0111\u1ee7 v\u1ec1 v\u1eadt ch\u1ea5t, s\u1ef1 gi\u00e0u c\u00f3 v\u1ec1 tinh th\u1ea7n v\u00e0 v\u0103n h\u00f3a, s\u1ef1 b\u00ecnh \u0111\u1eb3ng c\u1ee7a ng\u01b0\u1eddi lao \u0111\u1ed9ng, s\u1ef1 t\u00edn nhi\u1ec7m h\u00e0i l\u00f2ng c\u1ee7a kh\u00e1ch h\u00e0ng.\u00a0<\/p><p>\u25cf<strong>\u00a0V\u00ec c\u1ed9ng \u0111\u1ed3ng<\/strong>: \u0111\u1ec1 cao v\u00e0 \u0111\u1ea3m b\u1ea3o l\u1ed3ng gh\u00e9p qu\u00e1 tr\u00ecnh s\u1ea3n xu\u1ea5t v\u1edbi b\u1ea3o t\u1ed3n t\u00e0i nguy\u00ean v\u00e0 n\u00e2ng cao ch\u1ea5t l\u01b0\u1ee3ng m\u00f4i tr\u01b0\u1eddng. Quan t\u00e2m chia s\u1ebb l\u1ee3i \u00edch v\u1edbi c\u1ed9ng \u0111\u1ed3ng<\/p><p>\u25cf\u00a0<strong>\u0110\u1ed3ng h\u00e0nh:<\/strong>\u00a0Lu\u00f4n l\u00e0 b\u1ea1n \u0111\u1ed3ng h\u00e0nh c\u00f9ng Nh\u00e0 n\u00f4ng.<\/p>\t\t\t\t\t\t\t\t<\/div>\n\t\t\t\t\t<\/div>\n\t\t\t\t<\/div>\n\t\t<div class=\"elementor-element elementor-element-954067a e-flex e-con-boxed e-con e-parent\" data-id=\"954067a\" data-element_type=\"container\" data-e-type=\"container\">\n\t\t\t\t\t<div class=\"e-con-inner\">\n\t\t\t\t<div class=\"elementor-element elementor-element-c55b0e0 elementor--h-position-center elementor--v-position-middle elementor-arrows-position-inside elementor-pagination-position-inside elementor-widget elementor-widget-slides\" data-id=\"c55b0e0\" data-element_type=\"widget\" data-e-type=\"widget\" data-settings=\"{&quot;navigation&quot;:&quot;both&quot;,&quot;autoplay&quot;:&quot;yes&quot;,&quot;pause_on_hover&quot;:&quot;yes&quot;,&quot;pause_on_interaction&quot;:&quot;yes&quot;,&quot;autoplay_speed&quot;:5000,&quot;infinite&quot;:&quot;yes&quot;,&quot;transition&quot;:&quot;slide&quot;,&quot;transition_speed&quot;:500}\" data-widget_type=\"slides.default\">\n\t\t\t\t\t\t\t\t\t\t<div class=\"elementor-slides-wrapper elementor-main-swiper swiper\" role=\"region\" aria-roledescription=\"carousel\" aria-label=\"Slides\" dir=\"ltr\" data-animation=\"fadeInUp\">\n\t\t\t\t<div class=\"swiper-wrapper elementor-slides\">\n\t\t\t\t\t\t\t\t\t\t<div class=\"elementor-repeater-item-de2ca44 swiper-slide\" role=\"group\" aria-roledescription=\"slide\"><div class=\"swiper-slide-bg\" role=\"img\" aria-label=\"a13513s-7526\"><\/div><div class=\"elementor-background-overlay\"><\/div><div class=\"swiper-slide-inner\" ><div class=\"swiper-slide-contents\"><div class=\"elementor-slide-heading\">Khuy\u1ebfn kh\u00edch n\u00f4ng nghi\u1ec7p b\u1ec1n v\u1eefng<\/div><div class=\"elementor-slide-description\">Ph\u00e1t tri\u1ec3n c\u00e1c gi\u1ea3i ph\u00e1p th\u00f4ng minh ti\u1ebft ki\u1ec7m n\u0103ng l\u01b0\u1ee3ng trong m\u1ecdi d\u1ef1 \u00e1n \u0111\u1ea7u t\u01b0, c\u1ea3i t\u1ea1o, m\u1edf r\u1ed9ng m\u1edbi. \u0110\u1ed3ng th\u1eddi, ti\u1ebft ki\u1ec7m n\u0103ng l\u01b0\u1ee3ng, gi\u1ea3m \u0111\u1ecbnh m\u1ee9c ti\u00eau hao th\u00f4ng qua c\u00e1c s\u1ea3n ph\u1ea9m ph\u00e2n b\u00f3n \u0111\u01b0\u1ee3c nghi\u00ean c\u1ee9u t\u1ed1i \u01b0u qu\u00e1 tr\u00ecnh gi\u1ea3i ph\u00f3ng c\u00e1c ch\u1ea5t dinh d\u01b0\u1ee1ng c\u00f3 ki\u1ec3m so\u00e1t, nh\u1eb1m t\u1ed1i \u01b0u h\u00f3a hi\u1ec7u qu\u1ea3 s\u1eed d\u1ee5ng.<\/div><div  class=\"elementor-button elementor-slide-button elementor-size-sm\">Xem th\u00eam<\/div><\/div><\/div><\/div><div class=\"elementor-repeater-item-28e74a6 swiper-slide\" role=\"group\" aria-roledescription=\"slide\"><div class=\"swiper-slide-bg\" role=\"img\" aria-label=\"vi-sao-phai-tiet-kiem-dien-nang\"><\/div><div class=\"elementor-background-overlay\"><\/div><div class=\"swiper-slide-inner\" ><div class=\"swiper-slide-contents\"><div class=\"elementor-slide-heading\">Ti\u1ebft ki\u1ec7m n\u0103ng l\u01b0\u1ee3ng<\/div><div class=\"elementor-slide-description\">Ph\u00e1t tri\u1ec3n c\u00e1c gi\u1ea3i ph\u00e1p th\u00f4ng minh ti\u1ebft ki\u1ec7m n\u0103ng l\u01b0\u1ee3ng trong m\u1ecdi d\u1ef1 \u00e1n \u0111\u1ea7u t\u01b0, c\u1ea3i t\u1ea1o, m\u1edf r\u1ed9ng m\u1edbi. \u0110\u1ed3ng th\u1eddi, ti\u1ebft ki\u1ec7m n\u0103ng l\u01b0\u1ee3ng, gi\u1ea3m \u0111\u1ecbnh m\u1ee9c ti\u00eau hao th\u00f4ng qua c\u00e1c s\u1ea3n ph\u1ea9m ph\u00e2n b\u00f3n \u0111\u01b0\u1ee3c nghi\u00ean c\u1ee9u t\u1ed1i \u01b0u qu\u00e1 tr\u00ecnh gi\u1ea3i ph\u00f3ng c\u00e1c ch\u1ea5t dinh d\u01b0\u1ee1ng c\u00f3 ki\u1ec3m so\u00e1t, nh\u1eb1m t\u1ed1i \u01b0u h\u00f3a hi\u1ec7u qu\u1ea3 s\u1eed d\u1ee5ng.<\/div><div  class=\"elementor-button elementor-slide-button elementor-size-sm\">Xem th\u00eam<\/div><\/div><\/div><\/div><div class=\"elementor-repeater-item-54d6434 swiper-slide\" role=\"group\" aria-roledescription=\"slide\"><div class=\"swiper-slide-bg\" role=\"img\" aria-label=\"A hand holding a yellow resin heart adorned with a yellow bow, symbolizing &#039;Yellow September&#039;, underscoring the importance of mental health awareness and suicide prevention\"><\/div><div class=\"elementor-background-overlay\"><\/div><div class=\"swiper-slide-inner\" ><div class=\"swiper-slide-contents\"><div class=\"elementor-slide-heading\">S\u1ee9c kh\u1ecfe & H\u1ea1nh ph\u00fac<\/div><div class=\"elementor-slide-description\">Supe L\u00e2m Thao t\u1ef1 nh\u1eadn cam k\u1ebft cung c\u1ea5p cho nh\u00e2n vi\u00ean c\u1ee7a m\u00ecnh m\u1ed9t m\u00f4i tr\u01b0\u1eddng l\u00e0m vi\u1ec7c an to\u00e0n v\u00e0 l\u00e0nh m\u1ea1nh nh\u1ea5t. Ch\u00ednh s\u00e1ch an to\u00e0n c\u1ee7a Supe L\u00e2m Thao l\u00e0 m\u1ed9t ph\u1ea7n kh\u00f4ng th\u1ec3 thi\u1ebfu trong chi\u1ebfn l\u01b0\u1ee3c c\u1ee7a C\u00f4ng ty, v\u00e0 \u0111\u01b0\u1ee3c \u0111\u1ecbnh k\u1ef3 xem x\u00e9t, gi\u1ea3i th\u00edch cho t\u1ea5t c\u1ea3 nh\u00e2n vi\u00ean c\u1ee7a m\u00ecnh.<\/div><div  class=\"elementor-button elementor-slide-button elementor-size-sm\">Xem th\u00eam<\/div><\/div><\/div><\/div><div class=\"elementor-repeater-item-4910e6e swiper-slide\" role=\"group\" aria-roledescription=\"slide\"><div class=\"swiper-slide-bg\" role=\"img\" aria-label=\"z29099888145439c04c68c590fffec39693db9b79af03d-1636169613222888911061-1660967155495744772409-1695453101254685480559\"><\/div><div class=\"elementor-background-overlay\"><\/div><div class=\"swiper-slide-inner\" ><div class=\"swiper-slide-contents\"><div class=\"elementor-slide-heading\">G\u00f3p ph\u1ea7n ph\u00e1t tri\u1ec3n n\u0103ng l\u01b0\u1ee3ng xanh<\/div><div class=\"elementor-slide-description\">S\u1eed d\u1ee5ng ngu\u1ed3n nguy\u00ean li\u1ec7u sinh kh\u1ed1i, gi\u1ea3m s\u1eed d\u1ee5ng c\u00e1c nguy\u00ean li\u1ec7u h\u00f3a th\u1ea1ch. \nS\u1eed d\u1ee5ng ngu\u1ed3n \u0111i\u1ec7n c\u1ee7a h\u1ec7 th\u1ed1ng ph\u00e1t \u0111i\u1ec7n t\u1eeb h\u01a1i nhi\u1ec7t th\u1eeba trong qu\u00e1 tr\u00ecnh s\u1ea3n xu\u1ea5t a x\u00edt sunfuric, c\u00f4ng su\u1ea5t 3MW<\/div><div  class=\"elementor-button elementor-slide-button elementor-size-sm\">Xem th\u00eam<\/div><\/div><\/div><\/div><div class=\"elementor-repeater-item-c9a138c swiper-slide\" role=\"group\" aria-roledescription=\"slide\"><div class=\"swiper-slide-bg\" role=\"img\" aria-label=\"Picture3 (1)\"><\/div><div class=\"elementor-background-overlay\"><\/div><div class=\"swiper-slide-inner\" ><div class=\"swiper-slide-contents\"><div class=\"elementor-slide-heading\">C\u1ed9ng \u0111\u1ed3ng b\u1ec1n v\u1eefng<\/div><div class=\"elementor-slide-description\">S\u1ea3n xu\u1ea5t c\u00e1c s\u1ea3n ph\u1ea9m s\u1ea1ch t\u1eeb c\u00e1c ngu\u1ed3n nguy\u00ean li\u1ec7u s\u1ea1ch, \u0111\u01b0\u1ee3c ki\u1ec3m so\u00e1t b\u1eb1ng h\u1ec7 th\u1ed1ng qu\u1ea3n l\u00fd ch\u1ea5t l\u01b0\u1ee3ng theo ti\u00eau chu\u1ea9n ISO 9001:2015; C\u00e1c s\u1ea3n ph\u1ea9m kh\u00f4ng g\u00e2y h\u1ea1i m\u00f4i tr\u01b0\u1eddng; Ki\u1ec3m so\u00e1t m\u00f4i tr\u01b0\u1eddng theo ti\u00eau chu\u1ea9n ISO 14001:2015; \u0110\u1ea3m b\u1ea3o tuy\u1ec7t \u0111\u1ed1i an to\u00e0n cho nh\u00e2n vi\u00ean v\u00e0 kh\u00e1ch h\u00e0ng theo theo ti\u00eau chu\u1ea9n ISO 45001:2018.<\/div><div  class=\"elementor-button elementor-slide-button elementor-size-sm\">Xem th\u00eam<\/div><\/div><\/div><\/div>\t\t\t\t<\/div>\n\t\t\t\t\t\t\t\t\t\t\t\t\t\t\t<div class=\"elementor-swiper-button elementor-swiper-button-prev\" role=\"button\" tabindex=\"0\" aria-label=\"Previous slide\">\n\t\t\t\t\t\t\t<svg aria-hidden=\"true\" class=\"e-font-icon-svg e-eicon-chevron-left\" viewBox=\"0 0 1000 1000\" xmlns=\"http:\/\/www.w3.org\/2000\/svg\"><path d=\"M646 125C629 125 613 133 604 142L308 442C296 454 292 471 292 487 292 504 296 521 308 533L604 854C617 867 629 875 646 875 663 875 679 871 692 858 704 846 713 829 713 812 713 796 708 779 692 767L438 487 692 225C700 217 708 204 708 187 708 171 704 154 692 142 675 129 663 125 646 125Z\"><\/path><\/svg>\t\t\t\t\t\t<\/div>\n\t\t\t\t\t\t<div class=\"elementor-swiper-button elementor-swiper-button-next\" role=\"button\" tabindex=\"0\" aria-label=\"Next slide\">\n\t\t\t\t\t\t\t<svg aria-hidden=\"true\" class=\"e-font-icon-svg e-eicon-chevron-right\" viewBox=\"0 0 1000 1000\" xmlns=\"http:\/\/www.w3.org\/2000\/svg\"><path d=\"M696 533C708 521 713 504 713 487 713 471 708 454 696 446L400 146C388 133 375 125 354 125 338 125 325 129 313 142 300 154 292 171 292 187 292 204 296 221 308 233L563 492 304 771C292 783 288 800 288 817 288 833 296 850 308 863 321 871 338 875 354 875 371 875 388 867 400 854L696 533Z\"><\/path><\/svg>\t\t\t\t\t\t<\/div>\n\t\t\t\t\t\t\t\t\t\t\t\t\t\t\t\t<div class=\"swiper-pagination\"><\/div>\n\t\t\t\t\t\t\t\t\t\t\t\t<\/div>\n\t\t\t\t\t\t\t\t<\/div>\n\t\t\t\t\t<\/div>\n\t\t\t\t<\/div>\n\t\t<div class=\"elementor-element elementor-element-dfa5328 e-flex e-con-boxed e-con e-parent\" data-id=\"dfa5328\" data-element_type=\"container\" data-e-type=\"container\">\n\t\t\t\t\t<div class=\"e-con-inner\">\n\t\t<div class=\"elementor-element elementor-element-3cd663e e-con-full e-flex e-con e-child\" data-id=\"3cd663e\" data-element_type=\"container\" data-e-type=\"container\">\n\t\t\t\t<div class=\"elementor-element elementor-element-3b610e1 elementor-widget elementor-widget-text-editor\" data-id=\"3b610e1\" data-element_type=\"widget\" data-e-type=\"widget\" data-widget_type=\"text-editor.default\">\n\t\t\t\t\t\t\t\t\t<h4>Supe L\u00e2m Thao \u0111\u00e3 t\u1ef1 \u0111\u1eb7t ra cho m\u00ecnh th\u00e1ch th\u1ee9c tr\u1edf th\u00e0nh m\u1ed9t ph\u1ea7n c\u1ee7a n\u1ed7 l\u1ef1c to\u00e0n c\u1ea7u v\u00e0 h\u00e0nh \u0111\u1ed9ng ph\u00f9 h\u1ee3p v\u1edbi c\u00e1c m\u1ee5c ti\u00eau c\u1ee7a Ch\u01b0\u01a1ng tr\u00ecnh Ph\u00e1t tri\u1ec3n B\u1ec1n v\u1eefng c\u1ee7a Li\u00ean h\u1ee3p qu\u1ed1c. B\u1eb1ng c\u00e1ch s\u1eed d\u1ee5ng c\u00e1c bi\u1ec7n ph\u00e1p s\u00e1ng t\u1ea1o, ti\u00ean phong v\u00e0 \u0111\u1ed9t ph\u00e1, t\u00edch h\u1ee3p ba kh\u00eda c\u1ea1nh kinh t\u1ebf, x\u00e3 h\u1ed9i v\u00e0 m\u00f4i tr\u01b0\u1eddng, Supe L\u00e2m Thao \u0111ang n\u1ed7 l\u1ef1c \u0111\u1ec3 \u0111\u1ea1t \u0111\u01b0\u1ee3c 17 nguy\u00ean t\u1eafc c\u1ee7a Ch\u01b0\u01a1ng tr\u00ecnh Ph\u00e1t tri\u1ec3n B\u1ec1n v\u1eefng.<\/h4>\t\t\t\t\t\t\t\t<\/div>\n\t\t\t\t<\/div>\n\t\t<div class=\"elementor-element elementor-element-5bc4963 e-con-full e-flex e-con e-child\" data-id=\"5bc4963\" data-element_type=\"container\" data-e-type=\"container\">\n\t\t\t\t\t\t\t\n\t\t<img class=\"e-image-base \" \n\t\t\t\t\tdata-interaction-id=\"e9fba92\" \n\t\t \n\t\t data-e-type=\"widget\" data-id=\"e9fba92\"\n\t\t\t\t\t\t\t\t\tid=\"319\"\n\t\t\t\t\t\t\t\t\t\t\t\tsrc=\"https:\/\/supelamthao.vn\/wp-content\/uploads\/2025\/10\/Hiep-uoc-UN.png\"\n\t\t\t\t\t\t\t\t\t\t\t\twidth=\"501\"\n\t\t\t\t\t\t\t\t\t\t\t\theight=\"550\"\n\t\t\t\t\t\t\t\t\t\t\t\tsrcset=\"https:\/\/supelamthao.vn\/wp-content\/uploads\/2025\/10\/Hiep-uoc-UN.png 501w, https:\/\/supelamthao.vn\/wp-content\/uploads\/2025\/10\/Hiep-uoc-UN-273x300.png 273w\"\n\t\t\t\t\t\t\t\t\t\t\t\talt=\"\"\n\t\t\t\t\t\t\/>\n\t\t\t\t\t<\/div>\n\t\t\t\t\t<\/div>\n\t\t\t\t<\/div>\n\t\t\t\t<\/div>\n\t\t","protected":false},"excerpt":{"rendered":"<p>B\u1ea3o v\u1ec7 m\u00f4i tr\u01b0\u1eddng v\u00e0 h\u01a1n th\u1ebf n\u1eefa. Supe L\u00e2m Thao \u01b0u ti\u00ean ph\u00e1t tri\u1ec3n b\u1ec1n v\u1eefng v\u00e0 d\u1eabn \u0111\u1ea7u c\u00e1c ho\u1ea1t [&hellip;]<\/p>\n","protected":false},"author":1,"featured_media":0,"parent":0,"menu_order":0,"comment_status":"closed","ping_status":"closed","template":"","meta":{"footnotes":""},"class_list":["post-299","page","type-page","status-publish","hentry"],"_links":{"self":[{"href":"https:\/\/supelamthao.vn\/index.php?rest_route=\/wp\/v2\/pages\/299","targetHints":{"allow":["GET"]}}],"collection":[{"href":"https:\/\/supelamthao.vn\/index.php?rest_route=\/wp\/v2\/pages"}],"about":[{"href":"https:\/\/supelamthao.vn\/index.php?rest_route=\/wp\/v2\/types\/page"}],"author":[{"embeddable":true,"href":"https:\/\/supelamthao.vn\/index.php?rest_route=\/wp\/v2\/users\/1"}],"replies":[{"embeddable":true,"href":"https:\/\/supelamthao.vn\/index.php?rest_route=%2Fwp%2Fv2%2Fcomments&post=299"}],"version-history":[{"count":10,"href":"https:\/\/supelamthao.vn\/index.php?rest_route=\/wp\/v2\/pages\/299\/revisions"}],"predecessor-version":[{"id":322,"href":"https:\/\/supelamthao.vn\/index.php?rest_route=\/wp\/v2\/pages\/299\/revisions\/322"}],"wp:attachment":[{"href":"https:\/\/supelamthao.vn\/index.php?rest_route=%2Fwp%2Fv2%2Fmedia&parent=299"}],"curies":[{"name":"wp","href":"https:\/\/api.w.org\/{rel}","templated":true}]}}