{"id":146,"date":"2025-09-26T09:47:27","date_gmt":"2025-09-26T09:47:27","guid":{"rendered":"http:\/\/localhost\/supelamthao\/?page_id=146"},"modified":"2025-10-23T10:52:06","modified_gmt":"2025-10-23T10:52:06","slug":"ve-chung-toi","status":"publish","type":"page","link":"https:\/\/supelamthao.vn\/?page_id=146","title":{"rendered":"V\u1ec1 ch\u00fang t\u00f4i"},"content":{"rendered":"\t\t<div data-elementor-type=\"wp-page\" data-elementor-id=\"146\" class=\"elementor elementor-146\" data-elementor-settings=\"{&quot;element_pack_global_tooltip_width&quot;:{&quot;unit&quot;:&quot;px&quot;,&quot;size&quot;:&quot;&quot;,&quot;sizes&quot;:[]},&quot;element_pack_global_tooltip_width_tablet&quot;:{&quot;unit&quot;:&quot;px&quot;,&quot;size&quot;:&quot;&quot;,&quot;sizes&quot;:[]},&quot;element_pack_global_tooltip_width_mobile&quot;:{&quot;unit&quot;:&quot;px&quot;,&quot;size&quot;:&quot;&quot;,&quot;sizes&quot;:[]},&quot;element_pack_global_tooltip_padding&quot;:{&quot;unit&quot;:&quot;px&quot;,&quot;top&quot;:&quot;&quot;,&quot;right&quot;:&quot;&quot;,&quot;bottom&quot;:&quot;&quot;,&quot;left&quot;:&quot;&quot;,&quot;isLinked&quot;:true},&quot;element_pack_global_tooltip_padding_tablet&quot;:{&quot;unit&quot;:&quot;px&quot;,&quot;top&quot;:&quot;&quot;,&quot;right&quot;:&quot;&quot;,&quot;bottom&quot;:&quot;&quot;,&quot;left&quot;:&quot;&quot;,&quot;isLinked&quot;:true},&quot;element_pack_global_tooltip_padding_mobile&quot;:{&quot;unit&quot;:&quot;px&quot;,&quot;top&quot;:&quot;&quot;,&quot;right&quot;:&quot;&quot;,&quot;bottom&quot;:&quot;&quot;,&quot;left&quot;:&quot;&quot;,&quot;isLinked&quot;:true},&quot;element_pack_global_tooltip_border_radius&quot;:{&quot;unit&quot;:&quot;px&quot;,&quot;top&quot;:&quot;&quot;,&quot;right&quot;:&quot;&quot;,&quot;bottom&quot;:&quot;&quot;,&quot;left&quot;:&quot;&quot;,&quot;isLinked&quot;:true},&quot;element_pack_global_tooltip_border_radius_tablet&quot;:{&quot;unit&quot;:&quot;px&quot;,&quot;top&quot;:&quot;&quot;,&quot;right&quot;:&quot;&quot;,&quot;bottom&quot;:&quot;&quot;,&quot;left&quot;:&quot;&quot;,&quot;isLinked&quot;:true},&quot;element_pack_global_tooltip_border_radius_mobile&quot;:{&quot;unit&quot;:&quot;px&quot;,&quot;top&quot;:&quot;&quot;,&quot;right&quot;:&quot;&quot;,&quot;bottom&quot;:&quot;&quot;,&quot;left&quot;:&quot;&quot;,&quot;isLinked&quot;:true}}\" data-elementor-post-type=\"page\">\n\t\t\t\t<div class=\"elementor-element elementor-element-8e8a905 e-flex e-con-boxed e-con e-parent\" data-id=\"8e8a905\" data-element_type=\"container\" data-e-type=\"container\">\n\t\t\t\t\t<div class=\"e-con-inner\">\n\t\t\t\t\t<\/div>\n\t\t\t\t<\/div>\n\t\t<div class=\"elementor-element elementor-element-df967a9 e-flex e-con-boxed e-con e-parent\" data-id=\"df967a9\" data-element_type=\"container\" data-e-type=\"container\">\n\t\t\t\t\t<div class=\"e-con-inner\">\n\t\t\t\t<div class=\"elementor-element elementor-element-9569e82 elementor-widget elementor-widget-text-editor\" data-id=\"9569e82\" data-element_type=\"widget\" data-e-type=\"widget\" data-widget_type=\"text-editor.default\">\n\t\t\t\t\t\t\t\t\t<div>H\u01a1n\u00a0n\u1eeda th\u1ebf k\u1ef7\u00a0x\u00e2y d\u1ef1ng v\u00e0 ph\u00e1t tri\u1ec3n,\u00a0C\u00f4ng ty CP Supe Ph\u1ed1t ph\u00e1t &amp; H\u00f3a ch\u1ea5t\u00a0L\u00e2m Thao lu\u00f4n ph\u00e1t huy vai tr\u00f2 l\u00e0 l\u00e1 c\u1edd \u0111\u1ea7u trong ng\u00e0nh s\u1ea3n xu\u1ea5t ph\u00e2n b\u00f3n c\u1ea3 n\u01b0\u1edbc, g\u00f3p ph\u1ea7n \u0111\u1ea3m b\u1ea3o an ninh l\u01b0\u01a1ng th\u1ef1c qu\u1ed1c gia v\u00e0 x\u00e2y d\u1ef1ng n\u1ec1n n\u00f4ng nghi\u1ec7p Vi\u1ec7t Nam ph\u00e1t tri\u1ec3n b\u1ec1n v\u1eefng.<\/div><div>\u00a0<\/div><div>Supe L\u00e2m Thao t\u1ef1 h\u00e0o l\u00e0 \u0111\u01a1n v\u1ecb mang \u0111\u1ebfn s\u1ea3n ph\u1ea9m ph\u00e2n b\u00f3n t\u1ed1t, ch\u1ea5t l\u01b0\u1ee3ng cao,\u00a0cung c\u1ea5p dinh d\u01b0\u1ee1ng t\u1ed1i \u01b0u\u00a0cho nhi\u1ec1u lo\u1ea1i c\u00e2y tr\u1ed3ng tr\u00ean nhi\u1ec1u v\u00f9ng \u0111\u1ea5t kh\u00e1c nhau,\u00a0ph\u00e2n b\u00f3n L\u00e2m Thao v\u1edbi\u00a0th\u01b0\u01a1ng hi\u1ec7u \u201c<strong>Ba nh\u00e0nh l\u00e1 c\u1ecd xanh<\/strong>\u201d\u00a0\u0111\u01b0\u1ee3c \u0111\u00f4ng \u0111\u1ea3o b\u00e0 con n\u00f4ng d\u00e2n trong n\u01b0\u1edbc tin d\u00f9ng, b\u1ea1n b\u00e8 qu\u1ed1c t\u1ebf \u01b0a chu\u1ed9ng.<\/div><div>\u00a0<\/div><div>Trong t\u01b0\u01a1ng lai, Supe L\u00e2m Thao ti\u1ebfp t\u1ee5c n\u1ed7 l\u1ef1c \u0111\u1ea7u t\u01b0, \u1ee9ng d\u1ee5ng khoa h\u1ecdc k\u1ef9 thu\u1eadt ti\u00ean ti\u1ebfn \u0111\u1ec3 nghi\u00ean c\u1ee9u gi\u1ea3i ph\u00e1p cung c\u1ea5p v\u01b0\u1ee3t tr\u1ed9i, \u01b0u ti\u00ean ph\u00e1t tri\u1ec3n cho m\u1ecdi lo\u1ea1i c\u00e2y tr\u1ed3ng, nh\u01b0ng v\u1eabn b\u1ea3o \u0111\u1ea3m th\u00e2n thi\u1ec7n v\u1edbi m\u00f4i tr\u01b0\u1eddng, \u0111\u1ec3 kh\u00f4ng ng\u1eebng mang \u0111\u1ebfn cho b\u00e0 con n\u00f4ng d\u00e2n nh\u1eefng s\u1ea3n ph\u1ea9m ch\u1ea5t l\u01b0\u1ee3ng cao nh\u1ea5t.<\/div><div>\u00a0<\/div><div>V\u1edbi h\u1ec7 th\u1ed1ng nh\u00e0 ph\u00e2n ph\u1ed1i r\u1ed9ng kh\u1eafp c\u1ea3 n\u01b0\u1edbc, ch\u00fang t\u00f4i cam k\u1ebft duy tr\u00ec v\u00e0 m\u1edf r\u1ed9ng th\u1ecb tr\u01b0\u1eddng t\u1edbi m\u1ecdi mi\u1ec1n, h\u01b0\u1edbng t\u1edbi t\u0103ng c\u01b0\u1eddng s\u1ef1 hi\u1ec3u bi\u1ebft v\u00e0 li\u00ean k\u1ebft v\u1edbi kh\u00e1ch h\u00e0ng, g\u00f3p ph\u1ea7n mang \u0111\u1ebfn nh\u1eefng m\u00f9a v\u00e0ng b\u1ed9i thu<em>.<\/em><\/div>\t\t\t\t\t\t\t\t<\/div>\n\t\t\t\t\t<\/div>\n\t\t\t\t<\/div>\n\t\t<div class=\"elementor-element elementor-element-bc704d2 e-flex e-con-boxed e-con e-parent\" data-id=\"bc704d2\" data-element_type=\"container\" data-e-type=\"container\" data-settings=\"{&quot;background_background&quot;:&quot;classic&quot;}\">\n\t\t\t\t\t<div class=\"e-con-inner\">\n\t\t<div class=\"elementor-element elementor-element-665225a e-grid e-con-boxed e-con e-child\" data-id=\"665225a\" data-element_type=\"container\" data-e-type=\"container\">\n\t\t\t\t\t<div class=\"e-con-inner\">\n\t\t\t\t<div class=\"elementor-element elementor-element-ddf282e elementor-widget elementor-widget-text-editor\" data-id=\"ddf282e\" data-element_type=\"widget\" data-e-type=\"widget\" data-widget_type=\"text-editor.default\">\n\t\t\t\t\t\t\t\t\t<div class=\"field field-name-field-title-icon field-type-text field-label-hidden\"><div class=\"field-items\"><div class=\"field-item even\" style=\"text-align: center;\"><strong><span style=\"color: #008000;\">B\u1ea1n c\u1ee7a Nh\u00e0 n\u00f4ng<\/span><\/strong><\/div><\/div><\/div><div class=\"field field-name-field-desc-iconabout field-type-text-long field-label-hidden\"><div class=\"field-items xx\"><p>V\u1edbi\u00a0 Supe L\u00e2m Thao, ch\u00fang t\u00f4i lu\u00f4n &#8220;\u0111\u1eb7t v\u1ecb tr\u00ed&#8221; c\u1ee7a m\u00ecnh nh\u01b0 nh\u1eefng ng\u01b0\u1eddi n\u00f4ng d\u00e2n th\u1ef1c th\u1ee5. Nh\u1eadn th\u1ee9c \u0111\u01b0\u1ee3c nh\u1eefng kh\u00f3 kh\u0103n m\u00e0 h\u1ecd ph\u1ea3i \u0111\u1ed1i m\u1eb7t, ch\u00fang t\u00f4i c\u1ed1 g\u1eafng cung c\u1ea5p c\u00e1c s\u1ea3n ph\u1ea9m v\u00e0 d\u1ecbch v\u1ee5 ph\u00f9 h\u1ee3p v\u1edbi t\u1eebng m\u00f4i tr\u01b0\u1eddng c\u1ee5 th\u1ec3. Th\u00f4ng qua nh\u1eefng nh\u00e0 ph\u00e2n ph\u00e2n ph\u1ed1i tr\u00ean c\u1ea3 n\u01b0\u1edbc, ch\u00fang t\u00f4i th\u01b0\u1eddng xuy\u00ean k\u1ebft n\u1ed1i v\u1edbi ng\u01b0\u1eddi n\u00f4ng d\u00e2n, l\u1eafng nghe nhu c\u1ea7u c\u1ee7a h\u1ecd, t\u1eeb \u0111\u00f3 chia s\u1ebb ki\u1ebfn \u200b\u200bth\u1ee9c v\u00e0 cung c\u1ea5p c\u00e1c gi\u1ea3i ph\u00e1p dinh d\u01b0\u1ee1ng n\u00f4ng nghi\u1ec7p ph\u00f9 h\u1ee3p v\u1edbi mong mu\u1ed1n c\u1ee7a h\u1ecd.<\/p><\/div><\/div>\t\t\t\t\t\t\t\t<\/div>\n\t\t\t\t<div class=\"elementor-element elementor-element-9783208 elementor-widget elementor-widget-text-editor\" data-id=\"9783208\" data-element_type=\"widget\" data-e-type=\"widget\" data-widget_type=\"text-editor.default\">\n\t\t\t\t\t\t\t\t\t<div class=\"field field-name-field-title-icon field-type-text field-label-hidden\"><div class=\"field-items\"><div class=\"field-item even\" style=\"text-align: center;\"><strong><span style=\"color: #008000;\">Ph\u00e1t tri\u1ec3n b\u1ec1n v\u1eefng<\/span><\/strong><\/div><\/div><\/div><div class=\"field field-name-field-desc-iconabout field-type-text-long field-label-hidden\"><div class=\"field-items xx\"><p>H\u01b0\u1edbng t\u1edbi th\u00fac \u0111\u1ea9y n\u1ec1n n\u00f4ng nghi\u1ec7p qu\u1ed1c gia ph\u00e1t tri\u1ec3n v\u00e0 b\u1ec1n v\u1eefng, Supe L\u00e2m Thao lu\u00f4n \u0111\u1eb7t s\u1ef1 th\u00e2n thi\u1ec7n v\u1edbi m\u00f4i tr\u01b0\u1eddng l\u00ean h\u00e0ng \u0111\u1ea7u trong c\u00e1c m\u1ed1i quan t\u00e2m c\u1ee7a m\u00ecnh, c\u1ed1 g\u1eafng gi\u1ea3m thi\u1ec3u t\u00e1c \u0111\u1ed9ng sinh th\u00e1i li\u00ean quan \u0111\u1ebfn t\u1ea5t c\u1ea3 c\u00e1c ho\u1ea1t \u0111\u1ed9ng v\u00e0 s\u1ea3n ph\u1ea9m. V\u00ec m\u1ed1i li\u00ean h\u1ec7 s\u00e2u s\u1eafc v\u1edbi m\u00f4i tr\u01b0\u1eddng, ch\u00fang t\u00f4i n\u1ed7 l\u1ef1c h\u1ebft m\u00ecnh v\u1edbi nh\u1eefng h\u00e0nh \u0111\u1ed9ng ph\u00f9 h\u1ee3p, h\u01b0\u1edbng t\u1edbi \u0111\u1ea3m b\u1ea3o ph\u00e1t tri\u1ec3n b\u1ec1n v\u1eefng song h\u00e0nh v\u1edbi \u0111\u1ea3m b\u1ea3o an to\u00e0n m\u00f4i tr\u01b0\u1eddng.<\/p><\/div><\/div>\t\t\t\t\t\t\t\t<\/div>\n\t\t\t\t<div class=\"elementor-element elementor-element-2f4a171 elementor-widget elementor-widget-text-editor\" data-id=\"2f4a171\" data-element_type=\"widget\" data-e-type=\"widget\" data-widget_type=\"text-editor.default\">\n\t\t\t\t\t\t\t\t\t<p style=\"font-weight: 600; text-align: center;\"><span style=\"color: #008000;\">T\u0103ng n\u0103ng su\u1ea5t<\/span><\/p><p>N\u00f4ng nghi\u1ec7p hi\u1ec7n \u0111\u1ea1i l\u00e0 \u0111i\u1ec1u c\u1ea7n thi\u1ebft \u0111\u1ec3 ph\u00e1t tri\u1ec3n n\u00f4ng nghi\u1ec7p Vi\u1ec7t Nam hi\u1ec7u qu\u1ea3, \u1ee9ng ph\u00f3 th\u00e0nh c\u00f4ng tr\u01b0\u1edbc s\u1ef1 gia t\u0103ng nhanh ch\u00f3ng c\u1ee7a d\u00e2n s\u1ed1 c\u0169ng nh\u01b0 nh\u1eefng t\u00e1c \u0111\u1ed9ng ti\u00eau c\u1ef1c c\u1ee7a bi\u1ebfn \u0111\u1ed5i kh\u00ed h\u1eadu, Supe L\u00e2m Thao cam k\u1ebft cung c\u1ea5p nh\u1eefng ph\u00e1t tri\u1ec3n \u0111\u1ed9t ph\u00e1, cho ph\u00e9p nu\u00f4i d\u01b0\u1ee1ng c\u00e2y tr\u1ed3ng \u0111\u1ea1t hi\u1ec7u qu\u1ea3 t\u1ed1i \u0111a, c\u00e1c s\u1ea3n ph\u1ea9m cung c\u1ea5p nhi\u1ec1u dinh d\u01b0\u1ee1ng h\u01a1n trong \u0111i\u1ec1u ki\u1ec7n t\u1ed1i \u01b0u.<\/p>\t\t\t\t\t\t\t\t<\/div>\n\t\t\t\t<div class=\"elementor-element elementor-element-fe3ccf2 elementor-widget elementor-widget-text-editor\" data-id=\"fe3ccf2\" data-element_type=\"widget\" data-e-type=\"widget\" data-widget_type=\"text-editor.default\">\n\t\t\t\t\t\t\t\t\t<p style=\"font-weight: 600; text-align: center;\"><span style=\"color: #008000;\">Ti\u00ean phong v\u00ec s\u1ef1 ph\u00e1t tri\u1ec3n<\/span><\/p><p>S\u1ee9 m\u1ec7nh quan tr\u1ecdng c\u1ee7a Supe L\u00e2m Thao l\u00e0 s\u1ea3n xu\u1ea5t th\u00e0nh c\u00f4ng c\u00e1c s\u1ea3n ph\u1ea9m ph\u00e2n b\u00f3n c\u00f3 ch\u1ea5t l\u01b0\u1ee3ng v\u01b0\u1ee3t tr\u1ed9i, cung c\u1ea5p cho ng\u01b0\u1eddi d\u00e2n trong s\u1ea3n xu\u1ea5t n\u00f4ng nghi\u1ec7p, nh\u1eb1m t\u0103ng c\u01b0\u1eddng dinh d\u01b0\u1ee1ng cho c\u00e2y tr\u1ed3ng, gi\u00fap t\u0103ng l\u1ee3i nhu\u1eadn cho ng\u01b0\u1eddi d\u00e2n v\u00e0 gi\u1ea3m thi\u1ec3u t\u00e1c h\u1ea1i \u0111\u1ebfn m\u00f4i tr\u01b0\u1eddng. \u0110\u1ed3ng th\u1eddi l\u00e0m t\u1ed1t c\u00e1c ch\u01b0\u01a1ng tr\u00ecnh \u0111\u1ed3ng h\u00e0nh c\u00f9ng ng\u01b0\u1eddi n\u00f4ng d\u00e2n trong s\u1ea3n xu\u1ea5t n\u00f4ng nghi\u1ec7p, kh\u00f4ng ng\u1eebng gi\u00fap h\u1ecd ti\u1ebfp c\u1eadn v\u1edbi ti\u1ebfn b\u1ed9 khoa h\u1ecdc k\u1ef9 thu\u1eadt,\u00a0 kh\u1ea3 n\u0103ng s\u1ea3n xu\u1ea5t \u0111\u1ea1t hi\u1ec7u qu\u1ea3 cao.<\/p>\t\t\t\t\t\t\t\t<\/div>\n\t\t\t\t\t<\/div>\n\t\t\t\t<\/div>\n\t\t\t\t\t<\/div>\n\t\t\t\t<\/div>\n\t\t<div class=\"elementor-element elementor-element-5e533ff e-con-full e-flex e-con e-parent\" data-id=\"5e533ff\" data-element_type=\"container\" data-e-type=\"container\">\n\t\t<div class=\"elementor-element elementor-element-1b8e0a3 e-con-full e-flex e-con e-child\" data-id=\"1b8e0a3\" data-element_type=\"container\" data-e-type=\"container\">\n\t\t\t\t<div class=\"elementor-element elementor-element-1ee1154 elementor-widget-divider--view-line_text elementor-widget-divider--separator-type-pattern elementor-widget-divider--element-align-center elementor-widget elementor-widget-divider\" data-id=\"1ee1154\" data-element_type=\"widget\" data-e-type=\"widget\" data-widget_type=\"divider.default\">\n\t\t\t\t\t\t\t<div class=\"elementor-divider\" style=\"--divider-pattern-url: url(&quot;data:image\/svg+xml,%3Csvg xmlns=&#039;http:\/\/www.w3.org\/2000\/svg&#039; preserveAspectRatio=&#039;none&#039; overflow=&#039;visible&#039; height=&#039;100%&#039; viewBox=&#039;0 0 24 24&#039; fill=&#039;none&#039; stroke=&#039;black&#039; stroke-width=&#039;1&#039; stroke-linecap=&#039;square&#039; stroke-miterlimit=&#039;10&#039;%3E%3Cpath d=&#039;M0,21c3.3,0,8.3-0.9,15.7-7.1c6.6-5.4,4.4-9.3,2.4-10.3c-3.4-1.8-7.7,1.3-7.3,8.8C11.2,20,17.1,21,24,21&#039;\/%3E%3C\/svg%3E&quot;);\">\n\t\t\t<span class=\"elementor-divider-separator\">\n\t\t\t\t\t\t\t<h2 class=\"elementor-divider__text elementor-divider__element\">\n\t\t\t\tT\u00ccM HI\u1ec2U V\u1ec0 SUPE L\u00c2M THAO\t\t\t\t<\/h2>\n\t\t\t\t\t\t<\/span>\n\t\t<\/div>\n\t\t\t\t\t\t<\/div>\n\t\t\t\t<\/div>\n\t\t\t\t<\/div>\n\t\t<div class=\"elementor-element elementor-element-d618472 e-flex e-con-boxed e-con e-parent\" data-id=\"d618472\" data-element_type=\"container\" data-e-type=\"container\">\n\t\t\t\t\t<div class=\"e-con-inner\">\n\t\t<div class=\"elementor-element elementor-element-5c17fce e-con-full e-flex e-con e-child\" data-id=\"5c17fce\" data-element_type=\"container\" data-e-type=\"container\">\n\t\t\t\t<div class=\"elementor-element elementor-element-3c5a0bc bdt-item-transition-content elementor-widget elementor-widget-bdt-trailer-box\" data-id=\"3c5a0bc\" data-element_type=\"widget\" data-e-type=\"widget\" data-widget_type=\"bdt-trailer-box.default\">\n\t\t\t\t\t\n\t\t\t\t\t<div onclick=\"window.open('\/?page_id=261','_self');\" style=\"cursor: pointer;\">\n\t\t\n\t\t\n\t\t\t<div class=\"bdt-trailer-box bdt-position-relative\">\n\t\t\t\t<div class=\"bdt-trailer-box-desc  bdt-position-bottom-left\">\n\t\t\t\t\t<div class=\"bdt-trailer-box-desc-inner\">\n\t\t\t\t\t\t\n\t\t\t\t\t\t\t\t\t\t\t\t\t<div class=\"bdt-trailer-box-title-wrap\">\n\t\t\t\t\t\t\t\t<h3 class=\"bdt-trailer-box-title\">\n\t\t\t\t\t\t\t\t\t\u0110\u1ed9i ng\u0169 l\u00e3nh \u0111\u1ea1o\t\t\t\t\t\t\t\t<\/h3>\n\t\t\t\t\t\t\t<\/div>\n\t\t\t\t\t\t\n\t\t\t\t\t\t\t\t\t\t\t\t\t<div class=\"bdt-trailer-box-text\"><p>C\u00f9ng t\u00ecm hi\u1ec3u \u0111\u1ed9i ng\u0169 l\u00e3nh \u0111\u1ea1o \u0111\u1ea7y t\u00e2m huy\u1ebft \u0111\u00e3 d\u1eabn d\u1eaft Supe L\u00e2m Thao<\/p><\/div>\n\t\t\t\t\t\t\n\t\t\t\t\t\t\t\t\t\t\t\t\t\n\t\t\n\t\t\t\t\t\t\t\t\t\t\t\t\t<\/div>\n\t\t\t\t\t\n\t\t\t\t<\/div>\n\t\t\t\t\n\t\t\t<\/div>\n\n\t\t\t\n\t\t\t\t\t<\/div>\n\t\t\n\t\t\t\t\t\t<\/div>\n\t\t\t\t<\/div>\n\t\t\t\t\t<\/div>\n\t\t\t\t<\/div>\n\t\t\t\t<\/div>\n\t\t","protected":false},"excerpt":{"rendered":"<p>V\u1ec1 Supe L\u00e2m Thao H\u01a1n\u00a0n\u1eeda th\u1ebf k\u1ef7\u00a0x\u00e2y d\u1ef1ng v\u00e0 ph\u00e1t tri\u1ec3n,\u00a0C\u00f4ng ty CP Supe Ph\u1ed1t ph\u00e1t &amp; H\u00f3a ch\u1ea5t\u00a0L\u00e2m Thao lu\u00f4n ph\u00e1t [&hellip;]<\/p>\n","protected":false},"author":1,"featured_media":0,"parent":0,"menu_order":0,"comment_status":"closed","ping_status":"closed","template":"","meta":{"footnotes":""},"class_list":["post-146","page","type-page","status-publish","hentry"],"_links":{"self":[{"href":"https:\/\/supelamthao.vn\/index.php?rest_route=\/wp\/v2\/pages\/146","targetHints":{"allow":["GET"]}}],"collection":[{"href":"https:\/\/supelamthao.vn\/index.php?rest_route=\/wp\/v2\/pages"}],"about":[{"href":"https:\/\/supelamthao.vn\/index.php?rest_route=\/wp\/v2\/types\/page"}],"author":[{"embeddable":true,"href":"https:\/\/supelamthao.vn\/index.php?rest_route=\/wp\/v2\/users\/1"}],"replies":[{"embeddable":true,"href":"https:\/\/supelamthao.vn\/index.php?rest_route=%2Fwp%2Fv2%2Fcomments&post=146"}],"version-history":[{"count":14,"href":"https:\/\/supelamthao.vn\/index.php?rest_route=\/wp\/v2\/pages\/146\/revisions"}],"predecessor-version":[{"id":1167,"href":"https:\/\/supelamthao.vn\/index.php?rest_route=\/wp\/v2\/pages\/146\/revisions\/1167"}],"wp:attachment":[{"href":"https:\/\/supelamthao.vn\/index.php?rest_route=%2Fwp%2Fv2%2Fmedia&parent=146"}],"curies":[{"name":"wp","href":"https:\/\/api.w.org\/{rel}","templated":true}]}}